{"id":49865,"date":"2023-12-12T12:32:46","date_gmt":"2023-12-12T11:32:46","guid":{"rendered":"https:\/\/pet-shopping.de\/shop\/produkt\/pfiffikus-streufutter-10kg\/"},"modified":"2023-12-12T12:32:48","modified_gmt":"2023-12-12T11:32:48","slug":"pfiffikus-streufutter-10kg","status":"publish","type":"product","link":"https:\/\/all-pets.de\/shop\/produkt\/pfiffikus-streufutter-10kg\/","title":{"rendered":"Pfiffikus Streufutter 10kg"},"content":{"rendered":"<p>Streufutter f\u00fcr Wildv\u00f6gel, die gesunde Mischung aus K\u00f6rnern, Saaten und Getreidesorten. Die nat\u00fcrlichen Zutaten sind Ambrosia kontrolliert und k\u00f6nnen bedenkenlos im Futterhaus gestreut werden. Speziell f\u00fcr K\u00f6rnerfresser wie Finken, Sperlinge und Gimpel oder Allesfresser wie Meisen, Spechte und Kleiber entwickelt.<\/p>\n<p>Zusammensetzung:<\/p>\n<div role=\"tabpanel\" class=\"tab-pane active\" id=\"prod_short_desc\">\n<div itemprop=\"description\">Saaten und Getreide<\/div>\n<\/div>\n","protected":false},"excerpt":{"rendered":"<p>Streufutter f\u00fcr Wildv\u00f6gel, die gesunde Mischung aus K\u00f6rnern, Saaten und Getreidesorten. Die nat\u00fcrlichen Zutaten sind Ambrosia kontrolliert und k\u00f6nnen bedenkenlos im Futterhaus gestreut werden. Speziell f\u00fcr K\u00f6rnerfresser wie Finken, Sperlinge und Gimpel oder Allesfresser wie Meisen, Spechte und Kleiber entwickelt. Zusammensetzung: Saaten und Getreide<\/p>\n","protected":false},"featured_media":49866,"comment_status":"closed","ping_status":"open","template":"","meta":[],"product_cat":[15285],"product_tag":[],"class_list":{"0":"post-49865","1":"product","2":"type-product","3":"status-publish","4":"has-post-thumbnail","6":"product_cat-futter-mischungen-gartenvogelfutter-pfiffikusvogelwelt","8":"first","9":"instock","10":"taxable","11":"shipping-taxable","12":"purchasable","13":"product-type-simple"},"_links":{"self":[{"href":"https:\/\/all-pets.de\/shop\/wp-json\/wp\/v2\/product\/49865","targetHints":{"allow":["GET"]}}],"collection":[{"href":"https:\/\/all-pets.de\/shop\/wp-json\/wp\/v2\/product"}],"about":[{"href":"https:\/\/all-pets.de\/shop\/wp-json\/wp\/v2\/types\/product"}],"replies":[{"embeddable":true,"href":"https:\/\/all-pets.de\/shop\/wp-json\/wp\/v2\/comments?post=49865"}],"wp:featuredmedia":[{"embeddable":true,"href":"https:\/\/all-pets.de\/shop\/wp-json\/wp\/v2\/media\/49866"}],"wp:attachment":[{"href":"https:\/\/all-pets.de\/shop\/wp-json\/wp\/v2\/media?parent=49865"}],"wp:term":[{"taxonomy":"product_cat","embeddable":true,"href":"https:\/\/all-pets.de\/shop\/wp-json\/wp\/v2\/product_cat?post=49865"},{"taxonomy":"product_tag","embeddable":true,"href":"https:\/\/all-pets.de\/shop\/wp-json\/wp\/v2\/product_tag?post=49865"}],"curies":[{"name":"wp","href":"https:\/\/api.w.org\/{rel}","templated":true}]}}