{"id":49873,"date":"2023-12-12T12:32:46","date_gmt":"2023-12-12T11:32:46","guid":{"rendered":"https:\/\/pet-shopping.de\/shop\/produkt\/trixie-futterstange-mit-hirse\/"},"modified":"2023-12-12T12:32:49","modified_gmt":"2023-12-12T11:32:49","slug":"trixie-futterstange-mit-hirse","status":"publish","type":"product","link":"https:\/\/all-pets.de\/shop\/produkt\/trixie-futterstange-mit-hirse\/","title":{"rendered":"Trixie Futterstange mit Hirse"},"content":{"rendered":"<ul>\n<li>f\u00fcr Wildv\u00f6gel<\/li>\n<li>mit Hirse<\/li>\n<li>zum Aufh\u00e4ngen<\/li>\n<li>empfohlen vom Weltvogelpark Walsrode<\/li>\n<li>Ma\u00dfe: ca. 19 cm<\/li>\n<li>Gewicht: ca. 55 g<\/li>\n<\/ul>\n","protected":false},"excerpt":{"rendered":"<p>f\u00fcr Wildv\u00f6gel mit Hirse zum Aufh\u00e4ngen empfohlen vom Weltvogelpark Walsrode Ma\u00dfe: ca. 19 cm Gewicht: ca. 55 g<\/p>\n","protected":false},"featured_media":49874,"comment_status":"closed","ping_status":"open","template":"","meta":[],"product_cat":[15294],"product_tag":[],"class_list":{"0":"post-49873","1":"product","2":"type-product","3":"status-publish","4":"has-post-thumbnail","6":"product_cat-neue-vogelartikel","8":"first","9":"instock","10":"taxable","11":"shipping-taxable","12":"purchasable","13":"product-type-simple"},"_links":{"self":[{"href":"https:\/\/all-pets.de\/shop\/wp-json\/wp\/v2\/product\/49873","targetHints":{"allow":["GET"]}}],"collection":[{"href":"https:\/\/all-pets.de\/shop\/wp-json\/wp\/v2\/product"}],"about":[{"href":"https:\/\/all-pets.de\/shop\/wp-json\/wp\/v2\/types\/product"}],"replies":[{"embeddable":true,"href":"https:\/\/all-pets.de\/shop\/wp-json\/wp\/v2\/comments?post=49873"}],"wp:featuredmedia":[{"embeddable":true,"href":"https:\/\/all-pets.de\/shop\/wp-json\/wp\/v2\/media\/49874"}],"wp:attachment":[{"href":"https:\/\/all-pets.de\/shop\/wp-json\/wp\/v2\/media?parent=49873"}],"wp:term":[{"taxonomy":"product_cat","embeddable":true,"href":"https:\/\/all-pets.de\/shop\/wp-json\/wp\/v2\/product_cat?post=49873"},{"taxonomy":"product_tag","embeddable":true,"href":"https:\/\/all-pets.de\/shop\/wp-json\/wp\/v2\/product_tag?post=49873"}],"curies":[{"name":"wp","href":"https:\/\/api.w.org\/{rel}","templated":true}]}}