{"id":49881,"date":"2023-12-12T12:32:46","date_gmt":"2023-12-12T11:32:46","guid":{"rendered":"https:\/\/pet-shopping.de\/shop\/produkt\/trixie-creamy-snacks-mit-huhn\/"},"modified":"2023-12-12T12:32:51","modified_gmt":"2023-12-12T11:32:51","slug":"trixie-creamy-snacks-mit-huhn","status":"publish","type":"product","link":"https:\/\/all-pets.de\/shop\/produkt\/trixie-creamy-snacks-mit-huhn\/","title":{"rendered":"Trixie Creamy Snacks mit Huhn"},"content":{"rendered":"<div class=\"mb-3 row\">\n<div class=\"col\">\n<div class=\"description\">\n<ul>\n<li>Fl\u00fcssigsnack<\/li>\n<li>Fleischgehalt 36 %<\/li>\n<li>ideal zum Verfeinern von Trockenfutter<\/li>\n<li>kann auch separat als Snack verf\u00fcttert werden<\/li>\n<li>enth\u00e4lt wertvolle Vitamine<\/li>\n<li>unterst\u00fctzt die Feuchtigkeitsaufnahme<\/li>\n<li>sehr hohe Akzeptanz<\/li>\n<li>gro\u00dfer Belohnungseffekt<\/li>\n<li>glutenfrei<\/li>\n<li>Inhalt\/Gewicht: 5 \u00d7 14 g<\/li>\n<\/ul>\n<p>Zusammensetzung: H\u00fchnerfleisch (36 %), Tapiokast\u00e4rke | glutenfreie Rezeptur | K\u00fchl und trocken lagern.<\/p>\n<p><\/div>\n<\/div>\n<\/div>\n","protected":false},"excerpt":{"rendered":"<p>Fl\u00fcssigsnack Fleischgehalt 36 % ideal zum Verfeinern von Trockenfutter kann auch separat als Snack verf\u00fcttert werden enth\u00e4lt wertvolle Vitamine unterst\u00fctzt die Feuchtigkeitsaufnahme sehr hohe Akzeptanz gro\u00dfer Belohnungseffekt glutenfrei Inhalt\/Gewicht: 5 \u00d7 14 g Zusammensetzung: H\u00fchnerfleisch (36 %), Tapiokast\u00e4rke | glutenfreie Rezeptur | K\u00fchl und trocken lagern.<\/p>\n","protected":false},"featured_media":49882,"comment_status":"closed","ping_status":"open","template":"","meta":[],"product_cat":[15300],"product_tag":[],"class_list":{"0":"post-49881","1":"product","2":"type-product","3":"status-publish","4":"has-post-thumbnail","6":"product_cat-trixie-hundesnacks-neue-hundeartikelhundewelt","8":"first","9":"instock","10":"taxable","11":"shipping-taxable","12":"purchasable","13":"product-type-simple"},"_links":{"self":[{"href":"https:\/\/all-pets.de\/shop\/wp-json\/wp\/v2\/product\/49881","targetHints":{"allow":["GET"]}}],"collection":[{"href":"https:\/\/all-pets.de\/shop\/wp-json\/wp\/v2\/product"}],"about":[{"href":"https:\/\/all-pets.de\/shop\/wp-json\/wp\/v2\/types\/product"}],"replies":[{"embeddable":true,"href":"https:\/\/all-pets.de\/shop\/wp-json\/wp\/v2\/comments?post=49881"}],"wp:featuredmedia":[{"embeddable":true,"href":"https:\/\/all-pets.de\/shop\/wp-json\/wp\/v2\/media\/49882"}],"wp:attachment":[{"href":"https:\/\/all-pets.de\/shop\/wp-json\/wp\/v2\/media?parent=49881"}],"wp:term":[{"taxonomy":"product_cat","embeddable":true,"href":"https:\/\/all-pets.de\/shop\/wp-json\/wp\/v2\/product_cat?post=49881"},{"taxonomy":"product_tag","embeddable":true,"href":"https:\/\/all-pets.de\/shop\/wp-json\/wp\/v2\/product_tag?post=49881"}],"curies":[{"name":"wp","href":"https:\/\/api.w.org\/{rel}","templated":true}]}}