{"id":49888,"date":"2023-12-12T12:32:52","date_gmt":"2023-12-12T11:32:52","guid":{"rendered":"https:\/\/pet-shopping.de\/shop\/produkt\/trixie-soup-mit-huhn-lachs-80g\/"},"modified":"2023-12-12T12:32:53","modified_gmt":"2023-12-12T11:32:53","slug":"trixie-soup-mit-huhn-lachs-80g","status":"publish","type":"product","link":"https:\/\/all-pets.de\/shop\/produkt\/trixie-soup-mit-huhn-lachs-80g\/","title":{"rendered":"Trixie Soup mit Huhn &#038; Lachs &#8211; 80g"},"content":{"rendered":"<div class=\"mb-3 row\">\n<div class=\"col\">\n<div class=\"description\">\n<ul>\n<li>Fl\u00fcssigsnack<\/li>\n<li>mit Huhn und Lachs<\/li>\n<li>Fleischgehalt 13 %, Fischgehalt 6 %<\/li>\n<li>mit Taurin<\/li>\n<li>Taurin unterst\u00fctzt die Sehkraft und beugt Mangelerscheinungen vor<\/li>\n<li>glutenfrei<\/li>\n<li>ohne Zuckerzusatz<\/li>\n<li>Inhalt\/Gewicht: 80 g<\/li>\n<\/ul>\n<p>Zusammensetzung: H\u00fchnerbr\u00fche (74 %), H\u00fchnerfleisch (13 %), Lachs (6 %), Thunfisch, Tapiokast\u00e4rke, K\u00fcrbispulver, Mineralstoffe | glutenfreie Rezeptur | 0 % Zuckerzusatz | K\u00fchl und trocken lagern.<\/p>\n<\/div>\n<\/div>\n<\/div>\n","protected":false},"excerpt":{"rendered":"<p>Fl\u00fcssigsnack mit Huhn und Lachs Fleischgehalt 13 %, Fischgehalt 6 % mit Taurin Taurin unterst\u00fctzt die Sehkraft und beugt Mangelerscheinungen vor glutenfrei ohne Zuckerzusatz Inhalt\/Gewicht: 80 g Zusammensetzung: H\u00fchnerbr\u00fche (74 %), H\u00fchnerfleisch (13 %), Lachs (6 %), Thunfisch, Tapiokast\u00e4rke, K\u00fcrbispulver, Mineralstoffe | glutenfreie Rezeptur | 0 % Zuckerzusatz | K\u00fchl und trocken lagern.<\/p>\n","protected":false},"featured_media":49889,"comment_status":"closed","ping_status":"open","template":"","meta":[],"product_cat":[15301],"product_tag":[],"class_list":{"0":"post-49888","1":"product","2":"type-product","3":"status-publish","4":"has-post-thumbnail","6":"product_cat-neue-katzenartikel-trixiekatzenwelt-katzensnacks","8":"first","9":"instock","10":"taxable","11":"shipping-taxable","12":"purchasable","13":"product-type-simple"},"_links":{"self":[{"href":"https:\/\/all-pets.de\/shop\/wp-json\/wp\/v2\/product\/49888","targetHints":{"allow":["GET"]}}],"collection":[{"href":"https:\/\/all-pets.de\/shop\/wp-json\/wp\/v2\/product"}],"about":[{"href":"https:\/\/all-pets.de\/shop\/wp-json\/wp\/v2\/types\/product"}],"replies":[{"embeddable":true,"href":"https:\/\/all-pets.de\/shop\/wp-json\/wp\/v2\/comments?post=49888"}],"wp:featuredmedia":[{"embeddable":true,"href":"https:\/\/all-pets.de\/shop\/wp-json\/wp\/v2\/media\/49889"}],"wp:attachment":[{"href":"https:\/\/all-pets.de\/shop\/wp-json\/wp\/v2\/media?parent=49888"}],"wp:term":[{"taxonomy":"product_cat","embeddable":true,"href":"https:\/\/all-pets.de\/shop\/wp-json\/wp\/v2\/product_cat?post=49888"},{"taxonomy":"product_tag","embeddable":true,"href":"https:\/\/all-pets.de\/shop\/wp-json\/wp\/v2\/product_tag?post=49888"}],"curies":[{"name":"wp","href":"https:\/\/api.w.org\/{rel}","templated":true}]}}