{"id":49908,"date":"2023-12-12T12:32:52","date_gmt":"2023-12-12T11:32:52","guid":{"rendered":"https:\/\/pet-shopping.de\/shop\/produkt\/wildes-land-softsnack-huhn-70g\/"},"modified":"2023-12-12T12:32:57","modified_gmt":"2023-12-12T11:32:57","slug":"wildes-land-softsnack-huhn-70g","status":"publish","type":"product","link":"https:\/\/all-pets.de\/shop\/produkt\/wildes-land-softsnack-huhn-70g\/","title":{"rendered":"Wildes Land Softsnack Huhn 70g"},"content":{"rendered":"<p>Wildes Land Softsnack Huhn <br \/>Der halbfeuchte &#038; getreidefreie Wildes Land Softsnack Huhn ist ideal als Belohnung f\u00fcr zwischendurch oder beim Training. In der Hundeerziehung ist die positive Best\u00e4rkung von gew\u00fcnschtem Verhalten essenziell auf dem Weg zum Ziel. Unsere Softsnacks sind daf\u00fcr ideal geeignet.<\/p>\n<p>Die hohe Restfeuchte von 18 % und der hohe Anteil an frischem H\u00fchnerfleisch sorgt f\u00fcr eine besonders hohe Akzeptanz und saftige Kroketten. Die Rezeptur wird durch gut bek\u00f6mmliche Kartoffeln, wertvolle Wildkr\u00e4uter wie Rosmarin und Thymian sowie Cranberries abgerundet. Auch beim Snack ist es wichtig, auf Qualit\u00e4t und Inhaltsstoffe zu achten. Wie immer stehen die nat\u00fcrlichen Zutaten bei Wildes Land im Vordergrund, denn die ausgew\u00e4hlten Zutaten machen den Snack komplett.<br \/>Die Snacks sind frei von Getreide und Gluten und dadurch auch f\u00fcr ern\u00e4hrungssensible Hunde geeignet. Snacks sind ein wichtiger Bestandteil im Alltag mit Ihrem Liebling und geben Ihnen die M\u00f6glichkeit, die innige Beziehung zwischen Mensch und Tier weiter zu st\u00e4rken. Mit unserem Wildes Land Softsnack Huhn f\u00fcttern Sie einen nat\u00fcrlichen und artgerechten Belohnungssnack, den Hunde lieben!<\/p>\n<p>Der Kunststoffbeutel ist vollst\u00e4ndig recyclebar. Daher bitte unserer Umwelt zuliebe den leeren Beutel richtig entsorgen. Mehr Infos hier: www.wildes-land.de\/verpackungen<\/p>\n<p>Halbfeucht und saftig: Eine hohe Restfeuchte sorgt f\u00fcr besonders saftige und geschmackvolle H\u00e4ppchen.<\/p>\n<p>Hoher Fleischanteil: Viel frisches H\u00fchnerfleisch ist reich an hochwertigen und leicht verdaulichen Proteinen und Fetten.<\/p>\n<p>Getreidefreie Rezeptur: Der Verzicht auf Getreide bietet eine sehr hohe Verdaulichkeit.<\/p>\n<p>Monoprotein: mit nur einer Proteinquelle ist der Snack auch f\u00fcr ern\u00e4hrungssensible Hunde geeignet.<\/p>\n<p>Frei von Zucker, Farb- &#038; Aromastoffen. Mit viel Liebe in der Schweiz zubereitet. Recyclebare Verpackung.<\/p>\n<p>Wildes Land Softsnack Huhn im \u00dcberblick:<\/p>\n<p>\u00a0\u00a0\u00a0\u00a0\u00a0\u00a0\u00a0 Halbfeucht und saftig<br \/>\u00a0\u00a0\u00a0\u00a0\u00a0\u00a0\u00a0 Hoher Fleischanteil <br \/>\u00a0\u00a0\u00a0\u00a0\u00a0\u00a0\u00a0 Getreidefreie Rezeptur<br \/>\u00a0\u00a0\u00a0\u00a0\u00a0\u00a0\u00a0 Monoprotein<br \/>\u00a0\u00a0\u00a0\u00a0\u00a0\u00a0\u00a0 Frei von Zucker, Farb- &#038; Aromastoffen<br \/>\u00a0\u00a0\u00a0\u00a0\u00a0\u00a0\u00a0 100% hergestellt in der Schweiz<br \/>\u00a0\u00a0\u00a0\u00a0\u00a0\u00a0\u00a0 Recyclebare Verpackung<\/p>\n<p>Zusammensetzung<\/p>\n<p>Frisches H\u00fchnerfleisch 49,5 %, frische H\u00fchnerh\u00e4lse 18,5 %, getrocknete Kartoffeln, nat\u00fcrliches pflanzliches Glycerin, Pflanzenfasern, H\u00fchnergriebenmehl 2 %, H\u00fchnerfett, H\u00fchnerleber (hydrolysiert) 1 %, Mineralstoffe, Rosmarin, Thymian, Cranberries, Rosmarinextrakt.<br \/>Analytische Bestandteile<\/p>\n<p>Rohprotein 21,9 %, Rohfett 20,6 %, Rohfaser 4,5 %, Rohasche 3,3 %, Feuchtigkeit 18 %.<\/p>\n","protected":false},"excerpt":{"rendered":"<p>Wildes Land Softsnack Huhn Der halbfeuchte &#038; getreidefreie Wildes Land Softsnack Huhn ist ideal als Belohnung f\u00fcr zwischendurch oder beim Training. In der Hundeerziehung ist die positive Best\u00e4rkung von gew\u00fcnschtem Verhalten essenziell auf dem Weg zum Ziel. Unsere Softsnacks sind daf\u00fcr ideal geeignet. Die hohe Restfeuchte von 18 % und der hohe Anteil an frischem [&hellip;]<\/p>\n","protected":false},"featured_media":49909,"comment_status":"closed","ping_status":"open","template":"","meta":[],"product_cat":[15221],"product_tag":[],"class_list":{"0":"post-49908","1":"product","2":"type-product","3":"status-publish","4":"has-post-thumbnail","6":"product_cat-wildes-land","8":"first","9":"instock","10":"taxable","11":"shipping-taxable","12":"purchasable","13":"product-type-simple"},"_links":{"self":[{"href":"https:\/\/all-pets.de\/shop\/wp-json\/wp\/v2\/product\/49908","targetHints":{"allow":["GET"]}}],"collection":[{"href":"https:\/\/all-pets.de\/shop\/wp-json\/wp\/v2\/product"}],"about":[{"href":"https:\/\/all-pets.de\/shop\/wp-json\/wp\/v2\/types\/product"}],"replies":[{"embeddable":true,"href":"https:\/\/all-pets.de\/shop\/wp-json\/wp\/v2\/comments?post=49908"}],"wp:featuredmedia":[{"embeddable":true,"href":"https:\/\/all-pets.de\/shop\/wp-json\/wp\/v2\/media\/49909"}],"wp:attachment":[{"href":"https:\/\/all-pets.de\/shop\/wp-json\/wp\/v2\/media?parent=49908"}],"wp:term":[{"taxonomy":"product_cat","embeddable":true,"href":"https:\/\/all-pets.de\/shop\/wp-json\/wp\/v2\/product_cat?post=49908"},{"taxonomy":"product_tag","embeddable":true,"href":"https:\/\/all-pets.de\/shop\/wp-json\/wp\/v2\/product_tag?post=49908"}],"curies":[{"name":"wp","href":"https:\/\/api.w.org\/{rel}","templated":true}]}}