{"id":49910,"date":"2023-12-12T12:33:01","date_gmt":"2023-12-12T11:33:01","guid":{"rendered":"https:\/\/pet-shopping.de\/shop\/produkt\/wildes-land-cat-fleischsticks-huhn-50g\/"},"modified":"2023-12-12T12:33:01","modified_gmt":"2023-12-12T11:33:01","slug":"wildes-land-cat-fleischsticks-huhn-50g","status":"publish","type":"product","link":"https:\/\/all-pets.de\/shop\/produkt\/wildes-land-cat-fleischsticks-huhn-50g\/","title":{"rendered":"Wildes Land Cat Fleischsticks Huhn 50g"},"content":{"rendered":"<p>Wildes Land Fleischsticks Huhn 50 g<\/p>\n<p>Die getreidefreien Fleischsticks mit Huhn von Wildes Land sind ein leckerer Snack f\u00fcr Katzen. Belohnungsleckerlies sind ein wichtiger Bestandteil im Alltag Ihres Lieblings und k\u00f6nnen die Beziehung zu Ihrer Katze st\u00e4rken. Wildes Land legt bei der Herstellung der Fleischsticks besonders viel Wert auf Qualit\u00e4t und Nat\u00fcrlichkeit. Daher \u00fcberzeugen sie mit einem hohen Anteil von 93% H\u00fchnchenfleisch- und innerien ideal als Zwischenmahlzeit oder kleine Belohnung. Getestet von 244 tierischen Fans haben die Snacks bei der gro\u00dfen Mehrheit der Tester bez\u00fcglich Akzeptanz, Optik, Geruch und Zusammensetzung super positiv abgeschnitten.<\/p>\n<p>Die hochwertigen Wildes Land Fleischsticks mit Huhn werden ohne Farb-, Aroma- und Konservierungsstoffe hergestellt. Zudem wird auf Tierversuche verzichtet. Der praktische Klettverschluss macht das Wiederverschlie\u00dfen der Verpackung ganz einfach.<\/p>\n<p>Die Fleischsticks mit Huhn von Wildes Land im \u00dcberblick:<\/p>\n<p>\u00a0\u00a0\u00a0\u00a0\u00a0\u00a0\u00a0 Als Belohnunggsnack oder f\u00fcr Zwischendruch<br \/>\u00a0\u00a0\u00a0\u00a0\u00a0\u00a0\u00a0 Hoher Fleischanteil<br \/>\u00a0\u00a0\u00a0\u00a0\u00a0\u00a0\u00a0 93% Fleisch und Innerein vom Huhn<br \/>\u00a0\u00a0\u00a0\u00a0\u00a0\u00a0\u00a0 Beste Akzeptanz<br \/>\u00a0\u00a0\u00a0\u00a0\u00a0\u00a0\u00a0 Getreidefrei<br \/>\u00a0\u00a0\u00a0\u00a0\u00a0\u00a0\u00a0 Keine Tierversuche <br \/>\u00a0\u00a0\u00a0\u00a0\u00a0\u00a0\u00a0 Ohne Zucker-, Farb- und Konservierungsstoffe<br \/>\u00a0\u00a0\u00a0\u00a0\u00a0\u00a0\u00a0 Hochwertige Rohstoffe<br \/>\u00a0\u00a0\u00a0\u00a0\u00a0\u00a0\u00a0 Verschluss mit praktischem Klettverschluss<br \/>\u00a0\u00a0\u00a0\u00a0\u00a0\u00a0\u00a0 Mit viel Liebe in Deutschland hergestellt<\/p>\n<p>Zusammensetzung<\/p>\n<p>87,5 % Fleischerzeugnis vom Huhn, 6 % Gefl\u00fcgelleber (hydrolisiert), 6 % nat\u00fcrliches pflanzliches Glycerin, 0,5 % Mineralstoffe.<br \/>Analytische Bestandteile<\/p>\n<p>Rohprotein 31,3 %,Rohfett 30 %,Rohfaser 1,75 %,Rohasche 10 %,Feuchtigkeit 20 %<\/p>\n","protected":false},"excerpt":{"rendered":"<p>Wildes Land Fleischsticks Huhn 50 g Die getreidefreien Fleischsticks mit Huhn von Wildes Land sind ein leckerer Snack f\u00fcr Katzen. Belohnungsleckerlies sind ein wichtiger Bestandteil im Alltag Ihres Lieblings und k\u00f6nnen die Beziehung zu Ihrer Katze st\u00e4rken. Wildes Land legt bei der Herstellung der Fleischsticks besonders viel Wert auf Qualit\u00e4t und Nat\u00fcrlichkeit. Daher \u00fcberzeugen sie [&hellip;]<\/p>\n","protected":false},"featured_media":49911,"comment_status":"closed","ping_status":"open","template":"","meta":[],"product_cat":[15304],"product_tag":[],"class_list":{"0":"post-49910","1":"product","2":"type-product","3":"status-publish","4":"has-post-thumbnail","6":"product_cat-wildes-land-katzensnacks","8":"first","9":"instock","10":"taxable","11":"shipping-taxable","12":"purchasable","13":"product-type-simple"},"_links":{"self":[{"href":"https:\/\/all-pets.de\/shop\/wp-json\/wp\/v2\/product\/49910","targetHints":{"allow":["GET"]}}],"collection":[{"href":"https:\/\/all-pets.de\/shop\/wp-json\/wp\/v2\/product"}],"about":[{"href":"https:\/\/all-pets.de\/shop\/wp-json\/wp\/v2\/types\/product"}],"replies":[{"embeddable":true,"href":"https:\/\/all-pets.de\/shop\/wp-json\/wp\/v2\/comments?post=49910"}],"wp:featuredmedia":[{"embeddable":true,"href":"https:\/\/all-pets.de\/shop\/wp-json\/wp\/v2\/media\/49911"}],"wp:attachment":[{"href":"https:\/\/all-pets.de\/shop\/wp-json\/wp\/v2\/media?parent=49910"}],"wp:term":[{"taxonomy":"product_cat","embeddable":true,"href":"https:\/\/all-pets.de\/shop\/wp-json\/wp\/v2\/product_cat?post=49910"},{"taxonomy":"product_tag","embeddable":true,"href":"https:\/\/all-pets.de\/shop\/wp-json\/wp\/v2\/product_tag?post=49910"}],"curies":[{"name":"wp","href":"https:\/\/api.w.org\/{rel}","templated":true}]}}