{"id":49912,"date":"2023-12-12T12:33:01","date_gmt":"2023-12-12T11:33:01","guid":{"rendered":"https:\/\/pet-shopping.de\/shop\/produkt\/wildes-land-cat-fleischsticks-huhn-lachs-50g\/"},"modified":"2023-12-12T12:33:01","modified_gmt":"2023-12-12T11:33:01","slug":"wildes-land-cat-fleischsticks-huhn-lachs-50g","status":"publish","type":"product","link":"https:\/\/all-pets.de\/shop\/produkt\/wildes-land-cat-fleischsticks-huhn-lachs-50g\/","title":{"rendered":"Wildes Land Cat Fleischsticks Huhn &#038; Lachs 50g"},"content":{"rendered":"<p>Wildes Land Fleischsticks Huhn &#038; Lachs 50 g<\/p>\n<p>Snacks sind ein wichtiger Bestandteil im Alltag Ihres Lieblings. Und k\u00f6nnen die Beziehung zu Ihrer Katze st\u00e4rken. Die Wildes Land Fleischsticks Huhn &#038; Lachs haben einen besonders hohen Fleischanteil von rund 93% und sind frei von Getreide. Leicht verdauliches H\u00fchnchenfleisch und schmackhafter Lachs machen die Snacks ideal f\u00fcr Katzen als Zwischenmahlzeit oder als kleine Belohnung und haben eine hohe Akzeptanz. Mit viel Liebe und ohne k\u00fcnstliche Zusatzstoffe in Deutschland zubereitet, ist dieser Wildes Land Katzensnack ein artgerechter Leckerbissen.<\/p>\n<p>Die Wildes Land Fleischsticks wurden vorab von 244 tierischen Produkttestern bewertet und haben in Sache Akzeptanz, Optik, Geruch und Zusammensetzung super positiv abgeschnitten. Geliefert werden diese in einer praktischen Verpackung mit Klettverschluss, welche das \u00d6ffnen und Verschlie\u00dfen einfach macht.<\/p>\n<p>Wildes Land Fleischsticks Huhn &#038; Lachs im \u00dcberblick<\/p>\n<p>\u00a0\u00a0\u00a0\u00a0\u00a0\u00a0\u00a0 Snack mit hohem Fleischanteil von 93 %<br \/>\u00a0\u00a0\u00a0\u00a0\u00a0\u00a0\u00a0 Mit leckerem Lachs und H\u00fchnchenfleisch<br \/>\u00a0\u00a0\u00a0\u00a0\u00a0\u00a0\u00a0 Getreidefreie Rezeptur<br \/>\u00a0\u00a0\u00a0\u00a0\u00a0\u00a0\u00a0 Hohe Akzeptanz<br \/>\u00a0\u00a0\u00a0\u00a0\u00a0\u00a0\u00a0 Ohne Zucker, Farb-, Aroma- und Konservierungsstoffe<br \/>\u00a0\u00a0\u00a0\u00a0\u00a0\u00a0\u00a0 Keine Tierversuche <br \/>\u00a0\u00a0\u00a0\u00a0\u00a0\u00a0\u00a0 Mit praktischem Klettverschluss<br \/>\u00a0\u00a0\u00a0\u00a0\u00a0\u00a0\u00a0 In Deutschland hergestellt<\/p>\n<p>Zusammensetzung<\/p>\n<p>57,5 % Fleischerzeugnis vom Huhn, 30 % Lachs, 6 % Gefl\u00fcgelleber (hydrolisiert), 6 % nat\u00fcrliches pflanzliches Glycerin, 0,5 % Mineralstoffe.<br \/>Analytische Bestandteile<\/p>\n<p>Rohprotein 38 %,Rohfett 20 %,Rohfaser 1,75 %,Rohasche 13 %,Feuchtigkeit 20 %<\/p>\n","protected":false},"excerpt":{"rendered":"<p>Wildes Land Fleischsticks Huhn &#038; Lachs 50 g Snacks sind ein wichtiger Bestandteil im Alltag Ihres Lieblings. Und k\u00f6nnen die Beziehung zu Ihrer Katze st\u00e4rken. Die Wildes Land Fleischsticks Huhn &#038; Lachs haben einen besonders hohen Fleischanteil von rund 93% und sind frei von Getreide. Leicht verdauliches H\u00fchnchenfleisch und schmackhafter Lachs machen die Snacks ideal [&hellip;]<\/p>\n","protected":false},"featured_media":49913,"comment_status":"closed","ping_status":"open","template":"","meta":[],"product_cat":[15304],"product_tag":[],"class_list":{"0":"post-49912","1":"product","2":"type-product","3":"status-publish","4":"has-post-thumbnail","6":"product_cat-wildes-land-katzensnacks","8":"first","9":"instock","10":"taxable","11":"shipping-taxable","12":"purchasable","13":"product-type-simple"},"_links":{"self":[{"href":"https:\/\/all-pets.de\/shop\/wp-json\/wp\/v2\/product\/49912","targetHints":{"allow":["GET"]}}],"collection":[{"href":"https:\/\/all-pets.de\/shop\/wp-json\/wp\/v2\/product"}],"about":[{"href":"https:\/\/all-pets.de\/shop\/wp-json\/wp\/v2\/types\/product"}],"replies":[{"embeddable":true,"href":"https:\/\/all-pets.de\/shop\/wp-json\/wp\/v2\/comments?post=49912"}],"wp:featuredmedia":[{"embeddable":true,"href":"https:\/\/all-pets.de\/shop\/wp-json\/wp\/v2\/media\/49913"}],"wp:attachment":[{"href":"https:\/\/all-pets.de\/shop\/wp-json\/wp\/v2\/media?parent=49912"}],"wp:term":[{"taxonomy":"product_cat","embeddable":true,"href":"https:\/\/all-pets.de\/shop\/wp-json\/wp\/v2\/product_cat?post=49912"},{"taxonomy":"product_tag","embeddable":true,"href":"https:\/\/all-pets.de\/shop\/wp-json\/wp\/v2\/product_tag?post=49912"}],"curies":[{"name":"wp","href":"https:\/\/api.w.org\/{rel}","templated":true}]}}