{"id":49916,"date":"2023-12-12T12:33:01","date_gmt":"2023-12-12T11:33:01","guid":{"rendered":"https:\/\/pet-shopping.de\/shop\/produkt\/wildes-land-cat-softsnack-huhn-lachs-50g\/"},"modified":"2023-12-12T12:33:02","modified_gmt":"2023-12-12T11:33:02","slug":"wildes-land-cat-softsnack-huhn-lachs-50g","status":"publish","type":"product","link":"https:\/\/all-pets.de\/shop\/produkt\/wildes-land-cat-softsnack-huhn-lachs-50g\/","title":{"rendered":"Wildes Land Cat Softsnack Huhn &#038; Lachs 50g"},"content":{"rendered":"<p>Wildes Land Softsnack Huhn &#038; Lachs <\/p>\n<p>Entdecken Sie den leckeren Wildes Land Softsnack Huhn &#038; Lachs und belohnen Sie Ihre Katze mit einem besonderen Leckerli. Die hohe Restfeuchte von 18 % und der hohe Anteil an frischem H\u00fchnerfleisch und Lachs sorgen f\u00fcr eine besonders hohe Akzeptanz und saftige Kroketten.<\/p>\n<p>Die Softsnacks von Wildes Land sind frei von Getreide und Gluten und dadurch auch f\u00fcr ern\u00e4hrungssensible Katzen geeignet. Snacks sind ein wichtiger Bestandteil im Alltag mit Ihrer Samtpfote und geben Ihnen die M\u00f6glichkeit, die innige Beziehung zwischen Mensch und Tier weiter zu st\u00e4rken. Auch beim Snack zwischendurch ist es wichtig, auf Qualit\u00e4t und Inhaltsstoffe zu achten. Wie immer stehen die nat\u00fcrlichen Zutaten bei Wildes Land im Vordergrund, denn die ausgew\u00e4hlten Zutaten machen den Snack komplett. Zudem werden die Leckerlis ausnahmslos ohne Tierversuche entwickelt und produziert. Mit unserem Wildes Land Softsnack Huhn &#038; Lachs f\u00fcttern Sie einen nat\u00fcrlichen und artgerechten Belohnungssnack, den Katzen lieben!<\/p>\n<p>Der Kunststoffbeutel ist vollst\u00e4ndig recyclebar. Daher bitte unserer Umwelt zuliebe den leeren Beutel richtig entsorgen. Mehr Infos hier: www.wildes-land.de\/verpackungen<\/p>\n<p>Halbfeucht und saftig: Eine hohe Restfeuchte sorgt f\u00fcr besonders saftige und geschmackvolle H\u00e4ppchen.<\/p>\n<p>Hoher Fleischanteil: Viel frisches H\u00fchnerfleisch und frischer Lachs sind reich an hochwertigen und leicht verdaulichen Proteinen und Fetten.<\/p>\n<p>Getreidefreie Rezeptur: Der Verzicht auf Getreide bietet eine sehr hohe Verdaulichkeit.<\/p>\n<p>Hohe Akzeptanz: Viel frisches H\u00fchnerfleisch und Lachs sorgen daf\u00fcr, dass Katzen den Snack lieben.<\/p>\n<p>Frei von von Zucker, Farb- &#038; Aromastoffen. Mit viel Liebe in der Schweiz zubereitet. Recyclebare Verpackung.<\/p>\n<p>Wildes Land Softsnack Huhn &#038; Lachs im \u00dcberblick: <\/p>\n<p>\u00a0\u00a0\u00a0\u00a0\u00a0\u00a0\u00a0 Halbfeucht und saftig<br \/>\u00a0\u00a0\u00a0\u00a0\u00a0\u00a0\u00a0 Hoher Fleischanteil<br \/>\u00a0\u00a0\u00a0\u00a0\u00a0\u00a0\u00a0 Getreidefreie Rezeptur<br \/>\u00a0\u00a0\u00a0\u00a0\u00a0\u00a0\u00a0 Hohe Akzeptanz<br \/>\u00a0\u00a0\u00a0\u00a0\u00a0\u00a0\u00a0 Frei von von Zucker, Farb- &#038; Aromastoffen<br \/>\u00a0\u00a0\u00a0\u00a0\u00a0\u00a0\u00a0 100% hergestellt in der Schweiz<br \/>\u00a0\u00a0\u00a0\u00a0\u00a0\u00a0\u00a0 Recyclebare Verpackung<\/p>\n<p>Zusammensetzung<\/p>\n<p>Frisches H\u00fchnerfleisch 42%, frischer Lachs 26%, getrocknete Kartoffeln, nat\u00fcrliches pflanzliches Glycerin, Pflanzenfasern, H\u00fchnergrippemehl 2 %, H\u00fchnerfett, H\u00fchnerleber (hydrolysiert) 1 %, Mineralstoffe, Rosmarinextrakt.<br \/>Analytische Bestandteile<\/p>\n<p>Rohprotein 21,2 %, Rohfett 20,1 %, Rohfaser 4,5 %, Rohasche 3,8 %, Feuchtigkeit 18 %.<\/p>\n","protected":false},"excerpt":{"rendered":"<p>Wildes Land Softsnack Huhn &#038; Lachs Entdecken Sie den leckeren Wildes Land Softsnack Huhn &#038; Lachs und belohnen Sie Ihre Katze mit einem besonderen Leckerli. Die hohe Restfeuchte von 18 % und der hohe Anteil an frischem H\u00fchnerfleisch und Lachs sorgen f\u00fcr eine besonders hohe Akzeptanz und saftige Kroketten. Die Softsnacks von Wildes Land sind [&hellip;]<\/p>\n","protected":false},"featured_media":49917,"comment_status":"closed","ping_status":"open","template":"","meta":[],"product_cat":[15304],"product_tag":[],"class_list":{"0":"post-49916","1":"product","2":"type-product","3":"status-publish","4":"has-post-thumbnail","6":"product_cat-wildes-land-katzensnacks","8":"first","9":"instock","10":"taxable","11":"shipping-taxable","12":"purchasable","13":"product-type-simple"},"_links":{"self":[{"href":"https:\/\/all-pets.de\/shop\/wp-json\/wp\/v2\/product\/49916","targetHints":{"allow":["GET"]}}],"collection":[{"href":"https:\/\/all-pets.de\/shop\/wp-json\/wp\/v2\/product"}],"about":[{"href":"https:\/\/all-pets.de\/shop\/wp-json\/wp\/v2\/types\/product"}],"replies":[{"embeddable":true,"href":"https:\/\/all-pets.de\/shop\/wp-json\/wp\/v2\/comments?post=49916"}],"wp:featuredmedia":[{"embeddable":true,"href":"https:\/\/all-pets.de\/shop\/wp-json\/wp\/v2\/media\/49917"}],"wp:attachment":[{"href":"https:\/\/all-pets.de\/shop\/wp-json\/wp\/v2\/media?parent=49916"}],"wp:term":[{"taxonomy":"product_cat","embeddable":true,"href":"https:\/\/all-pets.de\/shop\/wp-json\/wp\/v2\/product_cat?post=49916"},{"taxonomy":"product_tag","embeddable":true,"href":"https:\/\/all-pets.de\/shop\/wp-json\/wp\/v2\/product_tag?post=49916"}],"curies":[{"name":"wp","href":"https:\/\/api.w.org\/{rel}","templated":true}]}}