{"id":49920,"date":"2023-12-12T12:33:01","date_gmt":"2023-12-12T11:33:01","guid":{"rendered":"https:\/\/pet-shopping.de\/shop\/produkt\/karlie-buffalo-strass-geschirr-hellbraun-35-42-cm\/"},"modified":"2023-12-12T12:33:03","modified_gmt":"2023-12-12T11:33:03","slug":"karlie-buffalo-strass-geschirr-hellbraun-35-42-cm","status":"publish","type":"product","link":"https:\/\/all-pets.de\/shop\/produkt\/karlie-buffalo-strass-geschirr-hellbraun-35-42-cm\/","title":{"rendered":"Karlie Buffalo Strass Geschirr &#8211; Hellbraun &#8211; 35-42 cm"},"content":{"rendered":"<p>Die solide handwerkliche Verarbeitung macht dieses Geschirr besonderslanglebig. Das superweiche B\u00fcffelleder, welches doppelt gebuggtverarbeitet wird, bietet h\u00f6chsten Tragekomfort f\u00fcr Ihren Hund. Durch den optimalen Sitz wird ganz besonders das Fell geschont. DieScotchgard-Ausr\u00fcstung macht das Leder wasserabweisend und pflegeleicht.Alle Beschl\u00e4ge sind verchromt. <\/p>\n<p>Farbe: hellbraun<br \/>Brustumfang: ca. 35-42 cm<\/p>\n","protected":false},"excerpt":{"rendered":"<p>Die solide handwerkliche Verarbeitung macht dieses Geschirr besonderslanglebig. Das superweiche B\u00fcffelleder, welches doppelt gebuggtverarbeitet wird, bietet h\u00f6chsten Tragekomfort f\u00fcr Ihren Hund. Durch den optimalen Sitz wird ganz besonders das Fell geschont. DieScotchgard-Ausr\u00fcstung macht das Leder wasserabweisend und pflegeleicht.Alle Beschl\u00e4ge sind verchromt. Farbe: hellbraunBrustumfang: ca. 35-42 cm<\/p>\n","protected":false},"featured_media":49921,"comment_status":"closed","ping_status":"open","template":"","meta":[],"product_cat":[13812],"product_tag":[],"class_list":{"0":"post-49920","1":"product","2":"type-product","3":"status-publish","4":"has-post-thumbnail","6":"product_cat-hundegeschirre","8":"first","9":"instock","10":"taxable","11":"shipping-taxable","12":"purchasable","13":"product-type-simple"},"_links":{"self":[{"href":"https:\/\/all-pets.de\/shop\/wp-json\/wp\/v2\/product\/49920","targetHints":{"allow":["GET"]}}],"collection":[{"href":"https:\/\/all-pets.de\/shop\/wp-json\/wp\/v2\/product"}],"about":[{"href":"https:\/\/all-pets.de\/shop\/wp-json\/wp\/v2\/types\/product"}],"replies":[{"embeddable":true,"href":"https:\/\/all-pets.de\/shop\/wp-json\/wp\/v2\/comments?post=49920"}],"wp:featuredmedia":[{"embeddable":true,"href":"https:\/\/all-pets.de\/shop\/wp-json\/wp\/v2\/media\/49921"}],"wp:attachment":[{"href":"https:\/\/all-pets.de\/shop\/wp-json\/wp\/v2\/media?parent=49920"}],"wp:term":[{"taxonomy":"product_cat","embeddable":true,"href":"https:\/\/all-pets.de\/shop\/wp-json\/wp\/v2\/product_cat?post=49920"},{"taxonomy":"product_tag","embeddable":true,"href":"https:\/\/all-pets.de\/shop\/wp-json\/wp\/v2\/product_tag?post=49920"}],"curies":[{"name":"wp","href":"https:\/\/api.w.org\/{rel}","templated":true}]}}