{"id":49928,"date":"2023-12-12T12:33:04","date_gmt":"2023-12-12T11:33:04","guid":{"rendered":"https:\/\/pet-shopping.de\/shop\/produkt\/trixie-be-eco-katzentoilette-carlo-31-x-14-x-43-cm\/"},"modified":"2023-12-12T12:33:05","modified_gmt":"2023-12-12T11:33:05","slug":"trixie-be-eco-katzentoilette-carlo-31-x-14-x-43-cm","status":"publish","type":"product","link":"https:\/\/all-pets.de\/shop\/produkt\/trixie-be-eco-katzentoilette-carlo-31-x-14-x-43-cm\/","title":{"rendered":"Trixie Be Eco Katzentoilette Carlo &#8211; 31 \u00d7 14 \u00d7 43 cm"},"content":{"rendered":"<ul>\n<li>nachhaltig durch recycelten Kunststoff<\/li>\n<li>mit abnehmbarem Rand<\/li>\n<li>Farbe: anthrazit\/grau-gr\u00fcn<\/li>\n<li>Ma\u00dfe: ca. 31 \u00d7 14 \u00d7 43 cm<\/li>\n<\/ul>\n","protected":false},"excerpt":{"rendered":"<p>nachhaltig durch recycelten Kunststoff mit abnehmbarem Rand Farbe: anthrazit\/grau-gr\u00fcn Ma\u00dfe: ca. 31 \u00d7 14 \u00d7 43 cm<\/p>\n","protected":false},"featured_media":49929,"comment_status":"closed","ping_status":"open","template":"","meta":[],"product_cat":[14073],"product_tag":[],"class_list":{"0":"post-49928","1":"product","2":"type-product","3":"status-publish","4":"has-post-thumbnail","6":"product_cat-nachhaltige-katzentoiletten","8":"first","9":"instock","10":"taxable","11":"shipping-taxable","12":"purchasable","13":"product-type-simple"},"_links":{"self":[{"href":"https:\/\/all-pets.de\/shop\/wp-json\/wp\/v2\/product\/49928","targetHints":{"allow":["GET"]}}],"collection":[{"href":"https:\/\/all-pets.de\/shop\/wp-json\/wp\/v2\/product"}],"about":[{"href":"https:\/\/all-pets.de\/shop\/wp-json\/wp\/v2\/types\/product"}],"replies":[{"embeddable":true,"href":"https:\/\/all-pets.de\/shop\/wp-json\/wp\/v2\/comments?post=49928"}],"wp:featuredmedia":[{"embeddable":true,"href":"https:\/\/all-pets.de\/shop\/wp-json\/wp\/v2\/media\/49929"}],"wp:attachment":[{"href":"https:\/\/all-pets.de\/shop\/wp-json\/wp\/v2\/media?parent=49928"}],"wp:term":[{"taxonomy":"product_cat","embeddable":true,"href":"https:\/\/all-pets.de\/shop\/wp-json\/wp\/v2\/product_cat?post=49928"},{"taxonomy":"product_tag","embeddable":true,"href":"https:\/\/all-pets.de\/shop\/wp-json\/wp\/v2\/product_tag?post=49928"}],"curies":[{"name":"wp","href":"https:\/\/api.w.org\/{rel}","templated":true}]}}