{"id":49941,"date":"2023-12-12T12:33:04","date_gmt":"2023-12-12T11:33:04","guid":{"rendered":"https:\/\/pet-shopping.de\/shop\/produkt\/trixie-hundesocken-grau-xs-s\/"},"modified":"2023-12-12T12:33:07","modified_gmt":"2023-12-12T11:33:07","slug":"trixie-hundesocken-grau-xs-s","status":"publish","type":"product","link":"https:\/\/all-pets.de\/shop\/produkt\/trixie-hundesocken-grau-xs-s\/","title":{"rendered":"Trixie Hundesocken &#8211; Grau &#8211; XS-S"},"content":{"rendered":"<p>Die praktischen Hundesocken aus Baumwolle mit Elasthan bieten Ihrem Vierbeiner durch die Antirutsch-Sohle festen Halt auf glatten Fl\u00e4chen. Sie sind auch besonders gut f\u00fcr \u00e4ltere Hunde geeignet und sehr empfehlenswert bei R\u00fccken- und Gelenkschmerzen.<\/p>\n<p>Auch die Heilung von Verletzungen kann unterst\u00fctzt werden. Gleichzeitig werden B\u00f6den und M\u00f6bel vor Kratzspuren gesch\u00fctzt. Die Socken k\u00f6nnen bei 30\u00b0 gewaschen werden.<\/p>\n<p>Farbe: Grau<br \/> Inhalt: 2 St\u00fcck<\/p>\n<p>Gr\u00f6\u00dfe XS-S: geeignet z.B. f\u00fcr Dackel.<\/p>\n","protected":false},"excerpt":{"rendered":"<p>Die praktischen Hundesocken aus Baumwolle mit Elasthan bieten Ihrem Vierbeiner durch die Antirutsch-Sohle festen Halt auf glatten Fl\u00e4chen. Sie sind auch besonders gut f\u00fcr \u00e4ltere Hunde geeignet und sehr empfehlenswert bei R\u00fccken- und Gelenkschmerzen. Auch die Heilung von Verletzungen kann unterst\u00fctzt werden. Gleichzeitig werden B\u00f6den und M\u00f6bel vor Kratzspuren gesch\u00fctzt. Die Socken k\u00f6nnen bei 30\u00b0 [&hellip;]<\/p>\n","protected":false},"featured_media":49937,"comment_status":"closed","ping_status":"open","template":"","meta":[],"product_cat":[15306],"product_tag":[],"class_list":{"0":"post-49941","1":"product","2":"type-product","3":"status-publish","4":"has-post-thumbnail","6":"product_cat-hundepfoten-krallenpflege-pflege-gesundheit-funktions-kleidunghundewelt-hundebekleidung-funktions-kleidunghundewelt","8":"first","9":"instock","10":"taxable","11":"shipping-taxable","12":"purchasable","13":"product-type-simple"},"_links":{"self":[{"href":"https:\/\/all-pets.de\/shop\/wp-json\/wp\/v2\/product\/49941","targetHints":{"allow":["GET"]}}],"collection":[{"href":"https:\/\/all-pets.de\/shop\/wp-json\/wp\/v2\/product"}],"about":[{"href":"https:\/\/all-pets.de\/shop\/wp-json\/wp\/v2\/types\/product"}],"replies":[{"embeddable":true,"href":"https:\/\/all-pets.de\/shop\/wp-json\/wp\/v2\/comments?post=49941"}],"wp:featuredmedia":[{"embeddable":true,"href":"https:\/\/all-pets.de\/shop\/wp-json\/wp\/v2\/media\/49937"}],"wp:attachment":[{"href":"https:\/\/all-pets.de\/shop\/wp-json\/wp\/v2\/media?parent=49941"}],"wp:term":[{"taxonomy":"product_cat","embeddable":true,"href":"https:\/\/all-pets.de\/shop\/wp-json\/wp\/v2\/product_cat?post=49941"},{"taxonomy":"product_tag","embeddable":true,"href":"https:\/\/all-pets.de\/shop\/wp-json\/wp\/v2\/product_tag?post=49941"}],"curies":[{"name":"wp","href":"https:\/\/api.w.org\/{rel}","templated":true}]}}