{"id":49952,"date":"2023-12-12T12:33:12","date_gmt":"2023-12-12T11:33:12","guid":{"rendered":"https:\/\/pet-shopping.de\/shop\/produkt\/karlie-flamingo-leine-fabuleash-animal-pink-animal\/"},"modified":"2023-12-12T12:33:12","modified_gmt":"2023-12-12T11:33:12","slug":"karlie-flamingo-leine-fabuleash-animal-pink-animal","status":"publish","type":"product","link":"https:\/\/all-pets.de\/shop\/produkt\/karlie-flamingo-leine-fabuleash-animal-pink-animal\/","title":{"rendered":"Karlie Flamingo Leine Fabuleash Animal &#8211; Pink Animal"},"content":{"rendered":"<p>Die Karlie Flamingo Leine Fabuleash ist eine funky Mischung aus Acryl-Perlen auf einem stabilen Edelstahl-Kabel mit einem Nylongriff.<\/p>\n<p>Die Leine ist Pull-getestet und h\u00e4lt weit \u00fcber 100 Pfund.<\/p>\n<p>Farbe: Pink Animal<br \/> L\u00e4nge: 122 cm<\/p>\n","protected":false},"excerpt":{"rendered":"<p>Die Karlie Flamingo Leine Fabuleash ist eine funky Mischung aus Acryl-Perlen auf einem stabilen Edelstahl-Kabel mit einem Nylongriff. Die Leine ist Pull-getestet und h\u00e4lt weit \u00fcber 100 Pfund. Farbe: Pink Animal L\u00e4nge: 122 cm<\/p>\n","protected":false},"featured_media":259,"comment_status":"closed","ping_status":"open","template":"","meta":[],"product_cat":[14033],"product_tag":[],"class_list":{"0":"post-49952","1":"product","2":"type-product","3":"status-publish","4":"has-post-thumbnail","6":"product_cat-weitere-leinen-leinen","8":"first","9":"instock","10":"taxable","11":"shipping-taxable","12":"purchasable","13":"product-type-simple"},"_links":{"self":[{"href":"https:\/\/all-pets.de\/shop\/wp-json\/wp\/v2\/product\/49952","targetHints":{"allow":["GET"]}}],"collection":[{"href":"https:\/\/all-pets.de\/shop\/wp-json\/wp\/v2\/product"}],"about":[{"href":"https:\/\/all-pets.de\/shop\/wp-json\/wp\/v2\/types\/product"}],"replies":[{"embeddable":true,"href":"https:\/\/all-pets.de\/shop\/wp-json\/wp\/v2\/comments?post=49952"}],"wp:featuredmedia":[{"embeddable":true,"href":"https:\/\/all-pets.de\/shop\/wp-json\/wp\/v2\/media\/259"}],"wp:attachment":[{"href":"https:\/\/all-pets.de\/shop\/wp-json\/wp\/v2\/media?parent=49952"}],"wp:term":[{"taxonomy":"product_cat","embeddable":true,"href":"https:\/\/all-pets.de\/shop\/wp-json\/wp\/v2\/product_cat?post=49952"},{"taxonomy":"product_tag","embeddable":true,"href":"https:\/\/all-pets.de\/shop\/wp-json\/wp\/v2\/product_tag?post=49952"}],"curies":[{"name":"wp","href":"https:\/\/api.w.org\/{rel}","templated":true}]}}