{"id":49953,"date":"2023-12-12T12:33:12","date_gmt":"2023-12-12T11:33:12","guid":{"rendered":"https:\/\/pet-shopping.de\/shop\/produkt\/karlie-art-buffalo-deco-halsband-lila-60cm-30mm\/"},"modified":"2023-12-12T12:33:12","modified_gmt":"2023-12-12T11:33:12","slug":"karlie-art-buffalo-deco-halsband-lila-60cm-30mm","status":"publish","type":"product","link":"https:\/\/all-pets.de\/shop\/produkt\/karlie-art-buffalo-deco-halsband-lila-60cm-30mm\/","title":{"rendered":"Karlie Art Buffalo Deco Halsband &#8211; Lila &#8211; 60cm \/ 30mm"},"content":{"rendered":"<p>Die Art Buffalo Deco Reihe umfasst Halsb\u00e4nder und Leinen aus supersoftem Kunstleder.<\/p>\n<p>Sie sind weich unterlegt f\u00fcr besten Tragekomfort, gen\u00e4ht, mit verchromten Beschl\u00e4gen und mit Zierelementen best\u00fcckt. <\/p>\n<p>Farbe: lila<br \/>Gesamtl\u00e4nge: 60 cm<br \/>Breite: ca. 30 mm<\/p>\n","protected":false},"excerpt":{"rendered":"<p>Die Art Buffalo Deco Reihe umfasst Halsb\u00e4nder und Leinen aus supersoftem Kunstleder. Sie sind weich unterlegt f\u00fcr besten Tragekomfort, gen\u00e4ht, mit verchromten Beschl\u00e4gen und mit Zierelementen best\u00fcckt. Farbe: lilaGesamtl\u00e4nge: 60 cmBreite: ca. 30 mm<\/p>\n","protected":false},"featured_media":49954,"comment_status":"closed","ping_status":"open","template":"","meta":[],"product_cat":[13940],"product_tag":[],"class_list":{"0":"post-49953","1":"product","2":"type-product","3":"status-publish","4":"has-post-thumbnail","6":"product_cat-weitere-halsbaender","8":"first","9":"instock","10":"taxable","11":"shipping-taxable","12":"purchasable","13":"product-type-simple"},"_links":{"self":[{"href":"https:\/\/all-pets.de\/shop\/wp-json\/wp\/v2\/product\/49953","targetHints":{"allow":["GET"]}}],"collection":[{"href":"https:\/\/all-pets.de\/shop\/wp-json\/wp\/v2\/product"}],"about":[{"href":"https:\/\/all-pets.de\/shop\/wp-json\/wp\/v2\/types\/product"}],"replies":[{"embeddable":true,"href":"https:\/\/all-pets.de\/shop\/wp-json\/wp\/v2\/comments?post=49953"}],"wp:featuredmedia":[{"embeddable":true,"href":"https:\/\/all-pets.de\/shop\/wp-json\/wp\/v2\/media\/49954"}],"wp:attachment":[{"href":"https:\/\/all-pets.de\/shop\/wp-json\/wp\/v2\/media?parent=49953"}],"wp:term":[{"taxonomy":"product_cat","embeddable":true,"href":"https:\/\/all-pets.de\/shop\/wp-json\/wp\/v2\/product_cat?post=49953"},{"taxonomy":"product_tag","embeddable":true,"href":"https:\/\/all-pets.de\/shop\/wp-json\/wp\/v2\/product_tag?post=49953"}],"curies":[{"name":"wp","href":"https:\/\/api.w.org\/{rel}","templated":true}]}}