{"id":49969,"date":"2023-12-12T12:33:15","date_gmt":"2023-12-12T11:33:15","guid":{"rendered":"https:\/\/pet-shopping.de\/shop\/produkt\/zeus-bomber-special-forces-spielzeug-23-cm-tiger-axel\/"},"modified":"2023-12-12T12:33:15","modified_gmt":"2023-12-12T11:33:15","slug":"zeus-bomber-special-forces-spielzeug-23-cm-tiger-axel","status":"publish","type":"product","link":"https:\/\/all-pets.de\/shop\/produkt\/zeus-bomber-special-forces-spielzeug-23-cm-tiger-axel\/","title":{"rendered":"Zeus Bomber Special Forces Spielzeug &#8211; 23 cm &#8211; Tiger Axel"},"content":{"rendered":"<ul>\n<li>Ultraweicher Pl\u00fcsch<\/li>\n<li>Robustes, widerstandsf\u00e4higes Futter<\/li>\n<li>Doppeltvern\u00e4hte N\u00e4hte<\/li>\n<li>Waschbar<\/li>\n<li>Mit Quietschger\u00e4usch f\u00fcr zus\u00e4tzliche Unterhaltung<\/li>\n<li>Sie schwimmen auf Wasser!<\/li>\n<li>Variante: Tiger Axel <\/li>\n<li>Gr\u00f6\u00dfe: ca. 23 cm <\/li>\n<\/ul>\n<p> Tief unter der Erde in der Kommandozentrale der Dog Toy Special Forces wurde ein k\u00fchner Plan in die Tat umgesetzt\u2026 <br \/> \u00a0 <br \/> DER PLAN: <br \/> Eine Spezialeinheit aus unvermuteten Helden sollte aus allen Ecken des Tierreiches rekrutiert werden. <br \/> \u00a0 <br \/> IHRE MISSION: <br \/> Sie sollen bei allen Hunden weltweit f\u00fcr stundenlangen Spa\u00df und Spiel sorgen. <br \/> \u00a0 <br \/> Die Special Forces Spielzeuge wurden konzipiert, um der enthusiastisches Liebe standzuhalten, die nur ein Hund geben kann. Eine Kombination aus weichem Pl\u00fcsch-Au\u00dfenmaterial, einem patentierten, widerstandsf\u00e4higen, kaufesten Futter und den doppelt vern\u00e4hten N\u00e4hten macht die Special Forces zu den ultimativen Spielzeugen f\u00fcr taffe Liebe und taffes Spiel.<\/p>\n","protected":false},"excerpt":{"rendered":"<p>Ultraweicher Pl\u00fcsch Robustes, widerstandsf\u00e4higes Futter Doppeltvern\u00e4hte N\u00e4hte Waschbar Mit Quietschger\u00e4usch f\u00fcr zus\u00e4tzliche Unterhaltung Sie schwimmen auf Wasser! Variante: Tiger Axel Gr\u00f6\u00dfe: ca. 23 cm Tief unter der Erde in der Kommandozentrale der Dog Toy Special Forces wurde ein k\u00fchner Plan in die Tat umgesetzt\u2026 \u00a0 DER PLAN: Eine Spezialeinheit aus unvermuteten Helden sollte aus allen [&hellip;]<\/p>\n","protected":false},"featured_media":469,"comment_status":"closed","ping_status":"open","template":"","meta":[],"product_cat":[13828],"product_tag":[],"class_list":{"0":"post-49969","1":"product","2":"type-product","3":"status-publish","4":"has-post-thumbnail","6":"product_cat-plueschspielzeug-hundespielzeug-sport","8":"first","9":"instock","10":"taxable","11":"shipping-taxable","12":"purchasable","13":"product-type-simple"},"_links":{"self":[{"href":"https:\/\/all-pets.de\/shop\/wp-json\/wp\/v2\/product\/49969","targetHints":{"allow":["GET"]}}],"collection":[{"href":"https:\/\/all-pets.de\/shop\/wp-json\/wp\/v2\/product"}],"about":[{"href":"https:\/\/all-pets.de\/shop\/wp-json\/wp\/v2\/types\/product"}],"replies":[{"embeddable":true,"href":"https:\/\/all-pets.de\/shop\/wp-json\/wp\/v2\/comments?post=49969"}],"wp:featuredmedia":[{"embeddable":true,"href":"https:\/\/all-pets.de\/shop\/wp-json\/wp\/v2\/media\/469"}],"wp:attachment":[{"href":"https:\/\/all-pets.de\/shop\/wp-json\/wp\/v2\/media?parent=49969"}],"wp:term":[{"taxonomy":"product_cat","embeddable":true,"href":"https:\/\/all-pets.de\/shop\/wp-json\/wp\/v2\/product_cat?post=49969"},{"taxonomy":"product_tag","embeddable":true,"href":"https:\/\/all-pets.de\/shop\/wp-json\/wp\/v2\/product_tag?post=49969"}],"curies":[{"name":"wp","href":"https:\/\/api.w.org\/{rel}","templated":true}]}}