{"id":49972,"date":"2023-12-12T12:33:15","date_gmt":"2023-12-12T11:33:15","guid":{"rendered":"https:\/\/pet-shopping.de\/shop\/produkt\/wild-dinner-gourmet-wurst-pute-mit-hirse-400-g\/"},"modified":"2023-12-12T12:33:15","modified_gmt":"2023-12-12T11:33:15","slug":"wild-dinner-gourmet-wurst-pute-mit-hirse-400-g","status":"publish","type":"product","link":"https:\/\/all-pets.de\/shop\/produkt\/wild-dinner-gourmet-wurst-pute-mit-hirse-400-g\/","title":{"rendered":"Wild Dinner Gourmet-Wurst Pute mit Hirse &#8211; 400 g"},"content":{"rendered":"<p><b>Wild Dinner Gourmet-Wurst <\/b><b>&#8211; das Premium-Nassfutter f\u00fcr Ihren Hund nach 100% Lebensmittelstandard.<\/b><\/p>\n<p>Herk\u00f6mmliches Nassfutter wird oft mit diversen minderwertigen Inhaltsstoffen und Zus\u00e4tzen hergestellt, die sich sch\u00e4dlich auf die Gesundheit Ihres Hundes auswirken k\u00f6nnen. <br \/>Aus diesem Grund verzichten wir kosequent auf tierische Nebenerzeugnisse, Schlachtabf\u00e4lle und Fleischmehle sowie K\u00fcnstliche Konservierungs-, Aroma- und Farbstoffe. <br \/>Bei den Wild Dinner Gourmet-W\u00fcrsten wird auf einen sehr hohen Fleischanteil (mindestens 90%) sowie weitere hochqualitative und gut verdauliche Inhaltsstoffe gesetzt. <br \/>Au\u00dferdem sind alle Sorten komplett frei von glutenhaltigem Getreide. Stattdessen setzen wir auf hochwertige Alternativen wie Hokkaido, Amaranth, S\u00fc\u00dfkartoffel, Hirse oder Reis.<\/p>\n<p>Die Gourmet-W\u00fcrste werden in schonender Dampfgarung in Deutschland zubereitet. <\/p>\n<p>In jeder Sorte wird ausschlie\u00dflich eine Fleischquelle verwendet, sodass die Produkte nicht nur f\u00fcr Hunde mit Futtermittel-Allergien bestens geeignet sind, sondern auch zur Ausschluss-Di\u00e4t verwendet werden k\u00f6nnen.<\/p>\n<p>Durch die schnittfeste Konsistenz lassen sie sich nicht nur perfekt portionieren, sondern auch sehr gut als Snack verwenden. So l\u00e4sst sich die Futtermenge auch w\u00e4hrend intensiven Trainings-Phasen einfach im Blick behalten.<\/p>\n<p>In der Wild Dinner Gourmet-Wurst Pute mit Hirse sind 91% Fleisch und Innereien von der Pute sowie Hirse, Apfel und Rote Beete verarbeitet.<\/p>\n<p><b>Alleinfuttermittel f\u00fcr Hunde<\/b><\/p>\n<ul>\n<li>100% Lebensmittelstandard<\/li>\n<li>Deutsches Qualit\u00e4tserzeugnis<\/li>\n<li>Extra hoher Fleischanteil<\/li>\n<li>Schonende Zubereitung durch Dampfgarung<\/li>\n<li>Schnittfest zur leichten Portionierung<\/li>\n<li>Reines Naturprodukt<\/li>\n<\/ul>\n<p><b>Wir verzichten konsequent auf:<\/b><\/p>\n<ul>\n<li>K\u00fcnstliche Konservierungs-, Aroma- und Farbstoffe<\/li>\n<li>Minderwertige Nebenerzeugnisse<\/li>\n<li>Schlachtabf\u00e4lle<\/li>\n<li>Fleischmehle<\/li>\n<li>Zucker<\/li>\n<li>F\u00fcllstoffe<\/li>\n<\/ul>\n<p><b>F\u00fctterungsempfehlung f\u00fcr ausgewachsene Hunde:<\/b><\/p>\n<p>F\u00fcttern Sie t\u00e4glich pro 5 kg K\u00f6rpergewicht ca. 200 g.<\/p>\n<p>Diese Empfehlung ist ein Richtwert. Der individuelle Bedarf richtet sich nach Rasse, Aktivit\u00e4t, Alter und Haltungsbedingungen.<\/p>\n<p>Bitte zimmerwarm f\u00fcttern und immer ausreichend frisches Trinkwasser bereitstellen.<\/p>\n<p><b>Zusammensetzung:<\/b><\/p>\n<p>Fleisch und Innereien ausschlie\u00dflich von der Pute (91%) bestehend aus 40% Putenfleischfleisch, 20% Putenherzen, 16% Putenleber, 15% Putenh\u00e4lse, Hirse (4%), Apfel (3%), Rote Beete (1%), Mineralstoffe (1%)<\/p>\n<p><b>Analytische Bestandteile:<\/b><\/p>\n<ul>\n<li>Protein: 10,3 %<\/li>\n<li>Fettgehalt: 5,7 %<\/li>\n<li>Rohasche: 2,2 %<\/li>\n<li>Rohfaser: 0,7 %<\/li>\n<li>Feuchtigkeit: 79 %<\/li>\n<\/ul>\n<p><b>Ern\u00e4hrungsphysiologische Zusatzstoffe:<\/b><\/p>\n<p>Vitamin B1 2,64mg, Vitamin B2 3,96mg, Vitamin B6 2,4mg, Vitamin B12 26,4mcg, Vitamin D3 201,6 IE, Vitamin E 20,16mg, Vitamin H (Biotin) 50,4mcg, Fols\u00e4ure 1,2mg, Niacinamid 13,2mg, Calcium-D-Panthothenat 11mg, Eisen 11mg, Kupfer 2,69mg, Mangan 1,7mg, Zink 21mg, Jod 0,45mg, Selen 0,07mg<\/p>\n","protected":false},"excerpt":{"rendered":"<p>Wild Dinner Gourmet-Wurst &#8211; das Premium-Nassfutter f\u00fcr Ihren Hund nach 100% Lebensmittelstandard. Herk\u00f6mmliches Nassfutter wird oft mit diversen minderwertigen Inhaltsstoffen und Zus\u00e4tzen hergestellt, die sich sch\u00e4dlich auf die Gesundheit Ihres Hundes auswirken k\u00f6nnen. Aus diesem Grund verzichten wir kosequent auf tierische Nebenerzeugnisse, Schlachtabf\u00e4lle und Fleischmehle sowie K\u00fcnstliche Konservierungs-, Aroma- und Farbstoffe. Bei den Wild Dinner [&hellip;]<\/p>\n","protected":false},"featured_media":49973,"comment_status":"closed","ping_status":"open","template":"","meta":[],"product_cat":[15310],"product_tag":[],"class_list":{"0":"post-49972","1":"product","2":"type-product","3":"status-publish","4":"has-post-thumbnail","6":"product_cat-pet-star-hunde-nassfutter","8":"first","9":"instock","10":"taxable","11":"shipping-taxable","12":"purchasable","13":"product-type-simple"},"_links":{"self":[{"href":"https:\/\/all-pets.de\/shop\/wp-json\/wp\/v2\/product\/49972","targetHints":{"allow":["GET"]}}],"collection":[{"href":"https:\/\/all-pets.de\/shop\/wp-json\/wp\/v2\/product"}],"about":[{"href":"https:\/\/all-pets.de\/shop\/wp-json\/wp\/v2\/types\/product"}],"replies":[{"embeddable":true,"href":"https:\/\/all-pets.de\/shop\/wp-json\/wp\/v2\/comments?post=49972"}],"wp:featuredmedia":[{"embeddable":true,"href":"https:\/\/all-pets.de\/shop\/wp-json\/wp\/v2\/media\/49973"}],"wp:attachment":[{"href":"https:\/\/all-pets.de\/shop\/wp-json\/wp\/v2\/media?parent=49972"}],"wp:term":[{"taxonomy":"product_cat","embeddable":true,"href":"https:\/\/all-pets.de\/shop\/wp-json\/wp\/v2\/product_cat?post=49972"},{"taxonomy":"product_tag","embeddable":true,"href":"https:\/\/all-pets.de\/shop\/wp-json\/wp\/v2\/product_tag?post=49972"}],"curies":[{"name":"wp","href":"https:\/\/api.w.org\/{rel}","templated":true}]}}