{"id":49981,"date":"2023-12-12T12:33:20","date_gmt":"2023-12-12T11:33:20","guid":{"rendered":"https:\/\/pet-shopping.de\/shop\/produkt\/trixie-wechsel-einlagen-fuer-ruedenwindeln-m\/"},"modified":"2023-12-12T12:33:21","modified_gmt":"2023-12-12T11:33:21","slug":"trixie-wechsel-einlagen-fuer-ruedenwindeln-m","status":"publish","type":"product","link":"https:\/\/all-pets.de\/shop\/produkt\/trixie-wechsel-einlagen-fuer-ruedenwindeln-m\/","title":{"rendered":"Trixie Wechsel-Einlagen f\u00fcr R\u00fcdenwindeln &#8211; M"},"content":{"rendered":"<ul>\n<li>passend f\u00fcr alle TRIXIE R\u00fcdenwindeln in Gr\u00f6\u00dfe M<\/li>\n<li>Inhalt: 10 St.<\/li>\n<li>Vlies (Polyester)<\/li>\n<\/ul>\n","protected":false},"excerpt":{"rendered":"<p>passend f\u00fcr alle TRIXIE R\u00fcdenwindeln in Gr\u00f6\u00dfe M Inhalt: 10 St. Vlies (Polyester)<\/p>\n","protected":false},"featured_media":49979,"comment_status":"closed","ping_status":"open","template":"","meta":[],"product_cat":[15311],"product_tag":[],"class_list":{"0":"post-49981","1":"product","2":"type-product","3":"status-publish","4":"has-post-thumbnail","6":"product_cat-hundetoiletten-hygiene-pflege-gesundheit-hundewelt","8":"first","9":"instock","10":"taxable","11":"shipping-taxable","12":"purchasable","13":"product-type-simple"},"_links":{"self":[{"href":"https:\/\/all-pets.de\/shop\/wp-json\/wp\/v2\/product\/49981","targetHints":{"allow":["GET"]}}],"collection":[{"href":"https:\/\/all-pets.de\/shop\/wp-json\/wp\/v2\/product"}],"about":[{"href":"https:\/\/all-pets.de\/shop\/wp-json\/wp\/v2\/types\/product"}],"replies":[{"embeddable":true,"href":"https:\/\/all-pets.de\/shop\/wp-json\/wp\/v2\/comments?post=49981"}],"wp:featuredmedia":[{"embeddable":true,"href":"https:\/\/all-pets.de\/shop\/wp-json\/wp\/v2\/media\/49979"}],"wp:attachment":[{"href":"https:\/\/all-pets.de\/shop\/wp-json\/wp\/v2\/media?parent=49981"}],"wp:term":[{"taxonomy":"product_cat","embeddable":true,"href":"https:\/\/all-pets.de\/shop\/wp-json\/wp\/v2\/product_cat?post=49981"},{"taxonomy":"product_tag","embeddable":true,"href":"https:\/\/all-pets.de\/shop\/wp-json\/wp\/v2\/product_tag?post=49981"}],"curies":[{"name":"wp","href":"https:\/\/api.w.org\/{rel}","templated":true}]}}