{"id":49987,"date":"2023-12-12T12:33:20","date_gmt":"2023-12-12T11:33:20","guid":{"rendered":"https:\/\/pet-shopping.de\/shop\/produkt\/karlie-windhund-halsband-ventus-55cm-gelb\/"},"modified":"2023-12-12T12:33:22","modified_gmt":"2023-12-12T11:33:22","slug":"karlie-windhund-halsband-ventus-55cm-gelb","status":"publish","type":"product","link":"https:\/\/all-pets.de\/shop\/produkt\/karlie-windhund-halsband-ventus-55cm-gelb\/","title":{"rendered":"Karlie Windhund-Halsband Ventus &#8211; 55cm \/ Gelb"},"content":{"rendered":"<ul>\n<li>Aus Kalbsleder mit Strau\u00dfenlederpr\u00e4gung und Vintage Leder unterlegt<\/li>\n<li>Genietet<\/li>\n<li>Verchromte Beschl\u00e4ge<\/li>\n<li>Handwerklich in Deutschland verarbeitet<\/li>\n<li>Farbe: Gelb<\/li>\n<\/ul>\n","protected":false},"excerpt":{"rendered":"<p>Aus Kalbsleder mit Strau\u00dfenlederpr\u00e4gung und Vintage Leder unterlegt Genietet Verchromte Beschl\u00e4ge Handwerklich in Deutschland verarbeitet Farbe: Gelb<\/p>\n","protected":false},"featured_media":49988,"comment_status":"closed","ping_status":"open","template":"","meta":[],"product_cat":[13790],"product_tag":[],"class_list":{"0":"post-49987","1":"product","2":"type-product","3":"status-publish","4":"has-post-thumbnail","6":"product_cat-lederhalsbaender","8":"first","9":"instock","10":"taxable","11":"shipping-taxable","12":"purchasable","13":"product-type-simple"},"_links":{"self":[{"href":"https:\/\/all-pets.de\/shop\/wp-json\/wp\/v2\/product\/49987","targetHints":{"allow":["GET"]}}],"collection":[{"href":"https:\/\/all-pets.de\/shop\/wp-json\/wp\/v2\/product"}],"about":[{"href":"https:\/\/all-pets.de\/shop\/wp-json\/wp\/v2\/types\/product"}],"replies":[{"embeddable":true,"href":"https:\/\/all-pets.de\/shop\/wp-json\/wp\/v2\/comments?post=49987"}],"wp:featuredmedia":[{"embeddable":true,"href":"https:\/\/all-pets.de\/shop\/wp-json\/wp\/v2\/media\/49988"}],"wp:attachment":[{"href":"https:\/\/all-pets.de\/shop\/wp-json\/wp\/v2\/media?parent=49987"}],"wp:term":[{"taxonomy":"product_cat","embeddable":true,"href":"https:\/\/all-pets.de\/shop\/wp-json\/wp\/v2\/product_cat?post=49987"},{"taxonomy":"product_tag","embeddable":true,"href":"https:\/\/all-pets.de\/shop\/wp-json\/wp\/v2\/product_tag?post=49987"}],"curies":[{"name":"wp","href":"https:\/\/api.w.org\/{rel}","templated":true}]}}