{"id":49995,"date":"2023-12-12T12:33:24","date_gmt":"2023-12-12T11:33:24","guid":{"rendered":"https:\/\/pet-shopping.de\/shop\/produkt\/trixie-be-nordic-halstuch-dunkelblau-l-50-cm\/"},"modified":"2023-12-12T12:33:25","modified_gmt":"2023-12-12T11:33:25","slug":"trixie-be-nordic-halstuch-dunkelblau-l-50-cm","status":"publish","type":"product","link":"https:\/\/all-pets.de\/shop\/produkt\/trixie-be-nordic-halstuch-dunkelblau-l-50-cm\/","title":{"rendered":"Trixie BE NORDIC Halstuch &#8211; dunkelblau &#8211; L \/ 50 cm"},"content":{"rendered":"<ul>\n<li>mit Druckkn\u00f6pfen<\/li>\n<li>Baumwolle<\/li>\n<li>mit Anker-Motiv<\/li>\n<li>Farbe: dunkelblau<\/li>\n<li>Gr\u00f6\u00dfe L: ca. 50 cm<\/li>\n<\/ul>\n","protected":false},"excerpt":{"rendered":"<p>mit Druckkn\u00f6pfen Baumwolle mit Anker-Motiv Farbe: dunkelblau Gr\u00f6\u00dfe L: ca. 50 cm<\/p>\n","protected":false},"featured_media":49993,"comment_status":"closed","ping_status":"open","template":"","meta":[],"product_cat":[15314],"product_tag":[],"class_list":{"0":"post-49995","1":"product","2":"type-product","3":"status-publish","4":"has-post-thumbnail","6":"product_cat-weitere-halsbaender-halsbaender-halsbaender-leinen-funktions-kleidunghundewelt-unterwegs-funktions-kleidunghundewelt-hundebekleidung-hundewelt","8":"first","9":"instock","10":"taxable","11":"shipping-taxable","12":"purchasable","13":"product-type-simple"},"_links":{"self":[{"href":"https:\/\/all-pets.de\/shop\/wp-json\/wp\/v2\/product\/49995","targetHints":{"allow":["GET"]}}],"collection":[{"href":"https:\/\/all-pets.de\/shop\/wp-json\/wp\/v2\/product"}],"about":[{"href":"https:\/\/all-pets.de\/shop\/wp-json\/wp\/v2\/types\/product"}],"replies":[{"embeddable":true,"href":"https:\/\/all-pets.de\/shop\/wp-json\/wp\/v2\/comments?post=49995"}],"wp:featuredmedia":[{"embeddable":true,"href":"https:\/\/all-pets.de\/shop\/wp-json\/wp\/v2\/media\/49993"}],"wp:attachment":[{"href":"https:\/\/all-pets.de\/shop\/wp-json\/wp\/v2\/media?parent=49995"}],"wp:term":[{"taxonomy":"product_cat","embeddable":true,"href":"https:\/\/all-pets.de\/shop\/wp-json\/wp\/v2\/product_cat?post=49995"},{"taxonomy":"product_tag","embeddable":true,"href":"https:\/\/all-pets.de\/shop\/wp-json\/wp\/v2\/product_tag?post=49995"}],"curies":[{"name":"wp","href":"https:\/\/api.w.org\/{rel}","templated":true}]}}