{"id":49996,"date":"2023-12-12T12:33:24","date_gmt":"2023-12-12T11:33:24","guid":{"rendered":"https:\/\/pet-shopping.de\/shop\/produkt\/karlie-flamingo-fellipet-leckerlibox-31-l\/"},"modified":"2023-12-12T12:33:25","modified_gmt":"2023-12-12T11:33:25","slug":"karlie-flamingo-fellipet-leckerlibox-31-l","status":"publish","type":"product","link":"https:\/\/all-pets.de\/shop\/produkt\/karlie-flamingo-fellipet-leckerlibox-31-l\/","title":{"rendered":"Karlie Flamingo Fellipet Leckerlibox &#8211; 3,1 l"},"content":{"rendered":"<p>Die Fellipet Leckerlibox im einzigartigen Design h\u00e4lt die Leckerli Ihres Lieblings frisch. Mit dem durchsichtigen Material haben Sie immer im Blick, wie viele Leckerli noch vorhanden sind. Die Box schlie\u00dft 100% luftdicht ab, splittert nicht, ist einfach aufzubewahren und sp\u00fclmaschinenbest\u00e4ndig. <\/p>\n<p>Fassungsverm\u00f6gen: ca. 3,1 l<br \/> H\u00f6he: ca. 30,5 cm <\/p>\n<p>Eine Farbwahl ist leider nicht m\u00f6glich, da die Farbe je nach Lagerbestand gew\u00e4hlt wird. <br \/> Im Lieferumfang ist eine Box enthalten.<\/p>\n","protected":false},"excerpt":{"rendered":"<p>Die Fellipet Leckerlibox im einzigartigen Design h\u00e4lt die Leckerli Ihres Lieblings frisch. Mit dem durchsichtigen Material haben Sie immer im Blick, wie viele Leckerli noch vorhanden sind. Die Box schlie\u00dft 100% luftdicht ab, splittert nicht, ist einfach aufzubewahren und sp\u00fclmaschinenbest\u00e4ndig. Fassungsverm\u00f6gen: ca. 3,1 l H\u00f6he: ca. 30,5 cm Eine Farbwahl ist leider nicht m\u00f6glich, da [&hellip;]<\/p>\n","protected":false},"featured_media":656,"comment_status":"closed","ping_status":"open","template":"","meta":[],"product_cat":[15319],"product_tag":[],"class_list":{"0":"post-49996","1":"product","2":"type-product","3":"status-publish","4":"has-post-thumbnail","6":"product_cat-nuetzliche-helfer-haus-hof-nuetzliches-zubehoerhundewelt-katzennaepfe-traenken-futter-und-snackdosenkatzenwelt-hundenaepfe-traenken","8":"first","9":"instock","10":"taxable","11":"shipping-taxable","12":"purchasable","13":"product-type-simple"},"_links":{"self":[{"href":"https:\/\/all-pets.de\/shop\/wp-json\/wp\/v2\/product\/49996","targetHints":{"allow":["GET"]}}],"collection":[{"href":"https:\/\/all-pets.de\/shop\/wp-json\/wp\/v2\/product"}],"about":[{"href":"https:\/\/all-pets.de\/shop\/wp-json\/wp\/v2\/types\/product"}],"replies":[{"embeddable":true,"href":"https:\/\/all-pets.de\/shop\/wp-json\/wp\/v2\/comments?post=49996"}],"wp:featuredmedia":[{"embeddable":true,"href":"https:\/\/all-pets.de\/shop\/wp-json\/wp\/v2\/media\/656"}],"wp:attachment":[{"href":"https:\/\/all-pets.de\/shop\/wp-json\/wp\/v2\/media?parent=49996"}],"wp:term":[{"taxonomy":"product_cat","embeddable":true,"href":"https:\/\/all-pets.de\/shop\/wp-json\/wp\/v2\/product_cat?post=49996"},{"taxonomy":"product_tag","embeddable":true,"href":"https:\/\/all-pets.de\/shop\/wp-json\/wp\/v2\/product_tag?post=49996"}],"curies":[{"name":"wp","href":"https:\/\/api.w.org\/{rel}","templated":true}]}}