{"id":50002,"date":"2023-12-12T12:33:30","date_gmt":"2023-12-12T11:33:30","guid":{"rendered":"https:\/\/pet-shopping.de\/shop\/produkt\/karlie-flamingo-hundeschutzhose-5\/"},"modified":"2023-12-12T12:33:30","modified_gmt":"2023-12-12T11:33:30","slug":"karlie-flamingo-hundeschutzhose-5","status":"publish","type":"product","link":"https:\/\/all-pets.de\/shop\/produkt\/karlie-flamingo-hundeschutzhose-5\/","title":{"rendered":"Karlie Flamingo Hundeschutzhose &#8211; 5"},"content":{"rendered":"<p>Perfekter Schutz f\u00fcr Ihre H\u00fcndin w\u00e4hrend der L\u00e4ufigkeit.<\/p>\n<p>Das Schutzh\u00f6schen mit dehnbarem und verstellbarem Bund l\u00e4sst sich ideal an die Hundetaille anpassen und bietet Ihrer Wohnung und Ihren M\u00f6beln so den besten Schutz vor Verunreinigungen w\u00e4hrend der L\u00e4ufigkeit.<\/p>\n<p>Slipeinlagen sind nicht im Lieferumfang enthalten!<\/p>\n<p>Gr\u00f6\u00dfe 5: Taillenumfang ca. 47 &#8211; 60 cm<\/p>\n","protected":false},"excerpt":{"rendered":"<p>Perfekter Schutz f\u00fcr Ihre H\u00fcndin w\u00e4hrend der L\u00e4ufigkeit. Das Schutzh\u00f6schen mit dehnbarem und verstellbarem Bund l\u00e4sst sich ideal an die Hundetaille anpassen und bietet Ihrer Wohnung und Ihren M\u00f6beln so den besten Schutz vor Verunreinigungen w\u00e4hrend der L\u00e4ufigkeit. Slipeinlagen sind nicht im Lieferumfang enthalten! Gr\u00f6\u00dfe 5: Taillenumfang ca. 47 &#8211; 60 cm<\/p>\n","protected":false},"featured_media":665,"comment_status":"closed","ping_status":"open","template":"","meta":[],"product_cat":[15320],"product_tag":[],"class_list":{"0":"post-50002","1":"product","2":"type-product","3":"status-publish","4":"has-post-thumbnail","6":"product_cat-funktions-kleidung-hundebekleidung-funktions-kleidunghundewelt-unterwegs-hundetoiletten-hygiene-hundewelt","8":"first","9":"instock","10":"taxable","11":"shipping-taxable","12":"purchasable","13":"product-type-simple"},"_links":{"self":[{"href":"https:\/\/all-pets.de\/shop\/wp-json\/wp\/v2\/product\/50002","targetHints":{"allow":["GET"]}}],"collection":[{"href":"https:\/\/all-pets.de\/shop\/wp-json\/wp\/v2\/product"}],"about":[{"href":"https:\/\/all-pets.de\/shop\/wp-json\/wp\/v2\/types\/product"}],"replies":[{"embeddable":true,"href":"https:\/\/all-pets.de\/shop\/wp-json\/wp\/v2\/comments?post=50002"}],"wp:featuredmedia":[{"embeddable":true,"href":"https:\/\/all-pets.de\/shop\/wp-json\/wp\/v2\/media\/665"}],"wp:attachment":[{"href":"https:\/\/all-pets.de\/shop\/wp-json\/wp\/v2\/media?parent=50002"}],"wp:term":[{"taxonomy":"product_cat","embeddable":true,"href":"https:\/\/all-pets.de\/shop\/wp-json\/wp\/v2\/product_cat?post=50002"},{"taxonomy":"product_tag","embeddable":true,"href":"https:\/\/all-pets.de\/shop\/wp-json\/wp\/v2\/product_tag?post=50002"}],"curies":[{"name":"wp","href":"https:\/\/api.w.org\/{rel}","templated":true}]}}