{"id":50010,"date":"2023-12-12T12:33:30","date_gmt":"2023-12-12T11:33:30","guid":{"rendered":"https:\/\/pet-shopping.de\/shop\/produkt\/trixie-flash-leuchtband-usb-gruen-50-cm-18-mm\/"},"modified":"2023-12-12T12:33:31","modified_gmt":"2023-12-12T11:33:31","slug":"trixie-flash-leuchtband-usb-gruen-50-cm-18-mm","status":"publish","type":"product","link":"https:\/\/all-pets.de\/shop\/produkt\/trixie-flash-leuchtband-usb-gruen-50-cm-18-mm\/","title":{"rendered":"Trixie Flash Leuchtband USB &#8211; gr\u00fcn &#8211; 50 cm\/18 mm"},"content":{"rendered":"<ul>\n<li>Silikon<\/li>\n<li>wiederaufladbar<\/li>\n<li>bis zu 500m Sichtbarkeit<\/li>\n<li>bis zu 4 Stunden Blinklicht, bis zu 2,5 Stunden Dauerlicht<\/li>\n<li>spritzwassergesch\u00fctzt<\/li>\n<li>individuelle Gr\u00f6\u00dfenanpassung durch einfaches Zuschneiden<\/li>\n<li>extra breit (30 mm), besonders f\u00fcr langhaarige Hunde geeignet<\/li>\n<li>inkl. USB-Kabel (USB Adapter separat erh\u00e4ltlich: Artikel 12709)<\/li>\n<li>Farbe: gr\u00fcn<\/li>\n<li>Gr\u00f6\u00dfe: M-L<\/li>\n<li>L\u00e4nge\/Breite: ca. 50 cm\/18 mm<\/li>\n<\/ul>\n","protected":false},"excerpt":{"rendered":"<p>Silikon wiederaufladbar bis zu 500m Sichtbarkeit bis zu 4 Stunden Blinklicht, bis zu 2,5 Stunden Dauerlicht spritzwassergesch\u00fctzt individuelle Gr\u00f6\u00dfenanpassung durch einfaches Zuschneiden extra breit (30 mm), besonders f\u00fcr langhaarige Hunde geeignet inkl. USB-Kabel (USB Adapter separat erh\u00e4ltlich: Artikel 12709) Farbe: gr\u00fcn Gr\u00f6\u00dfe: M-L L\u00e4nge\/Breite: ca. 50 cm\/18 mm<\/p>\n","protected":false},"featured_media":50011,"comment_status":"closed","ping_status":"open","template":"","meta":[],"product_cat":[13783],"product_tag":[],"class_list":{"0":"post-50010","1":"product","2":"type-product","3":"status-publish","4":"has-post-thumbnail","6":"product_cat-sicherheit","8":"first","9":"instock","10":"taxable","11":"shipping-taxable","12":"purchasable","13":"product-type-simple"},"_links":{"self":[{"href":"https:\/\/all-pets.de\/shop\/wp-json\/wp\/v2\/product\/50010","targetHints":{"allow":["GET"]}}],"collection":[{"href":"https:\/\/all-pets.de\/shop\/wp-json\/wp\/v2\/product"}],"about":[{"href":"https:\/\/all-pets.de\/shop\/wp-json\/wp\/v2\/types\/product"}],"replies":[{"embeddable":true,"href":"https:\/\/all-pets.de\/shop\/wp-json\/wp\/v2\/comments?post=50010"}],"wp:featuredmedia":[{"embeddable":true,"href":"https:\/\/all-pets.de\/shop\/wp-json\/wp\/v2\/media\/50011"}],"wp:attachment":[{"href":"https:\/\/all-pets.de\/shop\/wp-json\/wp\/v2\/media?parent=50010"}],"wp:term":[{"taxonomy":"product_cat","embeddable":true,"href":"https:\/\/all-pets.de\/shop\/wp-json\/wp\/v2\/product_cat?post=50010"},{"taxonomy":"product_tag","embeddable":true,"href":"https:\/\/all-pets.de\/shop\/wp-json\/wp\/v2\/product_tag?post=50010"}],"curies":[{"name":"wp","href":"https:\/\/api.w.org\/{rel}","templated":true}]}}