{"id":50015,"date":"2023-12-12T12:33:32","date_gmt":"2023-12-12T11:33:32","guid":{"rendered":"https:\/\/pet-shopping.de\/shop\/produkt\/karlie-flamingo-creme-shampoo-mit-olivenoel-1000-ml\/"},"modified":"2023-12-12T12:33:32","modified_gmt":"2023-12-12T11:33:32","slug":"karlie-flamingo-creme-shampoo-mit-olivenoel-1000-ml","status":"publish","type":"product","link":"https:\/\/all-pets.de\/shop\/produkt\/karlie-flamingo-creme-shampoo-mit-olivenoel-1000-ml\/","title":{"rendered":"Karlie Flamingo Creme-Shampoo mit Oliven\u00f6l &#8211; 1000 ml"},"content":{"rendered":"<p>Das Creme-Shampoo h\u00e4lt das Fell gesund und verst\u00e4rkt das Haar. Mit pflegendem Oliven\u00f6l. <\/p>\n<p>Inhalt: 1000 ml<\/p>\n","protected":false},"excerpt":{"rendered":"<p>Das Creme-Shampoo h\u00e4lt das Fell gesund und verst\u00e4rkt das Haar. Mit pflegendem Oliven\u00f6l. Inhalt: 1000 ml<\/p>\n","protected":false},"featured_media":763,"comment_status":"closed","ping_status":"open","template":"","meta":[],"product_cat":[14071],"product_tag":[],"class_list":{"0":"post-50015","1":"product","2":"type-product","3":"status-publish","4":"has-post-thumbnail","6":"product_cat-shampoos","8":"first","9":"instock","10":"taxable","11":"shipping-taxable","12":"purchasable","13":"product-type-simple"},"_links":{"self":[{"href":"https:\/\/all-pets.de\/shop\/wp-json\/wp\/v2\/product\/50015","targetHints":{"allow":["GET"]}}],"collection":[{"href":"https:\/\/all-pets.de\/shop\/wp-json\/wp\/v2\/product"}],"about":[{"href":"https:\/\/all-pets.de\/shop\/wp-json\/wp\/v2\/types\/product"}],"replies":[{"embeddable":true,"href":"https:\/\/all-pets.de\/shop\/wp-json\/wp\/v2\/comments?post=50015"}],"wp:featuredmedia":[{"embeddable":true,"href":"https:\/\/all-pets.de\/shop\/wp-json\/wp\/v2\/media\/763"}],"wp:attachment":[{"href":"https:\/\/all-pets.de\/shop\/wp-json\/wp\/v2\/media?parent=50015"}],"wp:term":[{"taxonomy":"product_cat","embeddable":true,"href":"https:\/\/all-pets.de\/shop\/wp-json\/wp\/v2\/product_cat?post=50015"},{"taxonomy":"product_tag","embeddable":true,"href":"https:\/\/all-pets.de\/shop\/wp-json\/wp\/v2\/product_tag?post=50015"}],"curies":[{"name":"wp","href":"https:\/\/api.w.org\/{rel}","templated":true}]}}