{"id":50016,"date":"2023-12-12T12:33:32","date_gmt":"2023-12-12T11:33:32","guid":{"rendered":"https:\/\/pet-shopping.de\/shop\/produkt\/bunny-bedding-linum-35-l\/"},"modified":"2023-12-12T12:33:32","modified_gmt":"2023-12-12T11:33:32","slug":"bunny-bedding-linum-35-l","status":"publish","type":"product","link":"https:\/\/all-pets.de\/shop\/produkt\/bunny-bedding-linum-35-l\/","title":{"rendered":"Bunny Bedding Linum &#8211; 35 l"},"content":{"rendered":"<p>Bunny Bedding Linum ist eine Leinen-Naturstreu. Diese bietet Ihren Tieren sofort den maximalen Komfort und sorgt f\u00fcr eine behagliche, trockene Lauf- und Liegefl\u00e4che. Je nach Gr\u00f6\u00dfe des Geheges und der Anzahl der Tiere bleibt bunnyBedding Linum 14 Tage trocken und bindet zuverl\u00e4ssig Ammoniak.<\/p>\n<ul>\n<li>Super-pfotensoft<\/li>\n<li>Staubarm, schonend f\u00fcr die Atemwege<\/li>\n<li>Gute Saugkraft<\/li>\n<li>5-fach gereinigt<\/li>\n<li>Sparsam im Verbrauch<\/li>\n<li>Biologisch abbaubar  <\/li>\n<\/ul>\n","protected":false},"excerpt":{"rendered":"<p>Bunny Bedding Linum ist eine Leinen-Naturstreu. Diese bietet Ihren Tieren sofort den maximalen Komfort und sorgt f\u00fcr eine behagliche, trockene Lauf- und Liegefl\u00e4che. Je nach Gr\u00f6\u00dfe des Geheges und der Anzahl der Tiere bleibt bunnyBedding Linum 14 Tage trocken und bindet zuverl\u00e4ssig Ammoniak. Super-pfotensoft Staubarm, schonend f\u00fcr die Atemwege Gute Saugkraft 5-fach gereinigt Sparsam im [&hellip;]<\/p>\n","protected":false},"featured_media":765,"comment_status":"closed","ping_status":"open","template":"","meta":[],"product_cat":[15322],"product_tag":[],"class_list":{"0":"post-50016","1":"product","2":"type-product","3":"status-publish","4":"has-post-thumbnail","6":"product_cat-bunny-kleintierfutter-snacks-einstreu-nistmaterialkleintierwelt","8":"first","9":"instock","10":"taxable","11":"shipping-taxable","12":"purchasable","13":"product-type-simple"},"_links":{"self":[{"href":"https:\/\/all-pets.de\/shop\/wp-json\/wp\/v2\/product\/50016","targetHints":{"allow":["GET"]}}],"collection":[{"href":"https:\/\/all-pets.de\/shop\/wp-json\/wp\/v2\/product"}],"about":[{"href":"https:\/\/all-pets.de\/shop\/wp-json\/wp\/v2\/types\/product"}],"replies":[{"embeddable":true,"href":"https:\/\/all-pets.de\/shop\/wp-json\/wp\/v2\/comments?post=50016"}],"wp:featuredmedia":[{"embeddable":true,"href":"https:\/\/all-pets.de\/shop\/wp-json\/wp\/v2\/media\/765"}],"wp:attachment":[{"href":"https:\/\/all-pets.de\/shop\/wp-json\/wp\/v2\/media?parent=50016"}],"wp:term":[{"taxonomy":"product_cat","embeddable":true,"href":"https:\/\/all-pets.de\/shop\/wp-json\/wp\/v2\/product_cat?post=50016"},{"taxonomy":"product_tag","embeddable":true,"href":"https:\/\/all-pets.de\/shop\/wp-json\/wp\/v2\/product_tag?post=50016"}],"curies":[{"name":"wp","href":"https:\/\/api.w.org\/{rel}","templated":true}]}}