{"id":50017,"date":"2023-12-12T12:33:32","date_gmt":"2023-12-12T11:33:32","guid":{"rendered":"https:\/\/pet-shopping.de\/shop\/produkt\/trixie-keramiktunnel-fuer-kleintiere-15-x-7-x-8-cm\/"},"modified":"2023-12-12T12:33:32","modified_gmt":"2023-12-12T11:33:32","slug":"trixie-keramiktunnel-fuer-kleintiere-15-x-7-x-8-cm","status":"publish","type":"product","link":"https:\/\/all-pets.de\/shop\/produkt\/trixie-keramiktunnel-fuer-kleintiere-15-x-7-x-8-cm\/","title":{"rendered":"Trixie Keramiktunnel f\u00fcr Kleintiere &#8211; 15 \u00d7 7 \u00d7 8 cm"},"content":{"rendered":"<ul>\n<li>unterst\u00fctzt an warmen Tagen die Regulierung der K\u00f6rpertemperatur<\/li>\n<li>Ma\u00dfe: ca. 15 \u00d7 7 \u00d7 8 cm<\/li>\n<li>Farbe: terracotta<\/li>\n<li>geeignet f\u00fcr z.B. M\u00e4use, Hamster<\/li>\n<\/ul>\n","protected":false},"excerpt":{"rendered":"<p>unterst\u00fctzt an warmen Tagen die Regulierung der K\u00f6rpertemperatur Ma\u00dfe: ca. 15 \u00d7 7 \u00d7 8 cm Farbe: terracotta geeignet f\u00fcr z.B. M\u00e4use, Hamster<\/p>\n","protected":false},"featured_media":50018,"comment_status":"closed","ping_status":"open","template":"","meta":[],"product_cat":[14284],"product_tag":[],"class_list":{"0":"post-50017","1":"product","2":"type-product","3":"status-publish","4":"has-post-thumbnail","6":"product_cat-tunnel-hoehlen-bruecken-ausstattung-zubehoer-kleintierwelt","8":"first","9":"instock","10":"taxable","11":"shipping-taxable","12":"purchasable","13":"product-type-simple"},"_links":{"self":[{"href":"https:\/\/all-pets.de\/shop\/wp-json\/wp\/v2\/product\/50017","targetHints":{"allow":["GET"]}}],"collection":[{"href":"https:\/\/all-pets.de\/shop\/wp-json\/wp\/v2\/product"}],"about":[{"href":"https:\/\/all-pets.de\/shop\/wp-json\/wp\/v2\/types\/product"}],"replies":[{"embeddable":true,"href":"https:\/\/all-pets.de\/shop\/wp-json\/wp\/v2\/comments?post=50017"}],"wp:featuredmedia":[{"embeddable":true,"href":"https:\/\/all-pets.de\/shop\/wp-json\/wp\/v2\/media\/50018"}],"wp:attachment":[{"href":"https:\/\/all-pets.de\/shop\/wp-json\/wp\/v2\/media?parent=50017"}],"wp:term":[{"taxonomy":"product_cat","embeddable":true,"href":"https:\/\/all-pets.de\/shop\/wp-json\/wp\/v2\/product_cat?post=50017"},{"taxonomy":"product_tag","embeddable":true,"href":"https:\/\/all-pets.de\/shop\/wp-json\/wp\/v2\/product_tag?post=50017"}],"curies":[{"name":"wp","href":"https:\/\/api.w.org\/{rel}","templated":true}]}}