{"id":50027,"date":"2023-12-12T12:33:34","date_gmt":"2023-12-12T11:33:34","guid":{"rendered":"https:\/\/pet-shopping.de\/shop\/produkt\/karlie-flamingo-fleecedecke-milda-100-x-70-cm-schwarz\/"},"modified":"2023-12-12T12:33:35","modified_gmt":"2023-12-12T11:33:35","slug":"karlie-flamingo-fleecedecke-milda-100-x-70-cm-schwarz","status":"publish","type":"product","link":"https:\/\/all-pets.de\/shop\/produkt\/karlie-flamingo-fleecedecke-milda-100-x-70-cm-schwarz\/","title":{"rendered":"Karlie Flamingo Fleecedecke Milda &#8211; 100 x 70 cm &#8211; Schwarz"},"content":{"rendered":"<p>Die Decke Milda ist aus kuscheligem Fleece und macht so aus jedem Boden einen angenehmen Untergrund zum Ausruhen f\u00fcr Ihren Hund. Selbstverst\u00e4ndlich eignet sie sich auch ideal als Sofa-Auflage oder f\u00fcr viele weitere Gelegenheiten.<\/p>\n<p>Die Decke mit schickem Knochen-Motiv ist waschbar bis 30\u00b0C und hat eine Gr\u00f6\u00dfe von ca. 100 x 70 cm.<\/p>\n<p>Farbe: Schwarz<\/p>\n","protected":false},"excerpt":{"rendered":"<p>Die Decke Milda ist aus kuscheligem Fleece und macht so aus jedem Boden einen angenehmen Untergrund zum Ausruhen f\u00fcr Ihren Hund. Selbstverst\u00e4ndlich eignet sie sich auch ideal als Sofa-Auflage oder f\u00fcr viele weitere Gelegenheiten. Die Decke mit schickem Knochen-Motiv ist waschbar bis 30\u00b0C und hat eine Gr\u00f6\u00dfe von ca. 100 x 70 cm. Farbe: Schwarz<\/p>\n","protected":false},"featured_media":811,"comment_status":"closed","ping_status":"open","template":"","meta":[],"product_cat":[14034],"product_tag":[],"class_list":{"0":"post-50027","1":"product","2":"type-product","3":"status-publish","4":"has-post-thumbnail","6":"product_cat-liegedecken-betten-koerbe","8":"first","9":"instock","10":"taxable","11":"shipping-taxable","12":"purchasable","13":"product-type-simple"},"_links":{"self":[{"href":"https:\/\/all-pets.de\/shop\/wp-json\/wp\/v2\/product\/50027","targetHints":{"allow":["GET"]}}],"collection":[{"href":"https:\/\/all-pets.de\/shop\/wp-json\/wp\/v2\/product"}],"about":[{"href":"https:\/\/all-pets.de\/shop\/wp-json\/wp\/v2\/types\/product"}],"replies":[{"embeddable":true,"href":"https:\/\/all-pets.de\/shop\/wp-json\/wp\/v2\/comments?post=50027"}],"wp:featuredmedia":[{"embeddable":true,"href":"https:\/\/all-pets.de\/shop\/wp-json\/wp\/v2\/media\/811"}],"wp:attachment":[{"href":"https:\/\/all-pets.de\/shop\/wp-json\/wp\/v2\/media?parent=50027"}],"wp:term":[{"taxonomy":"product_cat","embeddable":true,"href":"https:\/\/all-pets.de\/shop\/wp-json\/wp\/v2\/product_cat?post=50027"},{"taxonomy":"product_tag","embeddable":true,"href":"https:\/\/all-pets.de\/shop\/wp-json\/wp\/v2\/product_tag?post=50027"}],"curies":[{"name":"wp","href":"https:\/\/api.w.org\/{rel}","templated":true}]}}