{"id":50030,"date":"2023-12-12T12:33:34","date_gmt":"2023-12-12T11:33:34","guid":{"rendered":"https:\/\/pet-shopping.de\/shop\/produkt\/trixie-xmas-kuschelhoehle-fuer-kleintiere-17-cm\/"},"modified":"2023-12-12T12:33:35","modified_gmt":"2023-12-12T11:33:35","slug":"trixie-xmas-kuschelhoehle-fuer-kleintiere-17-cm","status":"publish","type":"product","link":"https:\/\/all-pets.de\/shop\/produkt\/trixie-xmas-kuschelhoehle-fuer-kleintiere-17-cm\/","title":{"rendered":"Trixie Xmas Kuschelh\u00f6hle f\u00fcr Kleintiere &#8211; 17 cm"},"content":{"rendered":"<ul>\n<li>Pl\u00fcsch (Polyester)<\/li>\n<li>Schaumstoff-\/Polyestervlies-F\u00fcllung<\/li>\n<li>rutschfester Gummiboden<\/li>\n<li>per Handw\u00e4sche zu reinigen<\/li>\n<li>Farbe: wei\u00df\/rot<\/li>\n<li>Durchmesser: ca. 17 cm<\/li>\n<li>geeignet z.B. f\u00fcr M\u00e4use, Hamster<\/li>\n<\/ul>\n","protected":false},"excerpt":{"rendered":"<p>Pl\u00fcsch (Polyester) Schaumstoff-\/Polyestervlies-F\u00fcllung rutschfester Gummiboden per Handw\u00e4sche zu reinigen Farbe: wei\u00df\/rot Durchmesser: ca. 17 cm geeignet z.B. f\u00fcr M\u00e4use, Hamster<\/p>\n","protected":false},"featured_media":50031,"comment_status":"closed","ping_status":"open","template":"","meta":[],"product_cat":[15323],"product_tag":[],"class_list":{"0":"post-50030","1":"product","2":"type-product","3":"status-publish","4":"has-post-thumbnail","6":"product_cat-weitere-haeuser-ausstattung-zubehoer-tunnel-hoehlen-brueckenkleintierwelt-ausstattung-zubehoer-betten-haengemattenkleintierwelt","8":"first","9":"instock","10":"taxable","11":"shipping-taxable","12":"purchasable","13":"product-type-simple"},"_links":{"self":[{"href":"https:\/\/all-pets.de\/shop\/wp-json\/wp\/v2\/product\/50030","targetHints":{"allow":["GET"]}}],"collection":[{"href":"https:\/\/all-pets.de\/shop\/wp-json\/wp\/v2\/product"}],"about":[{"href":"https:\/\/all-pets.de\/shop\/wp-json\/wp\/v2\/types\/product"}],"replies":[{"embeddable":true,"href":"https:\/\/all-pets.de\/shop\/wp-json\/wp\/v2\/comments?post=50030"}],"wp:featuredmedia":[{"embeddable":true,"href":"https:\/\/all-pets.de\/shop\/wp-json\/wp\/v2\/media\/50031"}],"wp:attachment":[{"href":"https:\/\/all-pets.de\/shop\/wp-json\/wp\/v2\/media?parent=50030"}],"wp:term":[{"taxonomy":"product_cat","embeddable":true,"href":"https:\/\/all-pets.de\/shop\/wp-json\/wp\/v2\/product_cat?post=50030"},{"taxonomy":"product_tag","embeddable":true,"href":"https:\/\/all-pets.de\/shop\/wp-json\/wp\/v2\/product_tag?post=50030"}],"curies":[{"name":"wp","href":"https:\/\/api.w.org\/{rel}","templated":true}]}}