{"id":50039,"date":"2023-12-12T12:33:34","date_gmt":"2023-12-12T11:33:34","guid":{"rendered":"https:\/\/pet-shopping.de\/shop\/produkt\/karlie-buffalo-ultra-halsband-schwarz-rot-20-mm-40-55-cm\/"},"modified":"2023-12-12T12:33:37","modified_gmt":"2023-12-12T11:33:37","slug":"karlie-buffalo-ultra-halsband-schwarz-rot-20-mm-40-55-cm","status":"publish","type":"product","link":"https:\/\/all-pets.de\/shop\/produkt\/karlie-buffalo-ultra-halsband-schwarz-rot-20-mm-40-55-cm\/","title":{"rendered":"Karlie Buffalo Ultra Halsband &#8211; Schwarz\/Rot &#8211; 20 mm \/ 40-55 cm"},"content":{"rendered":"<p>Das Buffalo Ultra Halsband ist ein elegantes, gen\u00e4htes Lederhalsband mit Alu-Steckschnalle. Es ist stufenlos verstellbar, was bei Lederhalsb\u00e4ndern eine echte Innovation ist, dieses Gebrauchsmuster hat sich der Hersteller Karlie gesch\u00fctzt.<br \/> \u00a0<br \/> Dank des Steckverschlusses aus Alu bietet sich bei diesem Halsband eine schnelle und leichte Verschlussm\u00f6glichkeit, wie es bislang nur bei Nylonhalsb\u00e4ndern m\u00f6glich war. Aufgrund einer speziellen Scotchgard Behandlung ist das verwendete echte B\u00fcffelleder unempfindlich und Wasser abweisend. Eine zus\u00e4tzliche Nyloneinlage sorgt f\u00fcr Stabilit\u00e4t und Rei\u00dffestigkeit. Durch das unterlegte weiche Futterleder ist das Halsband angenehm f\u00fcr den Hund zu tragen. Made in Germany. <\/p>\n<p>Farbe: Schwarz\/Rot<br \/> L\u00e4nge verstellbar ca. von 40 bis 55 cm<br \/> Breite: 20 mm<\/p>\n","protected":false},"excerpt":{"rendered":"<p>Das Buffalo Ultra Halsband ist ein elegantes, gen\u00e4htes Lederhalsband mit Alu-Steckschnalle. Es ist stufenlos verstellbar, was bei Lederhalsb\u00e4ndern eine echte Innovation ist, dieses Gebrauchsmuster hat sich der Hersteller Karlie gesch\u00fctzt. \u00a0 Dank des Steckverschlusses aus Alu bietet sich bei diesem Halsband eine schnelle und leichte Verschlussm\u00f6glichkeit, wie es bislang nur bei Nylonhalsb\u00e4ndern m\u00f6glich war. Aufgrund [&hellip;]<\/p>\n","protected":false},"featured_media":858,"comment_status":"closed","ping_status":"open","template":"","meta":[],"product_cat":[13790],"product_tag":[],"class_list":{"0":"post-50039","1":"product","2":"type-product","3":"status-publish","4":"has-post-thumbnail","6":"product_cat-lederhalsbaender","8":"first","9":"instock","10":"taxable","11":"shipping-taxable","12":"purchasable","13":"product-type-simple"},"_links":{"self":[{"href":"https:\/\/all-pets.de\/shop\/wp-json\/wp\/v2\/product\/50039","targetHints":{"allow":["GET"]}}],"collection":[{"href":"https:\/\/all-pets.de\/shop\/wp-json\/wp\/v2\/product"}],"about":[{"href":"https:\/\/all-pets.de\/shop\/wp-json\/wp\/v2\/types\/product"}],"replies":[{"embeddable":true,"href":"https:\/\/all-pets.de\/shop\/wp-json\/wp\/v2\/comments?post=50039"}],"wp:featuredmedia":[{"embeddable":true,"href":"https:\/\/all-pets.de\/shop\/wp-json\/wp\/v2\/media\/858"}],"wp:attachment":[{"href":"https:\/\/all-pets.de\/shop\/wp-json\/wp\/v2\/media?parent=50039"}],"wp:term":[{"taxonomy":"product_cat","embeddable":true,"href":"https:\/\/all-pets.de\/shop\/wp-json\/wp\/v2\/product_cat?post=50039"},{"taxonomy":"product_tag","embeddable":true,"href":"https:\/\/all-pets.de\/shop\/wp-json\/wp\/v2\/product_tag?post=50039"}],"curies":[{"name":"wp","href":"https:\/\/api.w.org\/{rel}","templated":true}]}}