{"id":50045,"date":"2023-12-12T12:33:38","date_gmt":"2023-12-12T11:33:38","guid":{"rendered":"https:\/\/pet-shopping.de\/shop\/produkt\/karlie-flamingo-katzennapf-bella-rosa\/"},"modified":"2023-12-12T12:33:38","modified_gmt":"2023-12-12T11:33:38","slug":"karlie-flamingo-katzennapf-bella-rosa","status":"publish","type":"product","link":"https:\/\/all-pets.de\/shop\/produkt\/karlie-flamingo-katzennapf-bella-rosa\/","title":{"rendered":"Karlie Flamingo Katzennapf Bella &#8211; Rosa"},"content":{"rendered":"<p>Mit dem sch\u00f6nen und pflegeleichten Katzennapf Bella ist Ihre Katze bestens ausgestattet. Der Napf besteht innen aus Edelstahl und ist au\u00dfen mit s\u00fc\u00dfen Katzenmotiven verziert. Der Anti-Rutsch-Boden verhindert, dass der Napf beim Fressen verschoben wird.<\/p>\n<p>Durchmesser oben: ca. 10 cm<br \/> Fassungsverm\u00f6gen: ca. 160 ml<br \/> Farbe: Rosa<\/p>\n","protected":false},"excerpt":{"rendered":"<p>Mit dem sch\u00f6nen und pflegeleichten Katzennapf Bella ist Ihre Katze bestens ausgestattet. Der Napf besteht innen aus Edelstahl und ist au\u00dfen mit s\u00fc\u00dfen Katzenmotiven verziert. Der Anti-Rutsch-Boden verhindert, dass der Napf beim Fressen verschoben wird. Durchmesser oben: ca. 10 cm Fassungsverm\u00f6gen: ca. 160 ml Farbe: Rosa<\/p>\n","protected":false},"featured_media":899,"comment_status":"closed","ping_status":"open","template":"","meta":[],"product_cat":[13740],"product_tag":[],"class_list":{"0":"post-50045","1":"product","2":"type-product","3":"status-publish","4":"has-post-thumbnail","6":"product_cat-futter-wassernaepfe","8":"first","9":"instock","10":"taxable","11":"shipping-taxable","12":"purchasable","13":"product-type-simple"},"_links":{"self":[{"href":"https:\/\/all-pets.de\/shop\/wp-json\/wp\/v2\/product\/50045","targetHints":{"allow":["GET"]}}],"collection":[{"href":"https:\/\/all-pets.de\/shop\/wp-json\/wp\/v2\/product"}],"about":[{"href":"https:\/\/all-pets.de\/shop\/wp-json\/wp\/v2\/types\/product"}],"replies":[{"embeddable":true,"href":"https:\/\/all-pets.de\/shop\/wp-json\/wp\/v2\/comments?post=50045"}],"wp:featuredmedia":[{"embeddable":true,"href":"https:\/\/all-pets.de\/shop\/wp-json\/wp\/v2\/media\/899"}],"wp:attachment":[{"href":"https:\/\/all-pets.de\/shop\/wp-json\/wp\/v2\/media?parent=50045"}],"wp:term":[{"taxonomy":"product_cat","embeddable":true,"href":"https:\/\/all-pets.de\/shop\/wp-json\/wp\/v2\/product_cat?post=50045"},{"taxonomy":"product_tag","embeddable":true,"href":"https:\/\/all-pets.de\/shop\/wp-json\/wp\/v2\/product_tag?post=50045"}],"curies":[{"name":"wp","href":"https:\/\/api.w.org\/{rel}","templated":true}]}}