{"id":50047,"date":"2023-12-12T12:33:38","date_gmt":"2023-12-12T11:33:38","guid":{"rendered":"https:\/\/pet-shopping.de\/shop\/produkt\/bunny-back-to-the-roots-kauwurzel-xs-60-130g\/"},"modified":"2023-12-12T12:33:38","modified_gmt":"2023-12-12T11:33:38","slug":"bunny-back-to-the-roots-kauwurzel-xs-60-130g","status":"publish","type":"product","link":"https:\/\/all-pets.de\/shop\/produkt\/bunny-back-to-the-roots-kauwurzel-xs-60-130g\/","title":{"rendered":"Bunny Back to the ROOTS Kauwurzel &#8211; XS \/ 60-130g"},"content":{"rendered":"<ul class=\"benefits\">\n<li class=\"benefit\">\n<div class=\"titel\">Nagewurzel aus 100% nat\u00fcrlichen Heidekrautwurzeln<\/div>\n<\/li>\n<li class=\"benefit\">\n<div class=\"titel\">Extra langer Knabberspa\u00df durch kontinuierliches Abraspeln &#8211; f\u00f6rdert die Zahnpflege\/-abrieb und die Tiere sind besch\u00e4ftigt<\/div>\n<\/li>\n<li class=\"benefit\">\n<div class=\"titel\">Kinderleichte Handhabung \u2013 entweder einfach ins Gehege legen oder mit der vorhandenen Kordel am Gitter befestigen<\/div>\n<\/li>\n<li class=\"benefit\">\n<div class=\"titel\">Erh\u00e4ltlich in zwei Gr\u00f6\u00dfen: XS &#038; S<\/div>\n<\/li>\n<\/ul>\n<div class=\"produktbeschreibung\">\n<p>Back to the ROOTS &#8211; Nagewurzeln bestehen aus 100% nat\u00fcrlichen Heidekrautwurzeln und sorgen f\u00fcr lange Knabberfreude durch kontinuierliches Abraspeln. Die Tiere gehen ihrem nat\u00fcrlichen Nagetrieb nach, haben Spa\u00df daran und werden besch\u00e4ftigt. Zus\u00e4tzlich f\u00f6rdert das Benagen die Zahnpflege und den Zahnabrieb.<\/p>\n<p>Einfach die Nagewurzel ins Gehege legen und schon kann es losgehen! Es ist auch m\u00f6glich die Nagewurzel mit der Kordel am Gitter zu befestigen &#8211; hierf\u00fcr befinden sich zus\u00e4tzlich zwei L\u00f6cher in der Nagewurzel.<\/p>\n<\/div>\n","protected":false},"excerpt":{"rendered":"<p>Nagewurzel aus 100% nat\u00fcrlichen Heidekrautwurzeln Extra langer Knabberspa\u00df durch kontinuierliches Abraspeln &#8211; f\u00f6rdert die Zahnpflege\/-abrieb und die Tiere sind besch\u00e4ftigt Kinderleichte Handhabung \u2013 entweder einfach ins Gehege legen oder mit der vorhandenen Kordel am Gitter befestigen Erh\u00e4ltlich in zwei Gr\u00f6\u00dfen: XS &#038; S Back to the ROOTS &#8211; Nagewurzeln bestehen aus 100% nat\u00fcrlichen Heidekrautwurzeln und [&hellip;]<\/p>\n","protected":false},"featured_media":906,"comment_status":"closed","ping_status":"open","template":"","meta":[],"product_cat":[14923],"product_tag":[],"class_list":{"0":"post-50047","1":"product","2":"type-product","3":"status-publish","4":"has-post-thumbnail","6":"product_cat-zwergkaninchen-kleintierfutter-snacks-spiel-sportkleintierwelt-ausstattung-zubehoer-bunnykleintierwelt","8":"first","9":"instock","10":"taxable","11":"shipping-taxable","12":"purchasable","13":"product-type-simple"},"_links":{"self":[{"href":"https:\/\/all-pets.de\/shop\/wp-json\/wp\/v2\/product\/50047","targetHints":{"allow":["GET"]}}],"collection":[{"href":"https:\/\/all-pets.de\/shop\/wp-json\/wp\/v2\/product"}],"about":[{"href":"https:\/\/all-pets.de\/shop\/wp-json\/wp\/v2\/types\/product"}],"replies":[{"embeddable":true,"href":"https:\/\/all-pets.de\/shop\/wp-json\/wp\/v2\/comments?post=50047"}],"wp:featuredmedia":[{"embeddable":true,"href":"https:\/\/all-pets.de\/shop\/wp-json\/wp\/v2\/media\/906"}],"wp:attachment":[{"href":"https:\/\/all-pets.de\/shop\/wp-json\/wp\/v2\/media?parent=50047"}],"wp:term":[{"taxonomy":"product_cat","embeddable":true,"href":"https:\/\/all-pets.de\/shop\/wp-json\/wp\/v2\/product_cat?post=50047"},{"taxonomy":"product_tag","embeddable":true,"href":"https:\/\/all-pets.de\/shop\/wp-json\/wp\/v2\/product_tag?post=50047"}],"curies":[{"name":"wp","href":"https:\/\/api.w.org\/{rel}","templated":true}]}}