{"id":50063,"date":"2023-12-12T12:33:40","date_gmt":"2023-12-12T11:33:40","guid":{"rendered":"https:\/\/pet-shopping.de\/shop\/produkt\/trixie-vital-kissen-calito-sand-grau-70-x-50-cm\/"},"modified":"2023-12-12T12:33:41","modified_gmt":"2023-12-12T11:33:41","slug":"trixie-vital-kissen-calito-sand-grau-70-x-50-cm","status":"publish","type":"product","link":"https:\/\/all-pets.de\/shop\/produkt\/trixie-vital-kissen-calito-sand-grau-70-x-50-cm\/","title":{"rendered":"Trixie Vital Kissen Calito &#8211; sand\/grau &#8211; 70 x 50 cm"},"content":{"rendered":"<ul>\n<li>orthop\u00e4disches Kissen f\u00fcr maximalen Schlafkomfort<\/li>\n<li>Velours-Kunstleder<\/li>\n<li>Polyester-Bezug<\/li>\n<li>angenehm weich und belastbar<\/li>\n<li>F\u00fcllung aus viskoelastischem Schaum\/Schaumstoffflocken (Memory-Effekt), 10\u201314 cm<\/li>\n<li>Bezug abnehmbarund bei 40\u00b0 waschbar<\/li>\n<li>Inlett: Handw\u00e4sche<\/li>\n<li>rutschfester Boden<\/li>\n<li>Farbe: sand\/grau<\/li>\n<li>Ma\u00dfe: ca. 70 \u00d7 50 cm<\/li>\n<\/ul>\n","protected":false},"excerpt":{"rendered":"<p>orthop\u00e4disches Kissen f\u00fcr maximalen Schlafkomfort Velours-Kunstleder Polyester-Bezug angenehm weich und belastbar F\u00fcllung aus viskoelastischem Schaum\/Schaumstoffflocken (Memory-Effekt), 10\u201314 cm Bezug abnehmbarund bei 40\u00b0 waschbar Inlett: Handw\u00e4sche rutschfester Boden Farbe: sand\/grau Ma\u00dfe: ca. 70 \u00d7 50 cm<\/p>\n","protected":false},"featured_media":50060,"comment_status":"closed","ping_status":"open","template":"","meta":[],"product_cat":[15113],"product_tag":[],"class_list":{"0":"post-50063","1":"product","2":"type-product","3":"status-publish","4":"has-post-thumbnail","6":"product_cat-hundebetten-hundekissen-betten-koerbe","8":"first","9":"instock","10":"taxable","11":"shipping-taxable","12":"purchasable","13":"product-type-simple"},"_links":{"self":[{"href":"https:\/\/all-pets.de\/shop\/wp-json\/wp\/v2\/product\/50063","targetHints":{"allow":["GET"]}}],"collection":[{"href":"https:\/\/all-pets.de\/shop\/wp-json\/wp\/v2\/product"}],"about":[{"href":"https:\/\/all-pets.de\/shop\/wp-json\/wp\/v2\/types\/product"}],"replies":[{"embeddable":true,"href":"https:\/\/all-pets.de\/shop\/wp-json\/wp\/v2\/comments?post=50063"}],"wp:featuredmedia":[{"embeddable":true,"href":"https:\/\/all-pets.de\/shop\/wp-json\/wp\/v2\/media\/50060"}],"wp:attachment":[{"href":"https:\/\/all-pets.de\/shop\/wp-json\/wp\/v2\/media?parent=50063"}],"wp:term":[{"taxonomy":"product_cat","embeddable":true,"href":"https:\/\/all-pets.de\/shop\/wp-json\/wp\/v2\/product_cat?post=50063"},{"taxonomy":"product_tag","embeddable":true,"href":"https:\/\/all-pets.de\/shop\/wp-json\/wp\/v2\/product_tag?post=50063"}],"curies":[{"name":"wp","href":"https:\/\/api.w.org\/{rel}","templated":true}]}}