{"id":50068,"date":"2023-12-12T12:33:42","date_gmt":"2023-12-12T11:33:42","guid":{"rendered":"https:\/\/pet-shopping.de\/shop\/produkt\/flexi-rollleine-puppy-gurt-2m-bis-12kg-hellblau\/"},"modified":"2023-12-12T12:33:43","modified_gmt":"2023-12-12T11:33:43","slug":"flexi-rollleine-puppy-gurt-2m-bis-12kg-hellblau","status":"publish","type":"product","link":"https:\/\/all-pets.de\/shop\/produkt\/flexi-rollleine-puppy-gurt-2m-bis-12kg-hellblau\/","title":{"rendered":"FLEXI Rollleine PUPPY Gurt &#8211; 2m, bis 12kg &#8211; hellblau"},"content":{"rendered":"<ul>\n<li>widerstandsf\u00e4hig gegen Welpenz\u00e4hne durch extrem robusten Gurt<\/li>\n<li>ergonomischer Griff<\/li>\n<li>L\u00e4nge: 2m<\/li>\n<li>f\u00fcr Hunde bis zu 12kg K\u00f6rpergewicht<\/li>\n<li>Farbe: hellblau<\/li>\n<\/ul>\n","protected":false},"excerpt":{"rendered":"<p>widerstandsf\u00e4hig gegen Welpenz\u00e4hne durch extrem robusten Gurt ergonomischer Griff L\u00e4nge: 2m f\u00fcr Hunde bis zu 12kg K\u00f6rpergewicht Farbe: hellblau<\/p>\n","protected":false},"featured_media":50069,"comment_status":"closed","ping_status":"open","template":"","meta":[],"product_cat":[15321],"product_tag":[],"class_list":{"0":"post-50068","1":"product","2":"type-product","3":"status-publish","4":"has-post-thumbnail","6":"product_cat-roll-leinen","8":"first","9":"instock","10":"taxable","11":"shipping-taxable","12":"purchasable","13":"product-type-simple"},"_links":{"self":[{"href":"https:\/\/all-pets.de\/shop\/wp-json\/wp\/v2\/product\/50068","targetHints":{"allow":["GET"]}}],"collection":[{"href":"https:\/\/all-pets.de\/shop\/wp-json\/wp\/v2\/product"}],"about":[{"href":"https:\/\/all-pets.de\/shop\/wp-json\/wp\/v2\/types\/product"}],"replies":[{"embeddable":true,"href":"https:\/\/all-pets.de\/shop\/wp-json\/wp\/v2\/comments?post=50068"}],"wp:featuredmedia":[{"embeddable":true,"href":"https:\/\/all-pets.de\/shop\/wp-json\/wp\/v2\/media\/50069"}],"wp:attachment":[{"href":"https:\/\/all-pets.de\/shop\/wp-json\/wp\/v2\/media?parent=50068"}],"wp:term":[{"taxonomy":"product_cat","embeddable":true,"href":"https:\/\/all-pets.de\/shop\/wp-json\/wp\/v2\/product_cat?post=50068"},{"taxonomy":"product_tag","embeddable":true,"href":"https:\/\/all-pets.de\/shop\/wp-json\/wp\/v2\/product_tag?post=50068"}],"curies":[{"name":"wp","href":"https:\/\/api.w.org\/{rel}","templated":true}]}}