{"id":50073,"date":"2023-12-12T12:33:42","date_gmt":"2023-12-12T11:33:42","guid":{"rendered":"https:\/\/pet-shopping.de\/shop\/produkt\/designed-by-lotte-katzenkissen-velveti-pink\/"},"modified":"2023-12-12T12:33:44","modified_gmt":"2023-12-12T11:33:44","slug":"designed-by-lotte-katzenkissen-velveti-pink","status":"publish","type":"product","link":"https:\/\/all-pets.de\/shop\/produkt\/designed-by-lotte-katzenkissen-velveti-pink\/","title":{"rendered":"Designed by Lotte Katzenkissen Velveti &#8211; pink"},"content":{"rendered":"<p>Auf dem soften Designed by Lotte Liegekissen Velveti\u00a0l\u00e4sst es sich f\u00fcrKatzen herrlich schlummern. <\/p>\n<p>Hergestellt aus Samt f\u00fchlt es sich superweich an und der fein schimmernde Stoff macht das Kissen zudem zu einemsehr schicken Detail in jeder Wohnung. Das Trendmaterial Samt wird nicht ohne Grund h\u00e4ufig f\u00fcr die Herstellung von M\u00f6beln verwendet, denn esbietet nicht nur eine tolle Haptik und Optik, sondern besticht auch alsrobustes und pflegeleichtes Material. Oft gen\u00fcgt es, den Stoff einfachabzub\u00fcrsten. Bei Bedarf kann der Bezug aber auch bei 30\u00b0C in derWaschmaschine gewaschen werden. <\/p>\n<p>Farbe: pink<br \/>Gr\u00f6\u00dfe: ca. 50 x 50 x 20 cm<\/p>\n","protected":false},"excerpt":{"rendered":"<p>Auf dem soften Designed by Lotte Liegekissen Velveti\u00a0l\u00e4sst es sich f\u00fcrKatzen herrlich schlummern. Hergestellt aus Samt f\u00fchlt es sich superweich an und der fein schimmernde Stoff macht das Kissen zudem zu einemsehr schicken Detail in jeder Wohnung. Das Trendmaterial Samt wird nicht ohne Grund h\u00e4ufig f\u00fcr die Herstellung von M\u00f6beln verwendet, denn esbietet nicht nur [&hellip;]<\/p>\n","protected":false},"featured_media":1004,"comment_status":"closed","ping_status":"open","template":"","meta":[],"product_cat":[15330],"product_tag":[],"class_list":{"0":"post-50073","1":"product","2":"type-product","3":"status-publish","4":"has-post-thumbnail","6":"product_cat-betten-sofas-katzenbetten-katzenkoerbe-katzenkissenkatzenwelt-katzenbetten-katzenkoerbe-katzenbetten-katzenkoerbekatzenwelt","8":"first","9":"instock","10":"taxable","11":"shipping-taxable","12":"purchasable","13":"product-type-simple"},"_links":{"self":[{"href":"https:\/\/all-pets.de\/shop\/wp-json\/wp\/v2\/product\/50073","targetHints":{"allow":["GET"]}}],"collection":[{"href":"https:\/\/all-pets.de\/shop\/wp-json\/wp\/v2\/product"}],"about":[{"href":"https:\/\/all-pets.de\/shop\/wp-json\/wp\/v2\/types\/product"}],"replies":[{"embeddable":true,"href":"https:\/\/all-pets.de\/shop\/wp-json\/wp\/v2\/comments?post=50073"}],"wp:featuredmedia":[{"embeddable":true,"href":"https:\/\/all-pets.de\/shop\/wp-json\/wp\/v2\/media\/1004"}],"wp:attachment":[{"href":"https:\/\/all-pets.de\/shop\/wp-json\/wp\/v2\/media?parent=50073"}],"wp:term":[{"taxonomy":"product_cat","embeddable":true,"href":"https:\/\/all-pets.de\/shop\/wp-json\/wp\/v2\/product_cat?post=50073"},{"taxonomy":"product_tag","embeddable":true,"href":"https:\/\/all-pets.de\/shop\/wp-json\/wp\/v2\/product_tag?post=50073"}],"curies":[{"name":"wp","href":"https:\/\/api.w.org\/{rel}","templated":true}]}}