{"id":50079,"date":"2023-12-12T12:33:45","date_gmt":"2023-12-12T11:33:45","guid":{"rendered":"https:\/\/pet-shopping.de\/shop\/produkt\/trixie-kuehlkissen-cool-dreamer-90-x-55-cm\/"},"modified":"2023-12-12T12:33:45","modified_gmt":"2023-12-12T11:33:45","slug":"trixie-kuehlkissen-cool-dreamer-90-x-55-cm","status":"publish","type":"product","link":"https:\/\/all-pets.de\/shop\/produkt\/trixie-kuehlkissen-cool-dreamer-90-x-55-cm\/","title":{"rendered":"Trixie K\u00fchlkissen Cool Dreamer &#8211; 90 x 55 cm"},"content":{"rendered":"<ul>\n<li>unterst\u00fctzt an warmen Tagen die Regulierung der K\u00f6rpertemperatur<\/li>\n<li>Nylon-Optik (Polyester)<\/li>\n<li>Rand mit Polyestervlies-F\u00fcllung<\/li>\n<li>k\u00fchlende Wirkung durch K\u00f6rperkontakt<\/li>\n<li>funktioniert ohne zus\u00e4tzliche K\u00fchlung, Strom oder Wasser<\/li>\n<li>k\u00fchlt f\u00fcr mehrere Stunden<\/li>\n<li>nach kurzer Nutzungsunterbrechung wieder einsatzbereit<\/li>\n<li>zum Reinigen einfach abwischen<\/li>\n<li>Farbe: grau\/blau<\/li>\n<li>Ma\u00dfe: ca. 90 x 55 cm<\/li>\n<\/ul>\n","protected":false},"excerpt":{"rendered":"<p>unterst\u00fctzt an warmen Tagen die Regulierung der K\u00f6rpertemperatur Nylon-Optik (Polyester) Rand mit Polyestervlies-F\u00fcllung k\u00fchlende Wirkung durch K\u00f6rperkontakt funktioniert ohne zus\u00e4tzliche K\u00fchlung, Strom oder Wasser k\u00fchlt f\u00fcr mehrere Stunden nach kurzer Nutzungsunterbrechung wieder einsatzbereit zum Reinigen einfach abwischen Farbe: grau\/blau Ma\u00dfe: ca. 90 x 55 cm<\/p>\n","protected":false},"featured_media":1070,"comment_status":"closed","ping_status":"open","template":"","meta":[],"product_cat":[15331],"product_tag":[],"class_list":{"0":"post-50079","1":"product","2":"type-product","3":"status-publish","4":"has-post-thumbnail","6":"product_cat-kuehlmatten","8":"first","9":"instock","10":"taxable","11":"shipping-taxable","12":"purchasable","13":"product-type-simple"},"_links":{"self":[{"href":"https:\/\/all-pets.de\/shop\/wp-json\/wp\/v2\/product\/50079","targetHints":{"allow":["GET"]}}],"collection":[{"href":"https:\/\/all-pets.de\/shop\/wp-json\/wp\/v2\/product"}],"about":[{"href":"https:\/\/all-pets.de\/shop\/wp-json\/wp\/v2\/types\/product"}],"replies":[{"embeddable":true,"href":"https:\/\/all-pets.de\/shop\/wp-json\/wp\/v2\/comments?post=50079"}],"wp:featuredmedia":[{"embeddable":true,"href":"https:\/\/all-pets.de\/shop\/wp-json\/wp\/v2\/media\/1070"}],"wp:attachment":[{"href":"https:\/\/all-pets.de\/shop\/wp-json\/wp\/v2\/media?parent=50079"}],"wp:term":[{"taxonomy":"product_cat","embeddable":true,"href":"https:\/\/all-pets.de\/shop\/wp-json\/wp\/v2\/product_cat?post=50079"},{"taxonomy":"product_tag","embeddable":true,"href":"https:\/\/all-pets.de\/shop\/wp-json\/wp\/v2\/product_tag?post=50079"}],"curies":[{"name":"wp","href":"https:\/\/api.w.org\/{rel}","templated":true}]}}