{"id":50081,"date":"2023-12-12T12:33:45","date_gmt":"2023-12-12T11:33:45","guid":{"rendered":"https:\/\/pet-shopping.de\/shop\/produkt\/trixie-bauchgurt-mit-leine-fuer-mittelgrosse-und-grosse-hunde-75-120-cm\/"},"modified":"2023-12-12T12:33:45","modified_gmt":"2023-12-12T11:33:45","slug":"trixie-bauchgurt-mit-leine-fuer-mittelgrosse-und-grosse-hunde-75-120-cm","status":"publish","type":"product","link":"https:\/\/all-pets.de\/shop\/produkt\/trixie-bauchgurt-mit-leine-fuer-mittelgrosse-und-grosse-hunde-75-120-cm\/","title":{"rendered":"Trixie Bauchgurt mit Leine f\u00fcr mittelgro\u00dfe und gro\u00dfe Hunde &#8211; 75-120 cm"},"content":{"rendered":"<ul>\n<li>f\u00fcr mittelgro\u00dfe und gro\u00dfe Hunde<\/li>\n<li>zum Joggen, Walken etc.<\/li>\n<li>zugentlastete Schnalle<\/li>\n<li>angenehmer Tragekomfort durch breite Neopren-Polsterung<\/li>\n<li>ruckartiges Ziehen des Hundes wird durch Ruckd\u00e4mpfer abgefedert<\/li>\n<li>Leine mit Handschlaufe, dadurch auch zum normalen F\u00fchren geeignet<\/li>\n<li>reflektierende Elemente<\/li>\n<li>Gurtband<\/li>\n<li>Ma\u00dfe: Gurt: ca. 75-120 cm\/9 cm<\/li>\n<li>Leine: ca. 1,20-1,50 m\/25 mm<\/li>\n<li>Bauchumfang: 75-120 cm<\/li>\n<li>Farbe: schwarz<\/li>\n<\/ul>\n","protected":false},"excerpt":{"rendered":"<p>f\u00fcr mittelgro\u00dfe und gro\u00dfe Hunde zum Joggen, Walken etc. zugentlastete Schnalle angenehmer Tragekomfort durch breite Neopren-Polsterung ruckartiges Ziehen des Hundes wird durch Ruckd\u00e4mpfer abgefedert Leine mit Handschlaufe, dadurch auch zum normalen F\u00fchren geeignet reflektierende Elemente Gurtband Ma\u00dfe: Gurt: ca. 75-120 cm\/9 cm Leine: ca. 1,20-1,50 m\/25 mm Bauchumfang: 75-120 cm Farbe: schwarz<\/p>\n","protected":false},"featured_media":1093,"comment_status":"closed","ping_status":"open","template":"","meta":[],"product_cat":[13870],"product_tag":[],"class_list":{"0":"post-50081","1":"product","2":"type-product","3":"status-publish","4":"has-post-thumbnail","6":"product_cat-weitere-leinen","8":"first","9":"instock","10":"taxable","11":"shipping-taxable","12":"purchasable","13":"product-type-simple"},"_links":{"self":[{"href":"https:\/\/all-pets.de\/shop\/wp-json\/wp\/v2\/product\/50081","targetHints":{"allow":["GET"]}}],"collection":[{"href":"https:\/\/all-pets.de\/shop\/wp-json\/wp\/v2\/product"}],"about":[{"href":"https:\/\/all-pets.de\/shop\/wp-json\/wp\/v2\/types\/product"}],"replies":[{"embeddable":true,"href":"https:\/\/all-pets.de\/shop\/wp-json\/wp\/v2\/comments?post=50081"}],"wp:featuredmedia":[{"embeddable":true,"href":"https:\/\/all-pets.de\/shop\/wp-json\/wp\/v2\/media\/1093"}],"wp:attachment":[{"href":"https:\/\/all-pets.de\/shop\/wp-json\/wp\/v2\/media?parent=50081"}],"wp:term":[{"taxonomy":"product_cat","embeddable":true,"href":"https:\/\/all-pets.de\/shop\/wp-json\/wp\/v2\/product_cat?post=50081"},{"taxonomy":"product_tag","embeddable":true,"href":"https:\/\/all-pets.de\/shop\/wp-json\/wp\/v2\/product_tag?post=50081"}],"curies":[{"name":"wp","href":"https:\/\/api.w.org\/{rel}","templated":true}]}}