{"id":50089,"date":"2023-12-12T12:33:47","date_gmt":"2023-12-12T11:33:47","guid":{"rendered":"https:\/\/pet-shopping.de\/shop\/produkt\/karlie-flamingo-katzenspielzeug-food-textil-cup-cake\/"},"modified":"2023-12-12T12:33:47","modified_gmt":"2023-12-12T11:33:47","slug":"karlie-flamingo-katzenspielzeug-food-textil-cup-cake","status":"publish","type":"product","link":"https:\/\/all-pets.de\/shop\/produkt\/karlie-flamingo-katzenspielzeug-food-textil-cup-cake\/","title":{"rendered":"Karlie Flamingo Katzenspielzeug Food Textil &#8211; Cup Cake"},"content":{"rendered":"<p>Die Textilspielzeuge in Form verschiedener Leckereien von zuckers\u00fc\u00df bis herzhaft bieten Katzen stundenlangen Spielspa\u00df. Sie enthalten Catnip und sind so einfach unwiderstehlich f\u00fcr Stubentiger.<\/p>\n<p>Einige Varianten haben zudem Elemente aus Knistermaterial, das zus\u00e4tzlich zum Weiterspielen animiert. Die detailreich gestalteten Spielzeuge \u00fcberzeugen dabei auch optisch. Und dank der breiten Auswahl von Erdbeeren \u00fcber Donuts bis hin zur Pizza ist hier f\u00fcr jede Katze und jeden Katzenhalter ein neues Lieblingsspielzeug dabei.<\/p>\n<p>Cup Cake:<br \/> Gr\u00f6\u00dfe: ca. 11,5 cm<\/p>\n","protected":false},"excerpt":{"rendered":"<p>Die Textilspielzeuge in Form verschiedener Leckereien von zuckers\u00fc\u00df bis herzhaft bieten Katzen stundenlangen Spielspa\u00df. Sie enthalten Catnip und sind so einfach unwiderstehlich f\u00fcr Stubentiger. Einige Varianten haben zudem Elemente aus Knistermaterial, das zus\u00e4tzlich zum Weiterspielen animiert. Die detailreich gestalteten Spielzeuge \u00fcberzeugen dabei auch optisch. Und dank der breiten Auswahl von Erdbeeren \u00fcber Donuts bis hin [&hellip;]<\/p>\n","protected":false},"featured_media":1132,"comment_status":"closed","ping_status":"open","template":"","meta":[],"product_cat":[13744],"product_tag":[],"class_list":{"0":"post-50089","1":"product","2":"type-product","3":"status-publish","4":"has-post-thumbnail","6":"product_cat-weitere-spielzeuge","8":"first","9":"instock","10":"taxable","11":"shipping-taxable","12":"purchasable","13":"product-type-simple"},"_links":{"self":[{"href":"https:\/\/all-pets.de\/shop\/wp-json\/wp\/v2\/product\/50089","targetHints":{"allow":["GET"]}}],"collection":[{"href":"https:\/\/all-pets.de\/shop\/wp-json\/wp\/v2\/product"}],"about":[{"href":"https:\/\/all-pets.de\/shop\/wp-json\/wp\/v2\/types\/product"}],"replies":[{"embeddable":true,"href":"https:\/\/all-pets.de\/shop\/wp-json\/wp\/v2\/comments?post=50089"}],"wp:featuredmedia":[{"embeddable":true,"href":"https:\/\/all-pets.de\/shop\/wp-json\/wp\/v2\/media\/1132"}],"wp:attachment":[{"href":"https:\/\/all-pets.de\/shop\/wp-json\/wp\/v2\/media?parent=50089"}],"wp:term":[{"taxonomy":"product_cat","embeddable":true,"href":"https:\/\/all-pets.de\/shop\/wp-json\/wp\/v2\/product_cat?post=50089"},{"taxonomy":"product_tag","embeddable":true,"href":"https:\/\/all-pets.de\/shop\/wp-json\/wp\/v2\/product_tag?post=50089"}],"curies":[{"name":"wp","href":"https:\/\/api.w.org\/{rel}","templated":true}]}}