{"id":50100,"date":"2023-12-12T12:33:49","date_gmt":"2023-12-12T11:33:49","guid":{"rendered":"https:\/\/pet-shopping.de\/shop\/produkt\/karlie-rondo-halsband-mit-ring-fuer-adresstube-schwarz-65cm-40mm\/"},"modified":"2023-12-12T12:33:49","modified_gmt":"2023-12-12T11:33:49","slug":"karlie-rondo-halsband-mit-ring-fuer-adresstube-schwarz-65cm-40mm","status":"publish","type":"product","link":"https:\/\/all-pets.de\/shop\/produkt\/karlie-rondo-halsband-mit-ring-fuer-adresstube-schwarz-65cm-40mm\/","title":{"rendered":"Karlie Rondo Halsband mit Ring f\u00fcr Adresstube &#8211; Schwarz &#8211; 65cm\/40mm"},"content":{"rendered":"<ul class=\"a-unordered-list a-vertical a-spacing-mini\">\n<li><span class=\"a-list-item\"> Robust und widerstandsf\u00e4hig<\/span><\/li>\n<li><span class=\"a-list-item\"> Leicht zu reinigen und zu pflegen<\/span><\/li>\n<li><span class=\"a-list-item\"> Mit weichem Nappaleder unterlegt f\u00fcr hohen Tragekomfort<\/span><\/li>\n<li><span class=\"a-list-item\"> Unterteil gebuggt<\/span><\/li>\n<li><span class=\"a-list-item\"> Gerundete Lederkanten<\/span><\/li>\n<li><span class=\"a-list-item\"> Mit Ring\u00f6se zur Befestigung einer Adresstube (nicht im Lieferumfang enthalten)<\/span><\/li>\n<li><span class=\"a-list-item\"> Verchromte Beschl\u00e4ge<\/span><\/li>\n<li><span class=\"a-list-item\">Farbe: Schwarz<\/span><\/li>\n<li><span class=\"a-list-item\">Gesamtl\u00e4nge\/Breite: ca. 65cm\/40mm<\/span><\/li>\n<li><span class=\"a-list-item\">verstellbar ca. von 46-58 cm<\/span><\/li>\n<\/ul>\n","protected":false},"excerpt":{"rendered":"<p>Robust und widerstandsf\u00e4hig Leicht zu reinigen und zu pflegen Mit weichem Nappaleder unterlegt f\u00fcr hohen Tragekomfort Unterteil gebuggt Gerundete Lederkanten Mit Ring\u00f6se zur Befestigung einer Adresstube (nicht im Lieferumfang enthalten) Verchromte Beschl\u00e4ge Farbe: Schwarz Gesamtl\u00e4nge\/Breite: ca. 65cm\/40mm verstellbar ca. von 46-58 cm<\/p>\n","protected":false},"featured_media":50098,"comment_status":"closed","ping_status":"open","template":"","meta":[],"product_cat":[13790],"product_tag":[],"class_list":{"0":"post-50100","1":"product","2":"type-product","3":"status-publish","4":"has-post-thumbnail","6":"product_cat-lederhalsbaender","8":"first","9":"instock","10":"taxable","11":"shipping-taxable","12":"purchasable","13":"product-type-simple"},"_links":{"self":[{"href":"https:\/\/all-pets.de\/shop\/wp-json\/wp\/v2\/product\/50100","targetHints":{"allow":["GET"]}}],"collection":[{"href":"https:\/\/all-pets.de\/shop\/wp-json\/wp\/v2\/product"}],"about":[{"href":"https:\/\/all-pets.de\/shop\/wp-json\/wp\/v2\/types\/product"}],"replies":[{"embeddable":true,"href":"https:\/\/all-pets.de\/shop\/wp-json\/wp\/v2\/comments?post=50100"}],"wp:featuredmedia":[{"embeddable":true,"href":"https:\/\/all-pets.de\/shop\/wp-json\/wp\/v2\/media\/50098"}],"wp:attachment":[{"href":"https:\/\/all-pets.de\/shop\/wp-json\/wp\/v2\/media?parent=50100"}],"wp:term":[{"taxonomy":"product_cat","embeddable":true,"href":"https:\/\/all-pets.de\/shop\/wp-json\/wp\/v2\/product_cat?post=50100"},{"taxonomy":"product_tag","embeddable":true,"href":"https:\/\/all-pets.de\/shop\/wp-json\/wp\/v2\/product_tag?post=50100"}],"curies":[{"name":"wp","href":"https:\/\/api.w.org\/{rel}","templated":true}]}}