{"id":50103,"date":"2023-12-12T12:33:49","date_gmt":"2023-12-12T11:33:49","guid":{"rendered":"https:\/\/pet-shopping.de\/shop\/produkt\/nerf-dog-iluma-action-led-ball-s\/"},"modified":"2023-12-12T12:33:49","modified_gmt":"2023-12-12T11:33:49","slug":"nerf-dog-iluma-action-led-ball-s","status":"publish","type":"product","link":"https:\/\/all-pets.de\/shop\/produkt\/nerf-dog-iluma-action-led-ball-s\/","title":{"rendered":"NERF Dog Iluma-Action LED-Ball &#8211; S"},"content":{"rendered":"<p>Der NERF Dog Iluma-Action LED-Ball erm\u00f6glicht ein tolles Spiel, egal zu welcher Tageszeit!<\/p>\n<p>Gr\u00f6\u00dfe S: ca. 6 cm Durchmesser<br \/> Farbe: gr\u00fcn\/rot<\/p>\n<p>Die NERF DOG Hundespielzeuge vereinen optimales und funktionales Design mit speziellen Materialien, die eine intensive Nutzung \u00fcber einen langen Zeitraum erlauben.<\/p>\n<p>Lass deinen Hund zu einem NERF DOG werden! Hunde lieben es, Spielzeug zu apportieren.<\/p>\n","protected":false},"excerpt":{"rendered":"<p>Der NERF Dog Iluma-Action LED-Ball erm\u00f6glicht ein tolles Spiel, egal zu welcher Tageszeit! Gr\u00f6\u00dfe S: ca. 6 cm Durchmesser Farbe: gr\u00fcn\/rot Die NERF DOG Hundespielzeuge vereinen optimales und funktionales Design mit speziellen Materialien, die eine intensive Nutzung \u00fcber einen langen Zeitraum erlauben. Lass deinen Hund zu einem NERF DOG werden! Hunde lieben es, Spielzeug zu [&hellip;]<\/p>\n","protected":false},"featured_media":1191,"comment_status":"closed","ping_status":"open","template":"","meta":[],"product_cat":[14778],"product_tag":[],"class_list":{"0":"post-50103","1":"product","2":"type-product","3":"status-publish","4":"has-post-thumbnail","6":"product_cat-leuchtspielzeug-hundespielzeug-sport-hundebaellehundewelt","8":"first","9":"instock","10":"taxable","11":"shipping-taxable","12":"purchasable","13":"product-type-simple"},"_links":{"self":[{"href":"https:\/\/all-pets.de\/shop\/wp-json\/wp\/v2\/product\/50103","targetHints":{"allow":["GET"]}}],"collection":[{"href":"https:\/\/all-pets.de\/shop\/wp-json\/wp\/v2\/product"}],"about":[{"href":"https:\/\/all-pets.de\/shop\/wp-json\/wp\/v2\/types\/product"}],"replies":[{"embeddable":true,"href":"https:\/\/all-pets.de\/shop\/wp-json\/wp\/v2\/comments?post=50103"}],"wp:featuredmedia":[{"embeddable":true,"href":"https:\/\/all-pets.de\/shop\/wp-json\/wp\/v2\/media\/1191"}],"wp:attachment":[{"href":"https:\/\/all-pets.de\/shop\/wp-json\/wp\/v2\/media?parent=50103"}],"wp:term":[{"taxonomy":"product_cat","embeddable":true,"href":"https:\/\/all-pets.de\/shop\/wp-json\/wp\/v2\/product_cat?post=50103"},{"taxonomy":"product_tag","embeddable":true,"href":"https:\/\/all-pets.de\/shop\/wp-json\/wp\/v2\/product_tag?post=50103"}],"curies":[{"name":"wp","href":"https:\/\/api.w.org\/{rel}","templated":true}]}}