{"id":50115,"date":"2023-12-12T12:33:50","date_gmt":"2023-12-12T11:33:50","guid":{"rendered":"https:\/\/pet-shopping.de\/shop\/produkt\/trixie-hundepool-petrol-grau-o-160-x-30-cm\/"},"modified":"2023-12-12T12:33:51","modified_gmt":"2023-12-12T11:33:51","slug":"trixie-hundepool-petrol-grau-o-160-x-30-cm","status":"publish","type":"product","link":"https:\/\/all-pets.de\/shop\/produkt\/trixie-hundepool-petrol-grau-o-160-x-30-cm\/","title":{"rendered":"Trixie Hundepool &#8211; petrol\/grau &#8211; \u00f8 160 \u00d7 30 cm"},"content":{"rendered":"<div class=\"mb-3 row\">\n<div class=\"col\">\n<div class=\"description\">\n<ul>\n<li>m\u00fcheloser Auf- und Abbau ohne Luftpumpe<\/li>\n<li>stabile Wandkonstruktion (MDF)<\/li>\n<li>rutschfester Boden im Inneren<\/li>\n<li>einfaches Entleeren durch Ablassventil<\/li>\n<li>Kunststoff\/MDF<\/li>\n<li>petrol\/grau<\/li>\n<li>Ma\u00dfe: ca. \u00f8 160 \u00d7 30 cm<\/li>\n<\/ul>\n<\/div>\n<\/div>\n<\/div>\n","protected":false},"excerpt":{"rendered":"<p>m\u00fcheloser Auf- und Abbau ohne Luftpumpe stabile Wandkonstruktion (MDF) rutschfester Boden im Inneren einfaches Entleeren durch Ablassventil Kunststoff\/MDF petrol\/grau Ma\u00dfe: ca. \u00f8 160 \u00d7 30 cm<\/p>\n","protected":false},"featured_media":50112,"comment_status":"closed","ping_status":"open","template":"","meta":[],"product_cat":[13850],"product_tag":[],"class_list":{"0":"post-50115","1":"product","2":"type-product","3":"status-publish","4":"has-post-thumbnail","6":"product_cat-swimmingpools","8":"first","9":"instock","10":"taxable","11":"shipping-taxable","12":"purchasable","13":"product-type-simple"},"_links":{"self":[{"href":"https:\/\/all-pets.de\/shop\/wp-json\/wp\/v2\/product\/50115","targetHints":{"allow":["GET"]}}],"collection":[{"href":"https:\/\/all-pets.de\/shop\/wp-json\/wp\/v2\/product"}],"about":[{"href":"https:\/\/all-pets.de\/shop\/wp-json\/wp\/v2\/types\/product"}],"replies":[{"embeddable":true,"href":"https:\/\/all-pets.de\/shop\/wp-json\/wp\/v2\/comments?post=50115"}],"wp:featuredmedia":[{"embeddable":true,"href":"https:\/\/all-pets.de\/shop\/wp-json\/wp\/v2\/media\/50112"}],"wp:attachment":[{"href":"https:\/\/all-pets.de\/shop\/wp-json\/wp\/v2\/media?parent=50115"}],"wp:term":[{"taxonomy":"product_cat","embeddable":true,"href":"https:\/\/all-pets.de\/shop\/wp-json\/wp\/v2\/product_cat?post=50115"},{"taxonomy":"product_tag","embeddable":true,"href":"https:\/\/all-pets.de\/shop\/wp-json\/wp\/v2\/product_tag?post=50115"}],"curies":[{"name":"wp","href":"https:\/\/api.w.org\/{rel}","templated":true}]}}