{"id":50119,"date":"2023-12-12T12:33:50","date_gmt":"2023-12-12T11:33:50","guid":{"rendered":"https:\/\/pet-shopping.de\/shop\/produkt\/living-world-paws2go-kleintierbox-lachsrosa-grau\/"},"modified":"2023-12-12T12:33:52","modified_gmt":"2023-12-12T11:33:52","slug":"living-world-paws2go-kleintierbox-lachsrosa-grau","status":"publish","type":"product","link":"https:\/\/all-pets.de\/shop\/produkt\/living-world-paws2go-kleintierbox-lachsrosa-grau\/","title":{"rendered":"Living World Paws2Go Kleintierbox &#8211; lachsrosa\/grau"},"content":{"rendered":"<p>Sichere und komfortable Transportbox f\u00fcr Kleintiere<\/p>\n<p><span class=\"a-list-item\">&#8211; mehrere Ventilationsschlitze sorgen f\u00fcr eine ausgezeichnete Durchl\u00fcftung<\/span><span class=\"a-list-item\"><\/span><span class=\"a-list-item\"><br \/> &#8211; geeignet f\u00fcr Zwergkaninchen, Meerschweinchen, Chinchillas, Hamster und Rennm\u00e4use aber auch Wellensittiche und Nymphensittiche <br \/> &#8211; bis zu 5 kg Tragkraft<br \/> &#8211; aus widerstandsf\u00e4higem, nagesicherem Kunststoff<\/span><br \/> &#8211; komfortabler Griff f\u00fcr ein einfaches Tragen<br \/> &#8211; ergonomischer Verschluss verschlie\u00dft die Transportbox sicher<br \/> &#8211; kleine \u00d6ffnung im Deckel f\u00fcr die F\u00fctterung<\/p>\n<p>Gr\u00f6\u00dfe: 36 cm B x 27 cm T x 25 cm H<\/p>\n<p>Farbe: lachsrosa\/grau<\/p>\n","protected":false},"excerpt":{"rendered":"<p>Sichere und komfortable Transportbox f\u00fcr Kleintiere &#8211; mehrere Ventilationsschlitze sorgen f\u00fcr eine ausgezeichnete Durchl\u00fcftung &#8211; geeignet f\u00fcr Zwergkaninchen, Meerschweinchen, Chinchillas, Hamster und Rennm\u00e4use aber auch Wellensittiche und Nymphensittiche &#8211; bis zu 5 kg Tragkraft &#8211; aus widerstandsf\u00e4higem, nagesicherem Kunststoff &#8211; komfortabler Griff f\u00fcr ein einfaches Tragen &#8211; ergonomischer Verschluss verschlie\u00dft die Transportbox sicher &#8211; kleine [&hellip;]<\/p>\n","protected":false},"featured_media":1240,"comment_status":"closed","ping_status":"open","template":"","meta":[],"product_cat":[15189],"product_tag":[],"class_list":{"0":"post-50119","1":"product","2":"type-product","3":"status-publish","4":"has-post-thumbnail","6":"product_cat-transport-kleintier-transportboxenvogelwelt","8":"first","9":"instock","10":"taxable","11":"shipping-taxable","12":"purchasable","13":"product-type-simple"},"_links":{"self":[{"href":"https:\/\/all-pets.de\/shop\/wp-json\/wp\/v2\/product\/50119","targetHints":{"allow":["GET"]}}],"collection":[{"href":"https:\/\/all-pets.de\/shop\/wp-json\/wp\/v2\/product"}],"about":[{"href":"https:\/\/all-pets.de\/shop\/wp-json\/wp\/v2\/types\/product"}],"replies":[{"embeddable":true,"href":"https:\/\/all-pets.de\/shop\/wp-json\/wp\/v2\/comments?post=50119"}],"wp:featuredmedia":[{"embeddable":true,"href":"https:\/\/all-pets.de\/shop\/wp-json\/wp\/v2\/media\/1240"}],"wp:attachment":[{"href":"https:\/\/all-pets.de\/shop\/wp-json\/wp\/v2\/media?parent=50119"}],"wp:term":[{"taxonomy":"product_cat","embeddable":true,"href":"https:\/\/all-pets.de\/shop\/wp-json\/wp\/v2\/product_cat?post=50119"},{"taxonomy":"product_tag","embeddable":true,"href":"https:\/\/all-pets.de\/shop\/wp-json\/wp\/v2\/product_tag?post=50119"}],"curies":[{"name":"wp","href":"https:\/\/api.w.org\/{rel}","templated":true}]}}