{"id":50158,"date":"2023-12-12T12:33:57","date_gmt":"2023-12-12T11:33:57","guid":{"rendered":"https:\/\/pet-shopping.de\/shop\/produkt\/kerbl-autosicherheitsgurt-s\/"},"modified":"2023-12-12T12:34:00","modified_gmt":"2023-12-12T11:34:00","slug":"kerbl-autosicherheitsgurt-s","status":"publish","type":"product","link":"https:\/\/all-pets.de\/shop\/produkt\/kerbl-autosicherheitsgurt-s\/","title":{"rendered":"Kerbl Autosicherheitsgurt &#8211; S"},"content":{"rendered":"<p>Sicherheitsgurt speziell f\u00fcr Hunde, auch als Geschirr einsetzbar. Die einfachste M\u00f6glichkeit Mensch und Tier zu sch\u00fctzen. Mit diesem Hunde-Sicherheitsgurt ist Ihr Tier w\u00e4hren der Autofahrt optimal gesichert. Verhindert ein Herausspringen bei offener T\u00fcr oder Fenster, der Hund sitzt fest angeschnallt an ihrem Platz. Das Universal-Gurtschloss ist passend f\u00fcr fast alle Fahrzeugtypen. Das Geschirr ist verstellbar und aus stabilem, hautfreundlichem Nylonmaterial. Der Brustgurt ist weich gepolstert. Das Geschirr ist mit einem stufenlos verstellbaren Kurzf\u00fchrer ausgestattet.F\u00fcr alle g\u00e4ngigen Fahrzeugtypen (au\u00dfer Ford und Volvo).<\/p>\n<p>Farbe: Schwarz<\/p>\n<p>Brustumfang:\u00a0 30 \u2013 60 cm<\/p>\n","protected":false},"excerpt":{"rendered":"<p>Sicherheitsgurt speziell f\u00fcr Hunde, auch als Geschirr einsetzbar. Die einfachste M\u00f6glichkeit Mensch und Tier zu sch\u00fctzen. Mit diesem Hunde-Sicherheitsgurt ist Ihr Tier w\u00e4hren der Autofahrt optimal gesichert. Verhindert ein Herausspringen bei offener T\u00fcr oder Fenster, der Hund sitzt fest angeschnallt an ihrem Platz. Das Universal-Gurtschloss ist passend f\u00fcr fast alle Fahrzeugtypen. Das Geschirr ist verstellbar [&hellip;]<\/p>\n","protected":false},"featured_media":1385,"comment_status":"closed","ping_status":"open","template":"","meta":[],"product_cat":[13691],"product_tag":[],"class_list":{"0":"post-50158","1":"product","2":"type-product","3":"status-publish","4":"has-post-thumbnail","6":"product_cat-autozubehoer","8":"first","9":"instock","10":"taxable","11":"shipping-taxable","12":"purchasable","13":"product-type-simple"},"_links":{"self":[{"href":"https:\/\/all-pets.de\/shop\/wp-json\/wp\/v2\/product\/50158","targetHints":{"allow":["GET"]}}],"collection":[{"href":"https:\/\/all-pets.de\/shop\/wp-json\/wp\/v2\/product"}],"about":[{"href":"https:\/\/all-pets.de\/shop\/wp-json\/wp\/v2\/types\/product"}],"replies":[{"embeddable":true,"href":"https:\/\/all-pets.de\/shop\/wp-json\/wp\/v2\/comments?post=50158"}],"wp:featuredmedia":[{"embeddable":true,"href":"https:\/\/all-pets.de\/shop\/wp-json\/wp\/v2\/media\/1385"}],"wp:attachment":[{"href":"https:\/\/all-pets.de\/shop\/wp-json\/wp\/v2\/media?parent=50158"}],"wp:term":[{"taxonomy":"product_cat","embeddable":true,"href":"https:\/\/all-pets.de\/shop\/wp-json\/wp\/v2\/product_cat?post=50158"},{"taxonomy":"product_tag","embeddable":true,"href":"https:\/\/all-pets.de\/shop\/wp-json\/wp\/v2\/product_tag?post=50158"}],"curies":[{"name":"wp","href":"https:\/\/api.w.org\/{rel}","templated":true}]}}