{"id":50161,"date":"2023-12-12T12:34:02","date_gmt":"2023-12-12T11:34:02","guid":{"rendered":"https:\/\/pet-shopping.de\/shop\/produkt\/trixie-insect-shield-outdoor-decke-dunkelblau-150-x-100-cm\/"},"modified":"2023-12-12T12:34:02","modified_gmt":"2023-12-12T11:34:02","slug":"trixie-insect-shield-outdoor-decke-dunkelblau-150-x-100-cm","status":"publish","type":"product","link":"https:\/\/all-pets.de\/shop\/produkt\/trixie-insect-shield-outdoor-decke-dunkelblau-150-x-100-cm\/","title":{"rendered":"Trixie Insect Shield\u00ae Outdoor-Decke &#8211; Dunkelblau &#8211; 150 x 100 cm"},"content":{"rendered":"<p>Die Insect Shield\u00ae Outdoor-Decke ist eine Polyesterdecke, die mit dem Wirkstoff Permethrin behandelt ist und so einen optimalen Insektenschutz f\u00fcr Mensch und Tier bietet.<\/p>\n<p>Der unsichtbare und geruchlose Schutz wirkt gegen M\u00fccken, Zecken, Fliegen, Fl\u00f6he und Ameisen und h\u00e4lt mindestens 25 W\u00e4schen aus.<\/p>\n<p>Die mit Permethrin behandelte Decke ist f\u00fcr Mensch und Tier v\u00f6llig unbedenklich und eignet sich ideal f\u00fcr Ausfl\u00fcge im Park, Waldspazierg\u00e4nge oder beim Camping. Die Decke kann bei 60\u00b0C gereingt werden.<\/p>\n<p>Farbe: Dunkelblau<br \/> Gr\u00f6\u00dfe: ca. 150 x 100 cm<\/p>\n","protected":false},"excerpt":{"rendered":"<p>Die Insect Shield\u00ae Outdoor-Decke ist eine Polyesterdecke, die mit dem Wirkstoff Permethrin behandelt ist und so einen optimalen Insektenschutz f\u00fcr Mensch und Tier bietet. Der unsichtbare und geruchlose Schutz wirkt gegen M\u00fccken, Zecken, Fliegen, Fl\u00f6he und Ameisen und h\u00e4lt mindestens 25 W\u00e4schen aus. Die mit Permethrin behandelte Decke ist f\u00fcr Mensch und Tier v\u00f6llig unbedenklich [&hellip;]<\/p>\n","protected":false},"featured_media":1441,"comment_status":"closed","ping_status":"open","template":"","meta":[],"product_cat":[15344],"product_tag":[],"class_list":{"0":"post-50161","1":"product","2":"type-product","3":"status-publish","4":"has-post-thumbnail","6":"product_cat-liegedecken-betten-koerbe-ungeziefer-schutzhundewelt","8":"first","9":"instock","10":"taxable","11":"shipping-taxable","12":"purchasable","13":"product-type-simple"},"_links":{"self":[{"href":"https:\/\/all-pets.de\/shop\/wp-json\/wp\/v2\/product\/50161","targetHints":{"allow":["GET"]}}],"collection":[{"href":"https:\/\/all-pets.de\/shop\/wp-json\/wp\/v2\/product"}],"about":[{"href":"https:\/\/all-pets.de\/shop\/wp-json\/wp\/v2\/types\/product"}],"replies":[{"embeddable":true,"href":"https:\/\/all-pets.de\/shop\/wp-json\/wp\/v2\/comments?post=50161"}],"wp:featuredmedia":[{"embeddable":true,"href":"https:\/\/all-pets.de\/shop\/wp-json\/wp\/v2\/media\/1441"}],"wp:attachment":[{"href":"https:\/\/all-pets.de\/shop\/wp-json\/wp\/v2\/media?parent=50161"}],"wp:term":[{"taxonomy":"product_cat","embeddable":true,"href":"https:\/\/all-pets.de\/shop\/wp-json\/wp\/v2\/product_cat?post=50161"},{"taxonomy":"product_tag","embeddable":true,"href":"https:\/\/all-pets.de\/shop\/wp-json\/wp\/v2\/product_tag?post=50161"}],"curies":[{"name":"wp","href":"https:\/\/api.w.org\/{rel}","templated":true}]}}