{"id":50167,"date":"2023-12-12T12:34:02","date_gmt":"2023-12-12T11:34:02","guid":{"rendered":"https:\/\/pet-shopping.de\/shop\/produkt\/karlie-flamingo-kuehlbandana-fresk-m-25-45-cm\/"},"modified":"2023-12-12T12:34:03","modified_gmt":"2023-12-12T11:34:03","slug":"karlie-flamingo-kuehlbandana-fresk-m-25-45-cm","status":"publish","type":"product","link":"https:\/\/all-pets.de\/shop\/produkt\/karlie-flamingo-kuehlbandana-fresk-m-25-45-cm\/","title":{"rendered":"Karlie Flamingo K\u00fchlbandana Fresk &#8211; M (25 &#8211; 45 cm)"},"content":{"rendered":"<p>K\u00fchlhalsband ohne Wasser und K\u00fchlung.<\/p>\n<p>Die praktische K\u00fchlbandana sollte man im Sommer immer dabei haben! Schnell k\u00fchlt sie angenehm und ganz von alleine durch ihre Gelf\u00fcllung, die ungiftig und angenehm weich ist. Falls die K\u00fchlwirkung nachl\u00e4sst, braucht die das K\u00fchlhalsband nur an einen k\u00fchlen Ort wie Schatten oder Fliesenboden gelegt zu werden. Sie erholt sich nach kurzer Zeit um wieder neu k\u00fchlen zu k\u00f6nnen. Je k\u00fchler der Ort, um so schneller ist es wieder fit!<\/p>\n<p>Die Bandana k\u00fchlt mit angenehmen 3 &#8211; 4\u00b0C unter K\u00f6rpertemperatur und ist beliebig oft wiederverwendbar und sofort einsatzbereit. Das Cooling Gel aktiviert, wenn es Druck f\u00fchlt (kein K\u00fchlschrank ben\u00f6tigt). Nach Abnahme, wird das Gel wieder kalt (nach ca. 15 Minuten).<\/p>\n<p>Gr\u00f6\u00dfe M hat eine verstellbare L\u00e4nge von ca. 25 bis 45 cm.<\/p>\n","protected":false},"excerpt":{"rendered":"<p>K\u00fchlhalsband ohne Wasser und K\u00fchlung. Die praktische K\u00fchlbandana sollte man im Sommer immer dabei haben! Schnell k\u00fchlt sie angenehm und ganz von alleine durch ihre Gelf\u00fcllung, die ungiftig und angenehm weich ist. Falls die K\u00fchlwirkung nachl\u00e4sst, braucht die das K\u00fchlhalsband nur an einen k\u00fchlen Ort wie Schatten oder Fliesenboden gelegt zu werden. Sie erholt sich [&hellip;]<\/p>\n","protected":false},"featured_media":1489,"comment_status":"closed","ping_status":"open","template":"","meta":[],"product_cat":[15345],"product_tag":[],"class_list":{"0":"post-50167","1":"product","2":"type-product","3":"status-publish","4":"has-post-thumbnail","6":"product_cat-funktions-kleidung-hundebekleidung-funktions-kleidunghundewelt-unterwegs-weitere-halsbaenderhundewelt","8":"first","9":"instock","10":"taxable","11":"shipping-taxable","12":"purchasable","13":"product-type-simple"},"_links":{"self":[{"href":"https:\/\/all-pets.de\/shop\/wp-json\/wp\/v2\/product\/50167","targetHints":{"allow":["GET"]}}],"collection":[{"href":"https:\/\/all-pets.de\/shop\/wp-json\/wp\/v2\/product"}],"about":[{"href":"https:\/\/all-pets.de\/shop\/wp-json\/wp\/v2\/types\/product"}],"replies":[{"embeddable":true,"href":"https:\/\/all-pets.de\/shop\/wp-json\/wp\/v2\/comments?post=50167"}],"wp:featuredmedia":[{"embeddable":true,"href":"https:\/\/all-pets.de\/shop\/wp-json\/wp\/v2\/media\/1489"}],"wp:attachment":[{"href":"https:\/\/all-pets.de\/shop\/wp-json\/wp\/v2\/media?parent=50167"}],"wp:term":[{"taxonomy":"product_cat","embeddable":true,"href":"https:\/\/all-pets.de\/shop\/wp-json\/wp\/v2\/product_cat?post=50167"},{"taxonomy":"product_tag","embeddable":true,"href":"https:\/\/all-pets.de\/shop\/wp-json\/wp\/v2\/product_tag?post=50167"}],"curies":[{"name":"wp","href":"https:\/\/api.w.org\/{rel}","templated":true}]}}