{"id":50172,"date":"2023-12-12T12:34:04","date_gmt":"2023-12-12T11:34:04","guid":{"rendered":"https:\/\/pet-shopping.de\/shop\/produkt\/trixie-schutzsocke-aus-silikon-s\/"},"modified":"2023-12-12T12:34:04","modified_gmt":"2023-12-12T11:34:04","slug":"trixie-schutzsocke-aus-silikon-s","status":"publish","type":"product","link":"https:\/\/all-pets.de\/shop\/produkt\/trixie-schutzsocke-aus-silikon-s\/","title":{"rendered":"Trixie Schutzsocke aus Silikon &#8211; S"},"content":{"rendered":"<ul>\n<li> aus Silikon <\/li>\n<li>wasserabweisend <\/li>\n<li> h\u00e4lt Wunden und Verb\u00e4nde trocken und sauber<\/li>\n<li>flexibles Material erh\u00e4lt die Bewegungsfreiheit <\/li>\n<li> f\u00fcr Vorder- und Hinterl\u00e4ufe geeignet <\/li>\n<li> einfaches Anpassen durch Zuschneiden der L\u00e4nge und separate Klettb\u00e4nder <\/li>\n<li> Farbe: grau <\/li>\n<li>Gr\u00f6\u00dfe S f\u00fcr z. B.: Jack Russel Terrier (Breite x L\u00e4nge: ca. 6 x 30 cm)  <\/li>\n<li>Gr\u00f6\u00dfenbestimmung: Messen Sie am stehenden Hund die breiteste Stelle der Pfote (Verb\u00e4nde ber\u00fccksichtigen). Die Schutzsocke sollte ca. 1 cm breiter sein.<\/li>\n<\/ul>\n","protected":false},"excerpt":{"rendered":"<p>aus Silikon wasserabweisend h\u00e4lt Wunden und Verb\u00e4nde trocken und sauber flexibles Material erh\u00e4lt die Bewegungsfreiheit f\u00fcr Vorder- und Hinterl\u00e4ufe geeignet einfaches Anpassen durch Zuschneiden der L\u00e4nge und separate Klettb\u00e4nder Farbe: grau Gr\u00f6\u00dfe S f\u00fcr z. B.: Jack Russel Terrier (Breite x L\u00e4nge: ca. 6 x 30 cm) Gr\u00f6\u00dfenbestimmung: Messen Sie am stehenden Hund die breiteste [&hellip;]<\/p>\n","protected":false},"featured_media":1495,"comment_status":"closed","ping_status":"open","template":"","meta":[],"product_cat":[15346],"product_tag":[],"class_list":{"0":"post-50172","1":"product","2":"type-product","3":"status-publish","4":"has-post-thumbnail","6":"product_cat-hunde-apotheke-pflege-gesundheit-hundewelt","8":"first","9":"instock","10":"taxable","11":"shipping-taxable","12":"purchasable","13":"product-type-simple"},"_links":{"self":[{"href":"https:\/\/all-pets.de\/shop\/wp-json\/wp\/v2\/product\/50172","targetHints":{"allow":["GET"]}}],"collection":[{"href":"https:\/\/all-pets.de\/shop\/wp-json\/wp\/v2\/product"}],"about":[{"href":"https:\/\/all-pets.de\/shop\/wp-json\/wp\/v2\/types\/product"}],"replies":[{"embeddable":true,"href":"https:\/\/all-pets.de\/shop\/wp-json\/wp\/v2\/comments?post=50172"}],"wp:featuredmedia":[{"embeddable":true,"href":"https:\/\/all-pets.de\/shop\/wp-json\/wp\/v2\/media\/1495"}],"wp:attachment":[{"href":"https:\/\/all-pets.de\/shop\/wp-json\/wp\/v2\/media?parent=50172"}],"wp:term":[{"taxonomy":"product_cat","embeddable":true,"href":"https:\/\/all-pets.de\/shop\/wp-json\/wp\/v2\/product_cat?post=50172"},{"taxonomy":"product_tag","embeddable":true,"href":"https:\/\/all-pets.de\/shop\/wp-json\/wp\/v2\/product_tag?post=50172"}],"curies":[{"name":"wp","href":"https:\/\/api.w.org\/{rel}","templated":true}]}}