{"id":50173,"date":"2023-12-12T12:34:04","date_gmt":"2023-12-12T11:34:04","guid":{"rendered":"https:\/\/pet-shopping.de\/shop\/produkt\/karlie-flamingo-professional-2-in-1-buerste-klein\/"},"modified":"2023-12-12T12:34:05","modified_gmt":"2023-12-12T11:34:05","slug":"karlie-flamingo-professional-2-in-1-buerste-klein","status":"publish","type":"product","link":"https:\/\/all-pets.de\/shop\/produkt\/karlie-flamingo-professional-2-in-1-buerste-klein\/","title":{"rendered":"Karlie Flamingo Professional 2 in 1-B\u00fcrste &#8211; Klein"},"content":{"rendered":"<p>Die Professional 2 in 1-B\u00fcrste von Karlie Flamingo ist auf der Vorderseite mit Borsten und auf der R\u00fcckseite mit Stiften best\u00fcckt. Die Borstenb\u00fcrste verleiht dem Fell Ihres Hundes ein strahlend gl\u00e4nzendes Aussehen, die Stiftb\u00fcrste eignet sich ideal zum Entwirren des Fells. Die B\u00fcrste ist mit einem ergonomisch geformten Anti-Rutsch- Softgriff ausgestattet und ist somit das ideale Equipment, um bei Ihrem Hund f\u00fcr eine optimale Fellpflege zu sorgen.<\/p>\n<p>Gr\u00f6\u00dfe: ca. 21 x 6 x 6 cm (LxBxH)<br \/> Gewicht: ca. 104 g<br \/> Farbe: rot-schwarz<\/p>\n","protected":false},"excerpt":{"rendered":"<p>Die Professional 2 in 1-B\u00fcrste von Karlie Flamingo ist auf der Vorderseite mit Borsten und auf der R\u00fcckseite mit Stiften best\u00fcckt. Die Borstenb\u00fcrste verleiht dem Fell Ihres Hundes ein strahlend gl\u00e4nzendes Aussehen, die Stiftb\u00fcrste eignet sich ideal zum Entwirren des Fells. Die B\u00fcrste ist mit einem ergonomisch geformten Anti-Rutsch- Softgriff ausgestattet und ist somit das [&hellip;]<\/p>\n","protected":false},"featured_media":1504,"comment_status":"closed","ping_status":"open","template":"","meta":[],"product_cat":[14112],"product_tag":[],"class_list":{"0":"post-50173","1":"product","2":"type-product","3":"status-publish","4":"has-post-thumbnail","6":"product_cat-hundebuersten-striegel-fellpflege-pflege-gesundheit-hundewelt","8":"first","9":"instock","10":"taxable","11":"shipping-taxable","12":"purchasable","13":"product-type-simple"},"_links":{"self":[{"href":"https:\/\/all-pets.de\/shop\/wp-json\/wp\/v2\/product\/50173","targetHints":{"allow":["GET"]}}],"collection":[{"href":"https:\/\/all-pets.de\/shop\/wp-json\/wp\/v2\/product"}],"about":[{"href":"https:\/\/all-pets.de\/shop\/wp-json\/wp\/v2\/types\/product"}],"replies":[{"embeddable":true,"href":"https:\/\/all-pets.de\/shop\/wp-json\/wp\/v2\/comments?post=50173"}],"wp:featuredmedia":[{"embeddable":true,"href":"https:\/\/all-pets.de\/shop\/wp-json\/wp\/v2\/media\/1504"}],"wp:attachment":[{"href":"https:\/\/all-pets.de\/shop\/wp-json\/wp\/v2\/media?parent=50173"}],"wp:term":[{"taxonomy":"product_cat","embeddable":true,"href":"https:\/\/all-pets.de\/shop\/wp-json\/wp\/v2\/product_cat?post=50173"},{"taxonomy":"product_tag","embeddable":true,"href":"https:\/\/all-pets.de\/shop\/wp-json\/wp\/v2\/product_tag?post=50173"}],"curies":[{"name":"wp","href":"https:\/\/api.w.org\/{rel}","templated":true}]}}