{"id":50178,"date":"2023-12-12T12:34:04","date_gmt":"2023-12-12T11:34:04","guid":{"rendered":"https:\/\/pet-shopping.de\/shop\/produkt\/karlie-safety-light-blinkendes-sicherheitshalsband-l\/"},"modified":"2023-12-12T12:34:05","modified_gmt":"2023-12-12T11:34:05","slug":"karlie-safety-light-blinkendes-sicherheitshalsband-l","status":"publish","type":"product","link":"https:\/\/all-pets.de\/shop\/produkt\/karlie-safety-light-blinkendes-sicherheitshalsband-l\/","title":{"rendered":"Karlie Safety Light &#8211; blinkendes Sicherheitshalsband &#8211; L"},"content":{"rendered":"<p>Mit dem blinkenden Sicherheits-Leuchthalsband Safety Light sind Sie und Ihr Vierbeiner auf der sicheren Seite!<\/p>\n<p>Superhell blinkendes Halsband, bis ca. 400 m weit sichtbar. Reflektierende Oberseite, Unterseite aus hautfreundlichem Nylonmaterial. Inklusive Batterie, sofort einsatzbereit, superleicht. <\/p>\n<p>Gr\u00f6\u00dfe L:<br \/> Gesamtl\u00e4nge des Halsbandes: 55 cm<br \/> Breite: 25 mm<\/p>\n","protected":false},"excerpt":{"rendered":"<p>Mit dem blinkenden Sicherheits-Leuchthalsband Safety Light sind Sie und Ihr Vierbeiner auf der sicheren Seite! Superhell blinkendes Halsband, bis ca. 400 m weit sichtbar. Reflektierende Oberseite, Unterseite aus hautfreundlichem Nylonmaterial. Inklusive Batterie, sofort einsatzbereit, superleicht. Gr\u00f6\u00dfe L: Gesamtl\u00e4nge des Halsbandes: 55 cm Breite: 25 mm<\/p>\n","protected":false},"featured_media":1661,"comment_status":"closed","ping_status":"open","template":"","meta":[],"product_cat":[15348],"product_tag":[],"class_list":{"0":"post-50178","1":"product","2":"type-product","3":"status-publish","4":"has-post-thumbnail","6":"product_cat-nylonhalsbaender-halsbaender-halsbaender-leinen-reflektierendhundewelt-halsbaender-leinen-sicherheithundewelt","8":"first","9":"instock","10":"taxable","11":"shipping-taxable","12":"purchasable","13":"product-type-simple"},"_links":{"self":[{"href":"https:\/\/all-pets.de\/shop\/wp-json\/wp\/v2\/product\/50178","targetHints":{"allow":["GET"]}}],"collection":[{"href":"https:\/\/all-pets.de\/shop\/wp-json\/wp\/v2\/product"}],"about":[{"href":"https:\/\/all-pets.de\/shop\/wp-json\/wp\/v2\/types\/product"}],"replies":[{"embeddable":true,"href":"https:\/\/all-pets.de\/shop\/wp-json\/wp\/v2\/comments?post=50178"}],"wp:featuredmedia":[{"embeddable":true,"href":"https:\/\/all-pets.de\/shop\/wp-json\/wp\/v2\/media\/1661"}],"wp:attachment":[{"href":"https:\/\/all-pets.de\/shop\/wp-json\/wp\/v2\/media?parent=50178"}],"wp:term":[{"taxonomy":"product_cat","embeddable":true,"href":"https:\/\/all-pets.de\/shop\/wp-json\/wp\/v2\/product_cat?post=50178"},{"taxonomy":"product_tag","embeddable":true,"href":"https:\/\/all-pets.de\/shop\/wp-json\/wp\/v2\/product_tag?post=50178"}],"curies":[{"name":"wp","href":"https:\/\/api.w.org\/{rel}","templated":true}]}}