{"id":50179,"date":"2023-12-12T12:34:04","date_gmt":"2023-12-12T11:34:04","guid":{"rendered":"https:\/\/pet-shopping.de\/shop\/produkt\/trixie-be-nordic-keramiknapf-fuer-katzen-schwarz\/"},"modified":"2023-12-12T12:34:05","modified_gmt":"2023-12-12T11:34:05","slug":"trixie-be-nordic-keramiknapf-fuer-katzen-schwarz","status":"publish","type":"product","link":"https:\/\/all-pets.de\/shop\/produkt\/trixie-be-nordic-keramiknapf-fuer-katzen-schwarz\/","title":{"rendered":"Trixie BE NORDIC Keramiknapf f\u00fcr Katzen &#8211; schwarz"},"content":{"rendered":"<div class=\"mb-3 row\">\n<div class=\"col\">\n<div class=\"description\">\n<ul>\n<li>f\u00fcr Katzen<\/li>\n<li>flache Ausf\u00fchrung<\/li>\n<li>rutschfest durch Gummiring<\/li>\n<li>sp\u00fclmaschinengeeignet (vor dem Sp\u00fclgang bitte Gummielemente entfernen)<\/li>\n<li>Ma\u00dfe: ca. 0,3 l\/\u00f8 16 cm<\/li>\n<li>Farbe: schwarz<\/li>\n<\/ul>\n<p>Aus dem Verkauf der Serie unterst\u00fctzt TRIXIE Meeresschutzprojekte und leistet damit einen Beitrag zum Natur- und Artenschutz.<\/p>\n<\/div>\n<\/div>\n<\/div>\n","protected":false},"excerpt":{"rendered":"<p>f\u00fcr Katzen flache Ausf\u00fchrung rutschfest durch Gummiring sp\u00fclmaschinengeeignet (vor dem Sp\u00fclgang bitte Gummielemente entfernen) Ma\u00dfe: ca. 0,3 l\/\u00f8 16 cm Farbe: schwarz Aus dem Verkauf der Serie unterst\u00fctzt TRIXIE Meeresschutzprojekte und leistet damit einen Beitrag zum Natur- und Artenschutz.<\/p>\n","protected":false},"featured_media":50180,"comment_status":"closed","ping_status":"open","template":"","meta":[],"product_cat":[15281],"product_tag":[],"class_list":{"0":"post-50179","1":"product","2":"type-product","3":"status-publish","4":"has-post-thumbnail","6":"product_cat-neue-katzenartikel-futter-wassernaepfekatzenwelt-katzennaepfe-traenken","8":"first","9":"instock","10":"taxable","11":"shipping-taxable","12":"purchasable","13":"product-type-simple"},"_links":{"self":[{"href":"https:\/\/all-pets.de\/shop\/wp-json\/wp\/v2\/product\/50179","targetHints":{"allow":["GET"]}}],"collection":[{"href":"https:\/\/all-pets.de\/shop\/wp-json\/wp\/v2\/product"}],"about":[{"href":"https:\/\/all-pets.de\/shop\/wp-json\/wp\/v2\/types\/product"}],"replies":[{"embeddable":true,"href":"https:\/\/all-pets.de\/shop\/wp-json\/wp\/v2\/comments?post=50179"}],"wp:featuredmedia":[{"embeddable":true,"href":"https:\/\/all-pets.de\/shop\/wp-json\/wp\/v2\/media\/50180"}],"wp:attachment":[{"href":"https:\/\/all-pets.de\/shop\/wp-json\/wp\/v2\/media?parent=50179"}],"wp:term":[{"taxonomy":"product_cat","embeddable":true,"href":"https:\/\/all-pets.de\/shop\/wp-json\/wp\/v2\/product_cat?post=50179"},{"taxonomy":"product_tag","embeddable":true,"href":"https:\/\/all-pets.de\/shop\/wp-json\/wp\/v2\/product_tag?post=50179"}],"curies":[{"name":"wp","href":"https:\/\/api.w.org\/{rel}","templated":true}]}}