{"id":50183,"date":"2023-12-12T12:34:06","date_gmt":"2023-12-12T11:34:06","guid":{"rendered":"https:\/\/pet-shopping.de\/shop\/produkt\/karlie-asp-halsband-mit-zugentlastung-doubliert-grau-schwarz-65cm-40mm\/"},"modified":"2023-12-12T12:34:07","modified_gmt":"2023-12-12T11:34:07","slug":"karlie-asp-halsband-mit-zugentlastung-doubliert-grau-schwarz-65cm-40mm","status":"publish","type":"product","link":"https:\/\/all-pets.de\/shop\/produkt\/karlie-asp-halsband-mit-zugentlastung-doubliert-grau-schwarz-65cm-40mm\/","title":{"rendered":"Karlie ASP Halsband mit Zugentlastung, doubliert &#8211; Grau\/Schwarz &#8211; 65cm\/40mm"},"content":{"rendered":"<p>Doubliertes und dadurch besonders strapazierf\u00e4higes Halsband aus weichem und stabilem Nylonmaterial. Das Obermaterial ist grau mit schwarzer Unterlegung. Das Halsband ist mit einer Zugentlastung und verchromten Beschl\u00e4gen ausgestattet. Zu diesem Halsband gibt es farblich passende Leinen und F\u00fchrleinen in gleicher Qualit\u00e4t.<\/p>\n<p>Art Sportiv Plus ist eine Kollektion aus weichem, strapazierf\u00e4higem Nylonmaterial. Hochwertige Verarbeitung, stabile, verchromte Beschl\u00e4ge, hautsympathisches Nylon, verschwei\u00dfte Sicherheitsn\u00e4hte, extreme Rei\u00dffestigkeit und eine lange Lebensdauer zeichnen diese Produkte aus. Alle Halsb\u00e4nder verf\u00fcgen \u00fcber Zugentlastung, dadurch wird der Zug von der Schnalle weggenommen. Diese Kollektion ist zeitlos und geh\u00f6rt einfach zur Grundausstattung. <\/p>\n<p>Gesamtl\u00e4nge: 65 cm<br \/> Breite: 40 mm<\/p>\n","protected":false},"excerpt":{"rendered":"<p>Doubliertes und dadurch besonders strapazierf\u00e4higes Halsband aus weichem und stabilem Nylonmaterial. Das Obermaterial ist grau mit schwarzer Unterlegung. Das Halsband ist mit einer Zugentlastung und verchromten Beschl\u00e4gen ausgestattet. Zu diesem Halsband gibt es farblich passende Leinen und F\u00fchrleinen in gleicher Qualit\u00e4t. Art Sportiv Plus ist eine Kollektion aus weichem, strapazierf\u00e4higem Nylonmaterial. Hochwertige Verarbeitung, stabile, verchromte [&hellip;]<\/p>\n","protected":false},"featured_media":1699,"comment_status":"closed","ping_status":"open","template":"","meta":[],"product_cat":[14584],"product_tag":[],"class_list":{"0":"post-50183","1":"product","2":"type-product","3":"status-publish","4":"has-post-thumbnail","6":"product_cat-nylonhalsbaender","8":"first","9":"instock","10":"taxable","11":"shipping-taxable","12":"purchasable","13":"product-type-simple"},"_links":{"self":[{"href":"https:\/\/all-pets.de\/shop\/wp-json\/wp\/v2\/product\/50183","targetHints":{"allow":["GET"]}}],"collection":[{"href":"https:\/\/all-pets.de\/shop\/wp-json\/wp\/v2\/product"}],"about":[{"href":"https:\/\/all-pets.de\/shop\/wp-json\/wp\/v2\/types\/product"}],"replies":[{"embeddable":true,"href":"https:\/\/all-pets.de\/shop\/wp-json\/wp\/v2\/comments?post=50183"}],"wp:featuredmedia":[{"embeddable":true,"href":"https:\/\/all-pets.de\/shop\/wp-json\/wp\/v2\/media\/1699"}],"wp:attachment":[{"href":"https:\/\/all-pets.de\/shop\/wp-json\/wp\/v2\/media?parent=50183"}],"wp:term":[{"taxonomy":"product_cat","embeddable":true,"href":"https:\/\/all-pets.de\/shop\/wp-json\/wp\/v2\/product_cat?post=50183"},{"taxonomy":"product_tag","embeddable":true,"href":"https:\/\/all-pets.de\/shop\/wp-json\/wp\/v2\/product_tag?post=50183"}],"curies":[{"name":"wp","href":"https:\/\/api.w.org\/{rel}","templated":true}]}}