{"id":50187,"date":"2023-12-12T12:34:06","date_gmt":"2023-12-12T11:34:06","guid":{"rendered":"https:\/\/pet-shopping.de\/shop\/produkt\/procyon-kuehl-bandana-fuer-hunde-m\/"},"modified":"2023-12-12T12:34:07","modified_gmt":"2023-12-12T11:34:07","slug":"procyon-kuehl-bandana-fuer-hunde-m","status":"publish","type":"product","link":"https:\/\/all-pets.de\/shop\/produkt\/procyon-kuehl-bandana-fuer-hunde-m\/","title":{"rendered":"PROCYON K\u00fchl-Bandana f\u00fcr Hunde &#8211; M"},"content":{"rendered":"<p>K\u00fchl-Bandana zur Unterst\u00fctzung der Temperaturregulation des Hundes.<br \/> Ohne Vork\u00fchlen sofort einsetzbar!<br \/> K\u00e4lte wird durch den direkten Kontakt \u00fcbertragen.<br \/> Das K\u00fchlhalsband h\u00e4lt seine Temperatur \u00fcber mehrere Stunden bei angenehmen 5-10\u00b0C unter Umgebungstemperatur.<br \/> Bei Bedarf kann das Band im K\u00fchlschrank vorgek\u00fchlt werden.<\/p>\n<p>Eingebautes Gel Pad, hergestellt aus umweltfreundlichem, ungiftigem Kondensat und gereinigtem Wasser.<\/p>\n<p>Gr\u00f6\u00dfe M: ca. 30 &#8211; 35 cm Halsumfang<\/p>\n","protected":false},"excerpt":{"rendered":"<p>K\u00fchl-Bandana zur Unterst\u00fctzung der Temperaturregulation des Hundes. Ohne Vork\u00fchlen sofort einsetzbar! K\u00e4lte wird durch den direkten Kontakt \u00fcbertragen. Das K\u00fchlhalsband h\u00e4lt seine Temperatur \u00fcber mehrere Stunden bei angenehmen 5-10\u00b0C unter Umgebungstemperatur. Bei Bedarf kann das Band im K\u00fchlschrank vorgek\u00fchlt werden. Eingebautes Gel Pad, hergestellt aus umweltfreundlichem, ungiftigem Kondensat und gereinigtem Wasser. Gr\u00f6\u00dfe M: ca. 30 [&hellip;]<\/p>\n","protected":false},"featured_media":2402,"comment_status":"closed","ping_status":"open","template":"","meta":[],"product_cat":[15355],"product_tag":[],"class_list":{"0":"post-50187","1":"product","2":"type-product","3":"status-publish","4":"has-post-thumbnail","6":"product_cat-weitere-halsbaender-halsbaender-halsbaender-leinen-funktions-kleidunghundewelt-hundebekleidung-funktions-kleidunghundewelt-unterwegs-kuehlmattenhundewelt-betten-koerbe","8":"first","9":"instock","10":"taxable","11":"shipping-taxable","12":"purchasable","13":"product-type-simple"},"_links":{"self":[{"href":"https:\/\/all-pets.de\/shop\/wp-json\/wp\/v2\/product\/50187","targetHints":{"allow":["GET"]}}],"collection":[{"href":"https:\/\/all-pets.de\/shop\/wp-json\/wp\/v2\/product"}],"about":[{"href":"https:\/\/all-pets.de\/shop\/wp-json\/wp\/v2\/types\/product"}],"replies":[{"embeddable":true,"href":"https:\/\/all-pets.de\/shop\/wp-json\/wp\/v2\/comments?post=50187"}],"wp:featuredmedia":[{"embeddable":true,"href":"https:\/\/all-pets.de\/shop\/wp-json\/wp\/v2\/media\/2402"}],"wp:attachment":[{"href":"https:\/\/all-pets.de\/shop\/wp-json\/wp\/v2\/media?parent=50187"}],"wp:term":[{"taxonomy":"product_cat","embeddable":true,"href":"https:\/\/all-pets.de\/shop\/wp-json\/wp\/v2\/product_cat?post=50187"},{"taxonomy":"product_tag","embeddable":true,"href":"https:\/\/all-pets.de\/shop\/wp-json\/wp\/v2\/product_tag?post=50187"}],"curies":[{"name":"wp","href":"https:\/\/api.w.org\/{rel}","templated":true}]}}