{"id":50191,"date":"2023-12-12T12:34:06","date_gmt":"2023-12-12T11:34:06","guid":{"rendered":"https:\/\/pet-shopping.de\/shop\/produkt\/trixie-be-eco-kissen-danilo-100-x-70-cm\/"},"modified":"2023-12-12T12:34:08","modified_gmt":"2023-12-12T11:34:08","slug":"trixie-be-eco-kissen-danilo-100-x-70-cm","status":"publish","type":"product","link":"https:\/\/all-pets.de\/shop\/produkt\/trixie-be-eco-kissen-danilo-100-x-70-cm\/","title":{"rendered":"Trixie Be Eco Kissen Danilo &#8211; 100 x 70 cm"},"content":{"rendered":"<ul>\n<li>besonders nachhaltig durch recycelte Materialien<\/li>\n<li>Canvas<\/li>\n<li>Baumwoll-Bezug<\/li>\n<li>Polyestervlies-F\u00fcllung<\/li>\n<li>rutschfester Boden<\/li>\n<li>Farbe: Grau<\/li>\n<li>Gr\u00f6\u00dfe: ca. 100 x 70 cm<\/li>\n<\/ul>\n","protected":false},"excerpt":{"rendered":"<p>besonders nachhaltig durch recycelte Materialien Canvas Baumwoll-Bezug Polyestervlies-F\u00fcllung rutschfester Boden Farbe: Grau Gr\u00f6\u00dfe: ca. 100 x 70 cm<\/p>\n","protected":false},"featured_media":2434,"comment_status":"closed","ping_status":"open","template":"","meta":[],"product_cat":[15357],"product_tag":[],"class_list":{"0":"post-50191","1":"product","2":"type-product","3":"status-publish","4":"has-post-thumbnail","6":"product_cat-nachhaltige-hundebetten","8":"first","9":"instock","10":"taxable","11":"shipping-taxable","12":"purchasable","13":"product-type-simple"},"_links":{"self":[{"href":"https:\/\/all-pets.de\/shop\/wp-json\/wp\/v2\/product\/50191","targetHints":{"allow":["GET"]}}],"collection":[{"href":"https:\/\/all-pets.de\/shop\/wp-json\/wp\/v2\/product"}],"about":[{"href":"https:\/\/all-pets.de\/shop\/wp-json\/wp\/v2\/types\/product"}],"replies":[{"embeddable":true,"href":"https:\/\/all-pets.de\/shop\/wp-json\/wp\/v2\/comments?post=50191"}],"wp:featuredmedia":[{"embeddable":true,"href":"https:\/\/all-pets.de\/shop\/wp-json\/wp\/v2\/media\/2434"}],"wp:attachment":[{"href":"https:\/\/all-pets.de\/shop\/wp-json\/wp\/v2\/media?parent=50191"}],"wp:term":[{"taxonomy":"product_cat","embeddable":true,"href":"https:\/\/all-pets.de\/shop\/wp-json\/wp\/v2\/product_cat?post=50191"},{"taxonomy":"product_tag","embeddable":true,"href":"https:\/\/all-pets.de\/shop\/wp-json\/wp\/v2\/product_tag?post=50191"}],"curies":[{"name":"wp","href":"https:\/\/api.w.org\/{rel}","templated":true}]}}