{"id":50192,"date":"2023-12-12T12:34:09","date_gmt":"2023-12-12T11:34:09","guid":{"rendered":"https:\/\/pet-shopping.de\/shop\/produkt\/trixie-premium-y-geschirr-orchidee-95-120-cm-25-mm\/"},"modified":"2023-12-12T12:34:09","modified_gmt":"2023-12-12T11:34:09","slug":"trixie-premium-y-geschirr-orchidee-95-120-cm-25-mm","status":"publish","type":"product","link":"https:\/\/all-pets.de\/shop\/produkt\/trixie-premium-y-geschirr-orchidee-95-120-cm-25-mm\/","title":{"rendered":"Trixie Premium Y-Geschirr &#8211; orchidee &#8211; 95-120 cm\/25 mm"},"content":{"rendered":"<ul>\n<li>Gurtband<\/li>\n<li>optimale Druckverteilung durch breites Brustpolster<\/li>\n<li>Bruststeg und Bauchgurt stufenlos verstellbar<\/li>\n<li>neoprengepolstert<\/li>\n<li>zus\u00e4tzlicher Anleinring und reflektierende Elemente im Brustbereich<\/li>\n<li>Farbe: orchidee<\/li>\n<li>Gr\u00f6\u00dfe: XL-XXL<\/li>\n<li>Bauchumfang: ca. 95-120 cm<\/li>\n<li>Materialbreite: ca. 25 mm<\/li>\n<\/ul>\n","protected":false},"excerpt":{"rendered":"<p>Gurtband optimale Druckverteilung durch breites Brustpolster Bruststeg und Bauchgurt stufenlos verstellbar neoprengepolstert zus\u00e4tzlicher Anleinring und reflektierende Elemente im Brustbereich Farbe: orchidee Gr\u00f6\u00dfe: XL-XXL Bauchumfang: ca. 95-120 cm Materialbreite: ca. 25 mm<\/p>\n","protected":false},"featured_media":2455,"comment_status":"closed","ping_status":"open","template":"","meta":[],"product_cat":[13812],"product_tag":[],"class_list":{"0":"post-50192","1":"product","2":"type-product","3":"status-publish","4":"has-post-thumbnail","6":"product_cat-hundegeschirre","8":"first","9":"instock","10":"taxable","11":"shipping-taxable","12":"purchasable","13":"product-type-simple"},"_links":{"self":[{"href":"https:\/\/all-pets.de\/shop\/wp-json\/wp\/v2\/product\/50192","targetHints":{"allow":["GET"]}}],"collection":[{"href":"https:\/\/all-pets.de\/shop\/wp-json\/wp\/v2\/product"}],"about":[{"href":"https:\/\/all-pets.de\/shop\/wp-json\/wp\/v2\/types\/product"}],"replies":[{"embeddable":true,"href":"https:\/\/all-pets.de\/shop\/wp-json\/wp\/v2\/comments?post=50192"}],"wp:featuredmedia":[{"embeddable":true,"href":"https:\/\/all-pets.de\/shop\/wp-json\/wp\/v2\/media\/2455"}],"wp:attachment":[{"href":"https:\/\/all-pets.de\/shop\/wp-json\/wp\/v2\/media?parent=50192"}],"wp:term":[{"taxonomy":"product_cat","embeddable":true,"href":"https:\/\/all-pets.de\/shop\/wp-json\/wp\/v2\/product_cat?post=50192"},{"taxonomy":"product_tag","embeddable":true,"href":"https:\/\/all-pets.de\/shop\/wp-json\/wp\/v2\/product_tag?post=50192"}],"curies":[{"name":"wp","href":"https:\/\/api.w.org\/{rel}","templated":true}]}}